{"id":4477,"date":"2023-05-15T16:59:22","date_gmt":"2023-05-15T14:59:22","guid":{"rendered":"https:\/\/priroda-uvadi.cz\/beauty\/?post_type=product&#038;p=4477"},"modified":"2023-05-15T16:59:22","modified_gmt":"2023-05-15T14:59:22","slug":"cistici-peeling-proti-lupum-duologi","status":"publish","type":"product","link":"https:\/\/priroda-uvadi.cz\/beauty\/produkt\/cistici-peeling-proti-lupum-duologi\/","title":{"rendered":"\u010cistic\u00ed peeling proti lup\u016fm DUOLOGI"},"content":{"rendered":"<p><span style=\"font-family: arial, helvetica, sans-serif; color: #000000;\"><strong>O DUOLOGI<\/strong><\/span><\/p>\n<p><span style=\"font-family: arial, helvetica, sans-serif; color: #000000;\">Hybridn\u00ed p\u00e9\u010de o vlasy s vlastnostmi p\u00e9\u010de o ple\u0165 podporuje p\u00e9\u010di o poko\u017eku hlavy a cel\u00fd ritu\u00e1l si m\u016f\u017eete p\u0159izp\u016fsobit podle sv\u00fdch pot\u0159eb. Slo\u017een\u00ed s p\u0159\u00edsadami p\u00e9\u010de o ple\u0165 pro \u010di\u0161t\u011bn\u00ed, hydrataci a o\u0161et\u0159en\u00ed vlas\u016f. Najd\u011bte nejlep\u0161\u00ed vlasov\u00fd ritu\u00e1l pro sv\u016fj typ vlas\u016f! DUOLOGI chr\u00e1n\u00ed a posiluje vlasy p\u016fsoben\u00edm p\u0159\u00edmo na vlasov\u00e9 vl\u00e1kno a z\u00e1rove\u0148 udr\u017euje optim\u00e1ln\u00ed prost\u0159ed\u00ed vlasov\u00e9 poko\u017eky. Je \u010das za\u010d\u00edt pe\u010dovat o vlasy stejn\u011b jako o svou ple\u0165!<\/span><\/p>\n<p><strong><span style=\"font-family: arial, helvetica, sans-serif; color: #000000;\">POPIS<\/span><\/strong><\/p>\n<p><span style=\"font-family: arial, helvetica, sans-serif; color: #000000;\">\u010cistic\u00ed peeling proti lup\u016fm je detoxika\u010dn\u00ed peeling s dvoj\u00edm \u00fa\u010dinkem pro hloubkovou exfoliaci poko\u017eky hlavy, kter\u00fd ji nezbavuje p\u0159irozen\u00fdch olej\u016f, zato odstra\u0148uje nahromad\u011bn\u00e9 ne\u010distoty a tak podporuje zdrav\u00fd vzhled vlas\u016f.<\/span><\/p>\n<p><span style=\"font-family: arial, helvetica, sans-serif; color: #000000;\">Kyselina salicylov\u00e1, p\u0159\u00edsada zn\u00e1m\u00e1 z p\u00e9\u010de o ple\u0165, pom\u00e1h\u00e1 c\u00edlit na z\u00e1kladn\u00ed p\u0159\u00ed\u010dinu a \u0161etrn\u011b odstra\u0148uje odum\u0159el\u00e9 ko\u017en\u00ed bu\u0148ky z povrchu poko\u017eky hlavy, \u010d\u00edm\u017e ji okam\u017eit\u011b osv\u011b\u017e\u00ed a redukuje mno\u017estv\u00ed lup\u016f.<\/span><\/p>\n<p><span style=\"font-family: arial, helvetica, sans-serif; color: #000000;\"><strong>Okam\u017eit\u011b, ji\u017e b\u011bhem 1 pou\u017eit\u00ed, redukuje mno\u017estv\u00ed lup\u016f<sup>\u2206<\/sup><\/strong><\/span><br \/>\n<span style=\"font-family: arial, helvetica, sans-serif; color: #000000;\"><strong>Klinicky prok\u00e1zan\u00e1 redukce lup\u016f u 100 % \u00fa\u010dastn\u00edk\u016f testov\u00e1n\u00ed<sup>\u2206<\/sup><sup>\u2206<\/sup><\/strong><\/span><\/p>\n<p><span style=\"font-family: arial, helvetica, sans-serif; color: #000000;\">V r\u00e1mci pravideln\u00e9 t\u00fddenn\u00ed detoxikace posiluje poko\u017eku hlavy i vlasy a pom\u00e1h\u00e1 jejich prost\u0159ed\u00ed znovu vyv\u00e1\u017eit.<\/span><\/p>\n<p><span style=\"font-family: arial, helvetica, sans-serif; color: #000000;\"><sup>\u2206\u00a0<\/sup>Klinicky testov\u00e1no<\/span><\/p>\n<p><strong><span style=\"font-family: arial, helvetica, sans-serif; color: #000000;\">POU\u017dIT\u00cd<\/span><\/strong><\/p>\n<p><span style=\"font-family: arial, helvetica, sans-serif; color: #000000;\">P\u0159\u00edpravek gelov\u00e9 konzistence vmas\u00edrujte do mokr\u00e9 poko\u017eky hlavy, za\u010dne se tvo\u0159it hebk\u00e1 peelingov\u00e1 p\u011bna, kter\u00e1 poko\u017eku do hloubky pro\u010dist\u00ed p\u0159ed pou\u017eit\u00edm \u0161amponu; tento krok by m\u011bl b\u00fdt sou\u010d\u00e1st\u00ed t\u00fddenn\u00ed p\u00e9\u010de \u2013 maxim\u00e1ln\u011b dvakr\u00e1t t\u00fddn\u011b.<\/span><\/p>\n<div class=\"product-detail-1ek59ni\">\n<p><span style=\"font-family: arial, helvetica, sans-serif;\">Obsahuje aktivn\u00ed p\u0159\u00edsady pro podporu vlas\u016f i poko\u017eky hlavy plus p\u0159\u00edsady zn\u00e1m\u00e9 z p\u00e9\u010de o ple\u0165 a \u010dist\u00ed, hydratuje a pe\u010duje o va\u0161e vlasy od ko\u0159\u00ednk\u016f.<\/span><\/p>\n<p><span style=\"font-family: arial, helvetica, sans-serif; color: #000000;\"><strong>Kyselina salicylov\u00e1<\/strong>\u00a0se zam\u011b\u0159uje na p\u0159\u00ed\u010dinu lup\u016f a pom\u00e1h\u00e1 z vn\u011bj\u0161\u00ed vrstvy poko\u017eky odstra\u0148ovat odum\u0159el\u00e9 ko\u017en\u00ed bu\u0148ky, eliminuje nahromad\u011bn\u00fd ko\u017en\u00ed maz a redukuje objem lup\u016f. \u0160etrn\u00fdm rozru\u0161en\u00edm a odstran\u011bn\u00edm odum\u0159el\u00fdch ko\u017en\u00edch bun\u011bk pom\u00e1h\u00e1 odhalit novou, sv\u011b\u017e\u00ed vrstvu poko\u017eky hlavy, sou\u010dasn\u011b vyva\u017euje mikrobiom poko\u017eky, pom\u00e1h\u00e1 udr\u017eet pot\u0159ebnou hydrataci a p\u0159edch\u00e1z\u00ed nep\u0159\u00edjemn\u00e9mu sv\u011bd\u011bn\u00ed.<\/span><\/p>\n<p><span style=\"font-family: arial, helvetica, sans-serif; color: #000000;\"><strong>Pemza a kuli\u010dky hydratovan\u00e9ho oxidu k\u0159emi\u010dit\u00e9ho\u00a0<\/strong>z poko\u017eky hlavy mechanicky odstra\u0148uj\u00ed odum\u0159el\u00e9 ko\u017en\u00ed bu\u0148ky, ne\u010distotu a nahromad\u011bn\u00e9 zbytky r\u016fzn\u00fdch p\u0159\u00edpravk\u016f, pom\u00e1haj\u00ed uvolnit p\u00f3ry a vyva\u017euj\u00ed produkci ko\u017en\u00edho mazu.<\/span><\/p>\n<p><span style=\"font-family: arial, helvetica, sans-serif; color: #000000;\"><strong>V\u0161echno, co chcete \u2013 a nic z toho, co nechcete.<\/strong><\/span><br \/>\n<span style=\"font-family: arial, helvetica, sans-serif; color: #000000;\">Na\u0161e \u00fa\u010dinn\u00e9 p\u0159\u00edpravky p\u00e9\u010de o vlasy bez obsahu oplachov\u00fdch paraben\u016f a silikon\u016f funguj\u00ed jako p\u00e9\u010de o ple\u0165 pro va\u0161e vlasy.<\/span><\/p>\n<p><span style=\"font-family: arial, helvetica, sans-serif; font-size: 10pt;\">&#8212;&#8212;&#8212;&#8212;&#8212;&#8212;&#8212;&#8212;&#8212;&#8212;&#8212;&#8212;&#8212;&#8212;&#8212;&#8212;&#8212;&#8212;&#8212;&#8212;&#8212;&#8212;&#8212;&#8212;&#8212;&#8212;&#8212;&#8212;&#8212;&#8212;&#8212;&#8212;&#8212;&#8212;&#8212;&#8212;&#8212;&#8212;&#8212;&#8212;&#8212;&#8212;&#8212;&#8212;&#8212;&#8212;&#8212;&#8212;&#8212;&#8212;-<\/span><\/p>\n<\/div>\n<div class=\"MuiBox-root product-detail-1a3hsxn\">\n<div><span style=\"font-family: arial, helvetica, sans-serif; font-size: 10pt;\">V\u0161echny slo\u017eky<\/span><\/div>\n<div><span style=\"font-family: arial, helvetica, sans-serif; font-size: 10pt;\">AQUA, SODIUM LAURETH SULFATE, COCAMIDOPROPYL BETAINE, GLYCERIN, HYDRATED SILICA, PUMICE, ACRYLATES COPOLYMER, CITRIC ACID, SODIUM CHLORIDE, SODIUM SALICYLATE, SODIUM HYDROXIDE, SALICYLIC ACID, SODIUM CITRATE, PARFUM, SODIUM BENZOATE, HEXYL CINNAMAL, LIMONENE, BENZYL SALICYLATE, LINALOOL<\/span><\/div>\n<\/div>\n","protected":false},"excerpt":{"rendered":"<div class=\"product-detail-v55igo\" data-testid=\"Presentation-product-detail-summary-info\"><span style=\"font-family: arial, helvetica, sans-serif; color: #000000;\">Detoxika\u010dn\u00ed peeling s dvoj\u00edm \u00fa\u010dinkem pro hloubkovou exfoliaci poko\u017eky hlavy ple\u0165 nezbavuje p\u0159irozen\u00fdch olej\u016f, zato odstra\u0148uje nahromad\u011bn\u00e9 ne\u010distoty a podporuje zdrav\u00fd vzhled vlas\u016f.<\/span><\/div>\n<div class=\"product-detail-1buwlw5\">\n<div class=\"product-detail-uyp0pw\">\n<ul>\n<li class=\"product-detail-bphipo\"><span style=\"font-family: arial, helvetica, sans-serif; color: #000000;\">Kyselina salicylov\u00e1 pom\u00e1h\u00e1 \u0161etrn\u011b odstranit odum\u0159el\u00e9 ko\u017en\u00ed bu\u0148ky, a tak osv\u011b\u017eit poko\u017eku hlavy a redukovat lupy<\/span><\/li>\n<li class=\"product-detail-bphipo\"><span style=\"font-family: arial, helvetica, sans-serif; color: #000000;\">V\u00fdznamn\u011b redukuje lupy ji\u017e po 1 pou\u017eit\u00ed \u2013 klinicky ov\u011b\u0159eno<\/span><\/li>\n<li class=\"product-detail-bphipo\"><span style=\"font-family: arial, helvetica, sans-serif; color: #000000;\">T\u00fddenn\u00ed detoxika\u010dn\u00ed ritu\u00e1l pro o\u017eiven\u00ed a vyv\u00e1\u017een\u00ed prost\u0159ed\u00ed poko\u017eky hlavy<\/span><\/li>\n<\/ul>\n<p><span style=\"font-family: arial, helvetica, sans-serif; color: #000000;\">75ml<\/span><\/p>\n<\/div>\n<\/div>\n","protected":false},"featured_media":4478,"comment_status":"closed","ping_status":"closed","template":"","meta":[],"pwb-brand":[27],"product_brand":[],"product_cat":[32],"product_tag":[],"class_list":{"0":"post-4477","1":"product","2":"type-product","3":"status-publish","4":"has-post-thumbnail","6":"pwb-brand-https-cz-oriflame-com-cataloguesstorebeautyobchod","7":"product_cat-pece-o-vlasy","9":"first","10":"instock","11":"taxable","12":"shipping-taxable","13":"purchasable","14":"product-type-simple"},"brands":[{"id":27,"name":"Oriflame","slug":"https-cz-oriflame-com-cataloguesstorebeautyobchod"}],"_links":{"self":[{"href":"https:\/\/priroda-uvadi.cz\/beauty\/wp-json\/wp\/v2\/product\/4477","targetHints":{"allow":["GET"]}}],"collection":[{"href":"https:\/\/priroda-uvadi.cz\/beauty\/wp-json\/wp\/v2\/product"}],"about":[{"href":"https:\/\/priroda-uvadi.cz\/beauty\/wp-json\/wp\/v2\/types\/product"}],"replies":[{"embeddable":true,"href":"https:\/\/priroda-uvadi.cz\/beauty\/wp-json\/wp\/v2\/comments?post=4477"}],"wp:featuredmedia":[{"embeddable":true,"href":"https:\/\/priroda-uvadi.cz\/beauty\/wp-json\/wp\/v2\/media\/4478"}],"wp:attachment":[{"href":"https:\/\/priroda-uvadi.cz\/beauty\/wp-json\/wp\/v2\/media?parent=4477"}],"wp:term":[{"taxonomy":"pwb-brand","embeddable":true,"href":"https:\/\/priroda-uvadi.cz\/beauty\/wp-json\/wp\/v2\/pwb-brand?post=4477"},{"taxonomy":"product_brand","embeddable":true,"href":"https:\/\/priroda-uvadi.cz\/beauty\/wp-json\/wp\/v2\/product_brand?post=4477"},{"taxonomy":"product_cat","embeddable":true,"href":"https:\/\/priroda-uvadi.cz\/beauty\/wp-json\/wp\/v2\/product_cat?post=4477"},{"taxonomy":"product_tag","embeddable":true,"href":"https:\/\/priroda-uvadi.cz\/beauty\/wp-json\/wp\/v2\/product_tag?post=4477"}],"curies":[{"name":"wp","href":"https:\/\/api.w.org\/{rel}","templated":true}]}}