{"id":4425,"date":"2023-04-27T17:09:46","date_gmt":"2023-04-27T15:09:46","guid":{"rendered":"https:\/\/priroda-uvadi.cz\/beauty\/?post_type=product&#038;p=4425"},"modified":"2025-02-11T14:19:52","modified_gmt":"2025-02-11T13:19:52","slug":"gelova-pletova-maska-s-bio-olejem-z-marakuji-love-nature","status":"publish","type":"product","link":"https:\/\/priroda-uvadi.cz\/beauty\/produkt\/gelova-pletova-maska-s-bio-olejem-z-marakuji-love-nature\/","title":{"rendered":"Gelov\u00e1 ple\u0165ov\u00e1 maska s bio olejem z marakuji Love Nature"},"content":{"rendered":"<div class=\"IngredientNames_ingredient-names__main__1lWAJ\"><span style=\"font-family: arial, helvetica, sans-serif; color: #000000;\">\u010cerven\u00e1 \u0159asa<\/span><\/div>\n<p><span style=\"font-family: arial, helvetica, sans-serif; color: #000000;\">Furcellaria lumbricalis je \u010derven\u011b zbarven\u00e1 \u0159asa, kter\u00e1 roste na kamenech v m\u011blk\u00fdch vod\u00e1ch a je velmi b\u011b\u017en\u00e1 na chladn\u00e9m seversk\u00e9m pob\u0159e\u017e\u00ed Skandin\u00e1vie. Tato odoln\u00e1 mo\u0159sk\u00e1 \u0159asa, zn\u00e1m\u00e1 tak\u00e9 jako Carrageen, Agar-Agar nebo \u201ekrab\u00ed postel\u201c d\u00edky sv\u00fdm vynikaj\u00edc\u00edm schopnostem rehydratace p\u0159e\u017eije i p\u0159i odlivu a p\u00edse\u010dn\u00fdch such\u00fdch podm\u00ednk\u00e1ch. \u010cerven\u00e1 \u0159asa m\u00e1 hygroskopick\u00e9 vlastnosti, co\u017e znamen\u00e1, \u017ee snadno p\u0159itahuje vodu a zadr\u017euje vlhkost; d\u00edky tomu je vynikaj\u00edc\u00ed p\u0159\u00edsadou pro obnovu, zjemn\u011bn\u00ed a revitalizaci poko\u017eky.<\/span><\/p>\n<hr \/>\n<p><span style=\"font-family: arial, helvetica, sans-serif; font-size: 10pt;\">V\u0161echny slo\u017eky<\/span><\/p>\n<p><span style=\"font-family: arial, helvetica, sans-serif; font-size: 10pt;\">AQUA, GLYCERIN, XANTHAN GUM, CHONDRUS CRISPUS EXTRACT, OLETH-20, CALCIUM CHLORIDE, 1,2-HEXANEDIOL, CAPRYLYL GLYCOL, SALICYLIC ACID, SODIUM HYDROXIDE, PASSIFLORA EDULIS SEED OIL, PHENOXYETHANOL, PARFUM, DISODIUM EDTA, CI 47005, CI 17200<\/span><\/p>\n","protected":false},"excerpt":{"rendered":"<p><span style=\"font-family: arial, helvetica, sans-serif; color: #000000;\">S bio z marakuji pro osv\u011b\u017een\u00ed a hydrataci \u017e\u00edzniv\u00e9 pleti.<\/span><\/p>\n<p><span style=\"font-family: arial, helvetica, sans-serif; color: #000000;\">Dop\u0159ejte si \u0161\u0165avnatou dobrotu z p\u0159\u00edrody s maskami Love Nature, kter\u00e9 b\u00e1je\u010dn\u011b osv\u011b\u017e\u00ed a prom\u011bn\u00ed va\u0161i suchou, mdlou nebo nam\u00e1hanou ple\u0165.\u00a0 10ml<\/span><\/p>\n<div class=\"woocommerce-product-details__short-description\">\n<div class=\"woocommerce-product-details__short-description\">\n<div class=\"woocommerce-product-details__short-description\">\n<div class=\"woocommerce-product-details__short-description\">\n<p><span style=\"font-family: arial, helvetica, sans-serif; font-size: 10pt;\">Nejni\u017e\u0161\u00ed cena platn\u00e1 ve 30 dnech p\u0159ed platnost\u00ed sou\u010dasn\u00e9 ceny byla 30 K\u010d<\/span><\/p>\n<\/div>\n<\/div>\n<\/div>\n<\/div>\n","protected":false},"featured_media":4426,"comment_status":"closed","ping_status":"closed","template":"","meta":[],"pwb-brand":[27],"product_brand":[91],"product_cat":[30,43],"product_tag":[],"class_list":{"0":"post-4425","1":"product","2":"type-product","3":"status-publish","4":"has-post-thumbnail","6":"pwb-brand-https-cz-oriflame-com-cataloguesstorebeautyobchod","7":"product_brand-oriflame","8":"product_cat-pece-o-plet","9":"product_cat-pletova-sera","11":"first","12":"instock","13":"sale","14":"taxable","15":"shipping-taxable","16":"purchasable","17":"product-type-simple"},"brands":[{"id":27,"name":"Oriflame","slug":"https-cz-oriflame-com-cataloguesstorebeautyobchod"}],"_links":{"self":[{"href":"https:\/\/priroda-uvadi.cz\/beauty\/wp-json\/wp\/v2\/product\/4425","targetHints":{"allow":["GET"]}}],"collection":[{"href":"https:\/\/priroda-uvadi.cz\/beauty\/wp-json\/wp\/v2\/product"}],"about":[{"href":"https:\/\/priroda-uvadi.cz\/beauty\/wp-json\/wp\/v2\/types\/product"}],"replies":[{"embeddable":true,"href":"https:\/\/priroda-uvadi.cz\/beauty\/wp-json\/wp\/v2\/comments?post=4425"}],"wp:featuredmedia":[{"embeddable":true,"href":"https:\/\/priroda-uvadi.cz\/beauty\/wp-json\/wp\/v2\/media\/4426"}],"wp:attachment":[{"href":"https:\/\/priroda-uvadi.cz\/beauty\/wp-json\/wp\/v2\/media?parent=4425"}],"wp:term":[{"taxonomy":"pwb-brand","embeddable":true,"href":"https:\/\/priroda-uvadi.cz\/beauty\/wp-json\/wp\/v2\/pwb-brand?post=4425"},{"taxonomy":"product_brand","embeddable":true,"href":"https:\/\/priroda-uvadi.cz\/beauty\/wp-json\/wp\/v2\/product_brand?post=4425"},{"taxonomy":"product_cat","embeddable":true,"href":"https:\/\/priroda-uvadi.cz\/beauty\/wp-json\/wp\/v2\/product_cat?post=4425"},{"taxonomy":"product_tag","embeddable":true,"href":"https:\/\/priroda-uvadi.cz\/beauty\/wp-json\/wp\/v2\/product_tag?post=4425"}],"curies":[{"name":"wp","href":"https:\/\/api.w.org\/{rel}","templated":true}]}}