{"id":4339,"date":"2023-03-23T15:34:20","date_gmt":"2023-03-23T14:34:20","guid":{"rendered":"https:\/\/priroda-uvadi.cz\/beauty\/?post_type=product&#038;p=4339"},"modified":"2025-01-14T16:18:53","modified_gmt":"2025-01-14T15:18:53","slug":"omlazujici-ritual-pro-problematickou-plet-blemish-age-defy-novage","status":"publish","type":"product","link":"https:\/\/priroda-uvadi.cz\/beauty\/produkt\/omlazujici-ritual-pro-problematickou-plet-blemish-age-defy-novage\/","title":{"rendered":"Omlazuj\u00edc\u00ed ritual pro problematickou ple\u0165 Blemish + Age Defy Novage+"},"content":{"rendered":"<p><span style=\"font-family: arial, helvetica, sans-serif; color: #000000;\">V\u00e1\u0161 ritu\u00e1l Novage+ posouv\u00e1 vrstven\u00ed produkt\u016f na vy\u0161\u0161\u00ed \u00farove\u0148, abyste sv\u00e9 pleti poskytli je\u0161t\u011b lep\u0161\u00ed p\u00e9\u010di. Ka\u017ed\u00fd produkt je vyvinut tak, aby pos\u00edlil \u00fa\u010dinek dal\u0161\u00edho produktu, a to d\u00edky v\u00fdkonn\u00fdm, p\u0159\u00edrodou inspirovan\u00fdm bioaktiva\u010dn\u00edm technologi\u00edm, kter\u00e9 p\u016fsob\u00ed v dokonal\u00e9 souh\u0159e s va\u0161\u00ed plet\u00ed pro dosa\u017een\u00ed optim\u00e1ln\u00edch v\u00fdsledk\u016f. Z\u00edskejte \u00fa\u017easn\u00e9 v\u00fdsledky d\u00edky pouh\u00fdm \u010dty\u0159em krok\u016fm. Dodr\u017eujte ritu\u00e1l dvakr\u00e1t denn\u011b, ka\u017ed\u00fd den, a uvid\u00edte lep\u0161\u00ed v\u00fdsledky &#8211; je\u0161t\u011b rychleji.<\/span><\/p>\n<p><em><strong><span style=\"font-family: arial, helvetica, sans-serif; color: #000000;\">POU\u017dIT\u00cd<\/span><\/strong><\/em><\/p>\n<p><em><strong><span style=\"font-family: arial, helvetica, sans-serif; color: #000000;\">KROK 1: \u010cI\u0160T\u011aN\u00cd<\/span><\/strong><\/em><\/p>\n<p><span style=\"font-family: arial, helvetica, sans-serif; color: #000000;\">Pou\u017e\u00edvejte r\u00e1no a ve\u010der.<\/span><\/p>\n<p><span style=\"font-family: arial, helvetica, sans-serif; color: #000000;\">&#8211; Navlh\u010den\u00fdma rukama naneste jednu pumpi\u010dku \u010distic\u00edho gelu do dlan\u011b.<\/span><\/p>\n<p><span style=\"font-family: arial, helvetica, sans-serif; color: #000000;\">&#8211; Promn\u011bte gel mezi dlan\u011bmi, aby se vytvo\u0159ila p\u011bna.<\/span><\/p>\n<p><span style=\"font-family: arial, helvetica, sans-serif; color: #000000;\">&#8211; Krou\u017eiv\u00fdmi pohyby jemn\u011b promas\u00edrujte obli\u010dej.<\/span><\/p>\n<p><span style=\"font-family: arial, helvetica, sans-serif; color: #000000;\">&#8211; D\u016fkladn\u011b opl\u00e1chn\u011bte vodou.<\/span><\/p>\n<p><span style=\"font-family: arial, helvetica, sans-serif; color: #000000;\">&#8211; Vyhn\u011bte se p\u0159\u00edm\u00e9mu kontaktu s o\u010dima.<\/span><\/p>\n<p><em><strong><span style=\"font-family: arial, helvetica, sans-serif; color: #000000;\">KROK 2: OKOL\u00cd O\u010cI<\/span><\/strong><\/em><\/p>\n<p><span style=\"font-family: arial, helvetica, sans-serif; color: #000000;\">Aplikujte r\u00e1no a ve\u010der po vy\u010di\u0161t\u011bn\u00ed pleti.<\/span><\/p>\n<p><span style=\"font-family: arial, helvetica, sans-serif; color: #000000;\">&#8211; Pod ka\u017ed\u00e9 oko naneste mal\u00e9 mno\u017estv\u00ed kr\u00e9mu.<\/span><\/p>\n<p><span style=\"font-family: arial, helvetica, sans-serif; color: #000000;\">&#8211; Kr\u00e9m naneste pod\u00e9l o\u010dnicov\u00e9 kosti.<\/span><\/p>\n<p><span style=\"font-family: arial, helvetica, sans-serif; color: #000000;\">&#8211; Prsten\u00edkem jemn\u011b vklepejte do pleti, dokud se kr\u00e9m nevst\u0159eb\u00e1.<\/span><\/p>\n<p><span style=\"font-family: arial, helvetica, sans-serif; color: #000000;\">&#8211; Jemnou ple\u0165 kolem o\u010d\u00ed net\u0159ete ani nenatahujte.<\/span><\/p>\n<p><span style=\"font-family: arial, helvetica, sans-serif; color: #000000;\">&#8211; Vyhn\u011bte se p\u0159\u00edm\u00e9mu kontaktu s o\u010dima.<\/span><\/p>\n<p><em><strong><span style=\"font-family: arial, helvetica, sans-serif; color: #000000;\">KROK 3: S\u00c9RUM<\/span><\/strong><\/em><\/p>\n<p><span style=\"font-family: arial, helvetica, sans-serif; color: #000000;\">Aplikujte r\u00e1no a ve\u010der po vy\u010di\u0161t\u011bn\u00ed pleti.<\/span><\/p>\n<p><span style=\"font-family: arial, helvetica, sans-serif; color: #000000;\">&#8211; Pou\u017eijte jednu a\u017e dv\u011b pumpi\u010dky.<\/span><\/p>\n<p><span style=\"font-family: arial, helvetica, sans-serif; color: #000000;\">&#8211; Naneste na \u010delo, tv\u00e1\u0159e a bradu.<\/span><\/p>\n<p><span style=\"font-family: arial, helvetica, sans-serif; color: #000000;\">&#8211; Jemn\u011b a rovnom\u011brn\u011b rozet\u0159ete po cel\u00e9m obli\u010deji.<\/span><\/p>\n<p><span style=\"font-family: arial, helvetica, sans-serif; color: #000000;\">&#8211; Vyhn\u011bte se okol\u00ed o\u010d\u00ed.<\/span><\/p>\n<p><em><strong><span style=\"font-family: arial, helvetica, sans-serif; color: #000000;\">KROK 4: HYDRATACE<\/span><\/strong><\/em><\/p>\n<p><span style=\"font-family: arial, helvetica, sans-serif; color: #000000;\">Aplikujte po nanesen\u00ed s\u00e9ra &#8211; r\u00e1no denn\u00ed kr\u00e9m, ve\u010der no\u010dn\u00ed kr\u00e9m.<\/span><\/p>\n<p><span style=\"font-family: arial, helvetica, sans-serif; color: #000000;\">&#8211; Pou\u017eijte mno\u017estv\u00ed velikosti hr\u00e1\u0161ku.<\/span><\/p>\n<p><span style=\"font-family: arial, helvetica, sans-serif; color: #000000;\">&#8211; Naneste na \u010delo a tv\u00e1\u0159e.<\/span><\/p>\n<p><span style=\"font-family: arial, helvetica, sans-serif; color: #000000;\">&#8211; Rovnom\u011brn\u011b rozet\u0159ete kr\u00e9m na obli\u010dej, krk a dekolt, dokud se nevst\u0159eb\u00e1.<\/span><\/p>\n<p><span style=\"font-family: arial, helvetica, sans-serif; color: #000000;\">&#8211; Vyhn\u011bte se oblasti o\u010d\u00ed.<\/span><\/p>\n<p><span style=\"font-family: arial, helvetica, sans-serif; color: #000000;\"><strong>Obnovuj\u00edc\u00ed \u010distic\u00ed gel Novage+<\/strong> \u2013 \u00fa\u010dinn\u00e9 a z\u00e1rove\u0148 jemn\u00e9 \u010di\u0161t\u011bn\u00ed, kter\u00e9 zajist\u00ed, \u017ee va\u0161e ple\u0165 bude vyv\u00e1\u017een\u00e1 a optim\u00e1ln\u011b p\u0159ipraven\u00e1 k absorpci \u00fa\u010dinn\u00fdch l\u00e1tek z produkt\u016f ritu\u00e1lu. Slo\u017een\u00ed obsahuje technologii Bio Lipid System.<\/span><\/p>\n<p><span style=\"font-family: arial, helvetica, sans-serif; color: #000000;\"><strong>Omlazuj\u00edc\u00ed s\u00e9rum pro problematickou ple\u0165 Blemish + Age Defy Novage+<\/strong> \u00fa\u010dinn\u011b p\u016fsob\u00ed proti st\u00e1rnut\u00ed pleti n\u00e1chyln\u00e9 k tvorb\u011b pup\u00ednk\u016f. Redukuje v\u00fdskyt jemn\u00fdch linek a vr\u00e1sek, pup\u00ednk\u016f, ucpan\u00fdch p\u00f3r\u016f a jizev po akn\u00e9, aby byla ple\u0165 hlad\u0161\u00ed, mladistv\u011bj\u0161\u00ed a vypadala zdrav\u011b.<\/span><\/p>\n<p><span style=\"font-family: arial, helvetica, sans-serif; color: #000000;\"><strong>Intenzivn\u011b rozjas\u0148uj\u00edc\u00ed o\u010dn\u00ed kr\u00e9m Bright Intense Novage+<\/strong> je vysp\u011bl\u00fd rozjas\u0148uj\u00edc\u00ed a omlazuj\u00edc\u00ed kr\u00e9m, kter\u00fd p\u016fsob\u00ed proti hyperpigmentaci, tmav\u00fdm kruh\u016fm a otok\u016fm. Pom\u00e1h\u00e1 vyhladit jemn\u00e9 linky a vr\u00e1sky, zanech\u00e1v\u00e1 okol\u00ed o\u010d\u00ed z\u00e1\u0159iv\u011bj\u0161\u00ed a mladistv\u011bj\u0161\u00ed.<\/span><\/p>\n<p><span style=\"font-family: arial, helvetica, sans-serif; color: #000000;\"><strong>Lehk\u00fd omlazuj\u00edc\u00ed denn\u00ed kr\u00e9m Multi-Active s SPF 30 Novage+<\/strong> intenzivn\u011b hydratuje, posiluje a chr\u00e1n\u00ed ko\u017en\u00ed bari\u00e9ru a bojuje proti 10 hlavn\u00edm zn\u00e1mk\u00e1m st\u00e1rnut\u00ed pleti. Podporuje jej\u00ed pevnost, redukuje jemn\u00e9 linky, vr\u00e1sky a mdl\u00fd, nerovnom\u011brn\u00fd t\u00f3n pleti. S ochrann\u00fdm faktorem SPF a s kyselinou hyaluronovou.<\/span><\/p>\n<p><span style=\"font-family: arial, helvetica, sans-serif; color: #000000;\"><strong>Lehk\u00fd omlazuj\u00edc\u00ed no\u010dn\u00ed kr\u00e9m Multi-Active Novage+<\/strong> pom\u00e1h\u00e1 aktivovat a podporovat obnovu a regeneraci ko\u017en\u00ed bari\u00e9ry b\u011bhem noci. P\u016fsob\u00ed proti v\u00edce zn\u00e1mk\u00e1m st\u00e1rnut\u00ed, redukuje jemn\u00e9 linky a vr\u00e1sky a zanech\u00e1v\u00e1 ple\u0165 pevn\u011bj\u0161\u00ed, hlad\u0161\u00ed, z\u00e1\u0159iv\u011bj\u0161\u00ed a mladistv\u011bj\u0161\u00ed<\/span><\/p>\n<p><span style=\"font-family: arial, helvetica, sans-serif;\"><em><strong>INGREDIENCE<\/strong><\/em><\/span><\/p>\n<p><span style=\"font-family: arial, helvetica, sans-serif;\"><strong>1 ritu\u00e1l, 9 bio aktiva\u010dn\u00edch technologi\u00ed!<\/strong><\/span><\/p>\n<p>+ <span style=\"font-family: arial, helvetica, sans-serif; color: #000000;\">Bio Lipid System<\/span><\/p>\n<p><span style=\"font-family: arial, helvetica, sans-serif; color: #000000;\">+ Bio CollagenPro<\/span><\/p>\n<p><span style=\"font-family: arial, helvetica, sans-serif; color: #000000;\">+ Eye Vital<\/span><\/p>\n<p><span style=\"font-family: arial, helvetica, sans-serif; color: #000000;\">+ Oripeptide-3<\/span><\/p>\n<p><span style=\"font-family: arial, helvetica, sans-serif; color: #000000;\">+ Bio Sebum Control<\/span><\/p>\n<p><span style=\"font-family: arial, helvetica, sans-serif; color: #000000;\">+ Bio Re:Barrier<\/span><\/p>\n<p><span style=\"font-family: arial, helvetica, sans-serif; color: #000000;\">+ Advanced Pollution System<\/span><\/p>\n<p><span style=\"font-family: arial, helvetica, sans-serif; color: #000000;\">+ Bio CeramidesPro<\/span><\/p>\n<p><span style=\"font-family: arial, helvetica, sans-serif; color: #000000;\">+ Advanced NightSync<\/span><\/p>\n<p><span style=\"font-family: arial, helvetica, sans-serif; color: #000000;\"><strong>Komplexn\u00ed \u00fa\u010dinn\u00e9 l\u00e1tky proti st\u00e1rnut\u00ed a problematick\u00e9 pleti.<\/strong><\/span><br \/>\n<span style=\"font-family: arial, helvetica, sans-serif; color: #000000;\"><strong>+ Bio CollagenPro<\/strong>\u00a0(o\u010dn\u00ed kr\u00e9m) a Oripeptide-3 (s\u00e9rum) pom\u00e1haj\u00ed podpo\u0159it tvorbu kolagenu a redukovat vr\u00e1sky<\/span><br \/>\n<span style=\"font-family: arial, helvetica, sans-serif; color: #000000;\"><strong>+ Bio Sebum Control<\/strong>\u00a0reguluje nadm\u011brnou tvorbu ko\u017en\u00edho mazu, \u0159e\u0161\u00ed pup\u00ednky a viditelnost jizvi\u010dek po pup\u00ednc\u00edch.<\/span><br \/>\n<span style=\"font-family: arial, helvetica, sans-serif; color: #000000;\"><strong>+ Kyselina jantarov\u00e1<\/strong>\u00a0odstra\u0148uje odum\u0159el\u00e9 ko\u017en\u00ed bu\u0148ky \u2013 stejn\u011b \u00fa\u010dinn\u011b jako kyselina salicylov\u00e1<sup>\u25ca<\/sup>, ale \u0161etrn\u011bji<\/span><\/p>\n<p><span style=\"font-family: arial, helvetica, sans-serif; color: #000000;\"><strong>+ Bio Lipid System<\/strong>\u00a0(\u010distic\u00ed gel)<\/span><\/p>\n<p><span style=\"font-family: arial, helvetica, sans-serif; color: #000000;\">Podporuje ko\u017en\u00ed bari\u00e9ru na dvou \u00farovn\u00edch; pom\u00e1h\u00e1 j\u00ed \u0161etrn\u011b odstranit odum\u0159el\u00e9 ko\u017en\u00ed bu\u0148ky a z\u00e1rove\u0148 chr\u00e1n\u00ed ko\u017en\u00ed lipidy a p\u0159irozenou rovnov\u00e1hu hydratace \u2013 pro d\u016fkladn\u00e9 myt\u00ed tv\u00e1\u0159e s naprost\u00fdm respektem k poko\u017ece.<\/span><\/p>\n<p><span style=\"font-family: arial, helvetica, sans-serif; color: #000000;\"><strong>+ Bio CollagenPro\u00a0<\/strong>(o\u010dn\u00ed kr\u00e9m)<\/span><\/p>\n<p><span style=\"font-family: arial, helvetica, sans-serif; color: #000000;\">Technologie p\u0159\u00edrodn\u00edho p\u016fvodu proti vr\u00e1sk\u00e1m z fazol\u00ed matki aktivuje vlastn\u00ed tvorbu kolagenu v pleti a podporuje proces bun\u011b\u010dn\u00e9 obnovy, \u010d\u00edm\u017e vyhlazuje viditelnost hlubok\u00fdch vr\u00e1sek. Testy prok\u00e1zaly stejnou \u00fa\u010dinnost na vr\u00e1sky jako retinol<sup>\u03943<\/sup>, ale \u0161etrn\u011bji k pleti \u2013 je tedy obzvl\u00e1\u0161\u0165 vhodn\u00e1 pro choulostiv\u00e9 o\u010dn\u00ed okol\u00ed<\/span><\/p>\n<p><span style=\"font-family: arial, helvetica, sans-serif; color: #000000;\"><strong>+ Eye Vital<\/strong>\u00a0(o\u010dn\u00ed kr\u00e9m)<\/span><\/p>\n<p><span style=\"font-family: arial, helvetica, sans-serif; color: #000000;\">Komplex s vysok\u00fdm pod\u00edlem flavonoid\u016f, kter\u00fd kombinuje l\u00e1tky p\u0159\u00edrodn\u00edho p\u016fvodu z arabsk\u00e9ho jasm\u00ednu a hlohu a zmen\u0161uje tmav\u00e9 kruhy a otoky pod o\u010dima.<\/span><\/p>\n<p><span style=\"font-family: arial, helvetica, sans-serif; color: #000000;\"><strong>+ Oripeptide-3<\/strong>\u00a0(s\u00e9rum)<\/span><\/p>\n<p><span style=\"font-family: arial, helvetica, sans-serif; color: #000000;\">Na\u0161e patentovan\u00e1 technologie proti st\u00e1rnut\u00ed p\u0159\u00edrodn\u00edho p\u016fvodu z kvasnic, r\u00fd\u017ee a p\u0161enice zlep\u0161uje stav jemn\u00fdch linek a vr\u00e1sek. Prokazateln\u011b podporuje tvorbu kolagenu je\u0161t\u011b rychleji ne\u017e vitamin C\u25ca.<\/span><\/p>\n<p><span style=\"font-family: arial, helvetica, sans-serif; color: #000000;\"><strong>+ Bio Sebum Control<\/strong>\u00a0(s\u00e9rum)<\/span><\/p>\n<p><span style=\"font-family: arial, helvetica, sans-serif; color: #000000;\">\u00da\u010dinn\u011b \u010dist\u00ed pup\u00ednky, ani\u017e by ple\u0165 vysou\u0161ela. Tato technologie p\u0159\u00edrodn\u00edho p\u016fvodu z orel\u00e1n\u00edku barv\u00ed\u0159sk\u00e9ho reguluje nadm\u011brnou tvorbu ko\u017en\u00edho mazu v poko\u017ece a pom\u00e1h\u00e1 redukovat v\u00fdsevy pup\u00ednk\u016f, uvol\u0148uje p\u00f3ry, br\u00e1n\u00ed \u0161\u00ed\u0159en\u00ed c. acnes a z\u00e1rove\u0148 v pleti udr\u017euje hydrataci.<\/span><\/p>\n<p><span style=\"font-family: arial, helvetica, sans-serif; color: #000000;\"><strong>+ Bio Re:Barrier<\/strong>\u00a0(denn\u00ed kr\u00e9m)<\/span><\/p>\n<p><span style=\"font-family: arial, helvetica, sans-serif; color: #000000;\">Na\u0161e patentovan\u00e1 technologie p\u0159\u00edrodn\u00edho p\u016fvodu posiluje ko\u017en\u00ed bari\u00e9ru \u00fa\u010dinn\u011bji ne\u017e nikotinamid, jak potvrzuj\u00ed testy\u00a0<sup>\u03943<\/sup>. Pom\u00e1h\u00e1 obnovovat funkce ko\u017en\u00ed bari\u00e9ry, kter\u00e1 v pleti uzamyk\u00e1 hydrataci, a pom\u00e1h\u00e1 br\u00e1nit rozkladu kolagenu, \u010d\u00edm\u017e bojuje proti zn\u00e1mk\u00e1m st\u00e1rnut\u00ed.<\/span><\/p>\n<p><span style=\"font-family: arial, helvetica, sans-serif; color: #000000;\"><strong>+ Advanced Pollution System<\/strong>\u00a0(denn\u00ed kr\u00e9m)<\/span><\/p>\n<p><span style=\"font-family: arial, helvetica, sans-serif; color: #000000;\">Chr\u00e1n\u00ed poko\u017eku p\u0159ed stresuj\u00edc\u00edmi vlivy okol\u00ed, jako je zne\u010di\u0161t\u011bn\u00e9 ovzdu\u0161\u00ed, kou\u0159 a voln\u00e9 radik\u00e1ly. Tento p\u0159irozen\u00fd, biomimetick\u00fd syst\u00e9m na va\u0161\u00ed pleti vytv\u00e1\u0159\u00ed prody\u0161nou ochrannou vrstvu a z\u00e1rove\u0148 p\u016fsob\u00ed proti jej\u00edmu st\u00e1rnut\u00ed.<\/span><\/p>\n<p><span style=\"font-family: arial, helvetica, sans-serif; color: #000000;\"><strong>+ Bio CeramidesPro<\/strong>\u00a0(no\u010dn\u00ed kr\u00e9m)<\/span><\/p>\n<p><span style=\"font-family: arial, helvetica, sans-serif; color: #000000;\">Technologie p\u0159\u00edrodn\u00edho p\u016fvodu, kter\u00e1 omezuje projevy st\u00e1rnut\u00ed obnovou ceramid\u016f a opravov\u00e1n\u00edm ko\u017en\u00ed bari\u00e9ry, zat\u00edmco sp\u00edte.<\/span><\/p>\n<p><span style=\"font-family: arial, helvetica, sans-serif; color: #000000;\"><strong>+ Advanced NightSync<\/strong>\u00a0(no\u010dn\u00ed kr\u00e9m)<\/span><\/p>\n<p><span style=\"font-family: arial, helvetica, sans-serif; color: #000000;\">Technologie vyvinut\u00e1 k napodoben\u00ed pozitivn\u00edch \u00fa\u010dink\u016f sp\u00e1nku na st\u00e1rnouc\u00ed ple\u0165. Tato biomimetick\u00e1 aktivn\u00ed p\u0159\u00edsada \u00fa\u010dinkuje podobn\u011b jako melatonin. B\u011bhem no\u010dn\u00edho procesu oprav v poko\u017ece p\u016fsob\u00ed jako antioxidant a p\u0159isp\u00edv\u00e1 k v\u00fdznamn\u00e9 redukci vr\u00e1sek.<\/span><\/p>\n<p><span style=\"font-family: arial, helvetica, sans-serif; color: #000000;\"><sup>\u03943<\/sup>\u00a0Klinicky testovan\u00e1 aktivn\u00ed p\u0159\u00edsada.\u00a0<sup>\u25ca<\/sup>\u00a0<em>ex vivo<\/em>. Oripeptide-3 Patent \u010d. SE531484C2. Bio Re:Barrier Patent v \u0159\u00edzen\u00ed \u010d.: SE2020376-4.<\/span><\/p>\n","protected":false},"excerpt":{"rendered":"<p><strong><em><span style=\"font-family: arial, helvetica, sans-serif; color: #ff0000;\"><a style=\"color: #ff0000;\" title=\"Omlazuj\u00edc\u00ed ritual pro problematickou ple\u0165 Blemish + Age Defy Novage+\" href=\"https:\/\/cz.oriflame.com\/products\/product?code=45608&amp;store=CZ-beautyobchod\" target=\"_blank\" rel=\"nofollow noopener noreferrer\">\u21d2 KLIKN\u011aTE NA ODKAZ A Z\u00cdSK\u00c1TE \u21d0<\/a><\/span><\/em><\/strong><\/p>\n<ul>\n<li><span style=\"font-family: arial, helvetica, sans-serif; color: #000000;\"><strong>SLEVU 15% NA CELOU OBJEDN\u00c1VKU<\/strong><\/span><\/li>\n<li><span style=\"font-family: arial, helvetica, sans-serif; color: #000000;\"><strong>15% CASHBACK DO PEN\u011a\u017dENKY<\/strong><\/span><\/li>\n<li><strong><span style=\"font-family: arial, helvetica, sans-serif; color: #000000;\">DOPRAVU ZDARMA<\/span><\/strong><\/li>\n<\/ul>\n<p><span style=\"font-family: arial, helvetica, sans-serif;\"><strong>Box a 5 produkt\u016f v pln\u00e9 velikosti \u2013<\/strong> \u010distic\u00ed gel (150ml), o\u010dn\u00ed kr\u00e9m (15ml), s\u00e9rum (30ml), lehk\u00fd denn\u00ed kr\u00e9m s SPF30 (50ml) a lehk\u00fd no\u010dn\u00ed kr\u00e9m (50ml).<\/span><\/p>\n<div class=\"product-detail-v55igo\" data-testid=\"Presentation-product-detail-summary-info\"><span style=\"font-family: arial, helvetica, sans-serif; color: #000000;\">Z\u00e1kladn\u00ed pil\u00ed\u0159e mladistv\u00e9 a \u010dist\u00e9 pleti. Omlazuj\u00edc\u00ed ritu\u00e1l na problematickou ple\u0165 Novage+ Blemish + Age Defy o \u010dty\u0159ech kroc\u00edch zdokonaluje st\u00e1rnouc\u00ed ple\u0165 n\u00e1chylnou k tvorb\u011b pup\u00ednk\u016f. Obsahuje 9 nejlep\u0161\u00edch bioaktiva\u010dn\u00edch technologi\u00ed ve sv\u00e9 kategorii, kter\u00e9 \u00fa\u010dinn\u011b redukuj\u00ed zn\u00e1mky st\u00e1rnut\u00ed pleti, pro\u010di\u0161\u0165uj\u00ed ji a pom\u00e1haj\u00ed p\u0159edch\u00e1zet tvorb\u011b pup\u00ednk\u016f.<\/span><\/div>\n<div class=\"product-detail-1buwlw5\">\n<div class=\"product-detail-uyp0pw\">\n<ul>\n<li class=\"product-detail-bphipo\"><span style=\"font-family: arial, helvetica, sans-serif; color: #000000;\">Sni\u017euje viditeln\u00e9 zn\u00e1mky st\u00e1rnut\u00ed v\u010detn\u011b vr\u00e1sek a jemn\u00fdch linek<\/span><\/li>\n<li class=\"product-detail-bphipo\"><span style=\"font-family: arial, helvetica, sans-serif; color: #000000;\">Sni\u017euje tvorbu nedokonalost\u00ed, ucpan\u00fdch p\u00f3r\u016f, pup\u00ednk\u016f a viditelnost jizev po akn\u00e9<\/span><\/li>\n<li class=\"product-detail-bphipo\"><span style=\"font-family: arial, helvetica, sans-serif; color: #000000;\">Pom\u00e1h\u00e1 p\u0159edch\u00e1zet tvorb\u011b pup\u00ednk\u016f<\/span><\/li>\n<\/ul>\n<div class=\"woocommerce-product-details__short-description\">\n<div class=\"product-detail-1buwlw5\">\n<div class=\"product-detail-uyp0pw\">\n<div class=\"product-detail-v4i4af\">\n<div class=\"woocommerce-product-details__short-description\">\n<div class=\"woocommerce-product-details__short-description\">\n<div class=\"Summary_summary__benefits__8ar3s\">\n<div class=\"Benefits_benefits__3OGwl\">\n<div>\n<div class=\"woocommerce-product-details__short-description\">\n<div class=\"product-detail-vdfylx\">\n<div class=\"product-detail-d0oxj1\">\n<div class=\"product-detail-1yhj3ra\">\n<p class=\"product-detail-17mztir\" data-testid=\"Presentation-product-detail-LowestPreviousPrice\"><span style=\"font-family: arial, helvetica, sans-serif; font-size: 10pt;\">Nejni\u017e\u0161\u00ed cena platn\u00e1 ve 30 dnech p\u0159ed platnost\u00ed sou\u010dasn\u00e9 ceny byla 2799 K\u010d<\/span><\/p>\n<\/div>\n<\/div>\n<\/div>\n<\/div>\n<\/div>\n<\/div>\n<\/div>\n<\/div>\n<\/div>\n<\/div>\n<\/div>\n<\/div>\n<\/div>\n<\/div>\n<\/div>\n","protected":false},"featured_media":4340,"comment_status":"closed","ping_status":"closed","template":"","meta":[],"pwb-brand":[27],"product_brand":[],"product_cat":[44,30],"product_tag":[],"class_list":{"0":"post-4339","1":"product","2":"type-product","3":"status-publish","4":"has-post-thumbnail","6":"pwb-brand-https-cz-oriflame-com-cataloguesstorebeautyobchod","7":"product_cat-sady-novage","8":"product_cat-pece-o-plet","10":"first","11":"instock","12":"sale","13":"taxable","14":"shipping-taxable","15":"purchasable","16":"product-type-simple"},"brands":[{"id":27,"name":"Oriflame","slug":"https-cz-oriflame-com-cataloguesstorebeautyobchod"}],"_links":{"self":[{"href":"https:\/\/priroda-uvadi.cz\/beauty\/wp-json\/wp\/v2\/product\/4339","targetHints":{"allow":["GET"]}}],"collection":[{"href":"https:\/\/priroda-uvadi.cz\/beauty\/wp-json\/wp\/v2\/product"}],"about":[{"href":"https:\/\/priroda-uvadi.cz\/beauty\/wp-json\/wp\/v2\/types\/product"}],"replies":[{"embeddable":true,"href":"https:\/\/priroda-uvadi.cz\/beauty\/wp-json\/wp\/v2\/comments?post=4339"}],"wp:featuredmedia":[{"embeddable":true,"href":"https:\/\/priroda-uvadi.cz\/beauty\/wp-json\/wp\/v2\/media\/4340"}],"wp:attachment":[{"href":"https:\/\/priroda-uvadi.cz\/beauty\/wp-json\/wp\/v2\/media?parent=4339"}],"wp:term":[{"taxonomy":"pwb-brand","embeddable":true,"href":"https:\/\/priroda-uvadi.cz\/beauty\/wp-json\/wp\/v2\/pwb-brand?post=4339"},{"taxonomy":"product_brand","embeddable":true,"href":"https:\/\/priroda-uvadi.cz\/beauty\/wp-json\/wp\/v2\/product_brand?post=4339"},{"taxonomy":"product_cat","embeddable":true,"href":"https:\/\/priroda-uvadi.cz\/beauty\/wp-json\/wp\/v2\/product_cat?post=4339"},{"taxonomy":"product_tag","embeddable":true,"href":"https:\/\/priroda-uvadi.cz\/beauty\/wp-json\/wp\/v2\/product_tag?post=4339"}],"curies":[{"name":"wp","href":"https:\/\/api.w.org\/{rel}","templated":true}]}}