{"id":4336,"date":"2023-03-23T15:23:26","date_gmt":"2023-03-23T14:23:26","guid":{"rendered":"https:\/\/priroda-uvadi.cz\/beauty\/?post_type=product&#038;p=4336"},"modified":"2025-07-08T11:17:14","modified_gmt":"2025-07-08T09:17:14","slug":"liftingovy-a-zpevnujici-ritual-lift-firm-novage","status":"publish","type":"product","link":"https:\/\/priroda-uvadi.cz\/beauty\/produkt\/liftingovy-a-zpevnujici-ritual-lift-firm-novage\/","title":{"rendered":"Liftingov\u00fd a zpev\u0148uj\u00edc\u00ed ritu\u00e1l Lift + Firm Novage+"},"content":{"rendered":"<p><span style=\"font-family: arial, helvetica, sans-serif;\">V\u00e1\u0161 ritu\u00e1l Novage+ posouv\u00e1 vrstven\u00ed produkt\u016f na vy\u0161\u0161\u00ed \u00farove\u0148, abyste sv\u00e9 pleti poskytli je\u0161t\u011b lep\u0161\u00ed p\u00e9\u010di. Ka\u017ed\u00fd produkt je vyvinut tak, aby pos\u00edlil \u00fa\u010dinek dal\u0161\u00edho produktu, a to d\u00edky v\u00fdkonn\u00fdm, p\u0159\u00edrodou inspirovan\u00fdm bioaktiva\u010dn\u00edm technologi\u00edm, kter\u00e9 p\u016fsob\u00ed v dokonal\u00e9 souh\u0159e s va\u0161\u00ed plet\u00ed pro dosa\u017een\u00ed optim\u00e1ln\u00edch v\u00fdsledk\u016f. Z\u00edskejte \u00fa\u017easn\u00e9 v\u00fdsledky d\u00edky pouh\u00fdm \u010dty\u0159em krok\u016fm. Dodr\u017eujte ritu\u00e1l dvakr\u00e1t denn\u011b, ka\u017ed\u00fd den, a uvid\u00edte lep\u0161\u00ed v\u00fdsledky &#8211; je\u0161t\u011b rychleji.<\/span><\/p>\n<p><strong><span style=\"font-family: arial, helvetica, sans-serif; color: #000000;\">POU\u017dIT\u00cd<\/span><\/strong><\/p>\n<p><strong><span style=\"font-family: arial, helvetica, sans-serif; color: #000000;\">KROK 1: \u010cI\u0160T\u011aN\u00cd<\/span><\/strong><\/p>\n<p><span style=\"font-family: arial, helvetica, sans-serif; color: #000000;\">Pou\u017e\u00edvejte r\u00e1no a ve\u010der.<\/span><\/p>\n<p><span style=\"font-family: arial, helvetica, sans-serif; color: #000000;\">&#8211; Navlh\u010den\u00fdma rukama naneste jednu pumpi\u010dku \u010distic\u00edho gelu do dlan\u011b.<\/span><\/p>\n<p><span style=\"font-family: arial, helvetica, sans-serif; color: #000000;\">&#8211; Promn\u011bte gel mezi dlan\u011bmi, aby se vytvo\u0159ila p\u011bna.<\/span><\/p>\n<p><span style=\"font-family: arial, helvetica, sans-serif; color: #000000;\">&#8211; Krou\u017eiv\u00fdmi pohyby jemn\u011b promas\u00edrujte obli\u010dej.<\/span><\/p>\n<p><span style=\"font-family: arial, helvetica, sans-serif; color: #000000;\">&#8211; D\u016fkladn\u011b opl\u00e1chn\u011bte vodou.<\/span><\/p>\n<p><span style=\"font-family: arial, helvetica, sans-serif; color: #000000;\">&#8211; Vyhn\u011bte se p\u0159\u00edm\u00e9mu kontaktu s o\u010dima.<\/span><\/p>\n<p><strong><span style=\"font-family: arial, helvetica, sans-serif; color: #000000;\">KROK 2: OKOL\u00cd O\u010cI<\/span><\/strong><\/p>\n<p><span style=\"font-family: arial, helvetica, sans-serif; color: #000000;\">Aplikujte r\u00e1no a ve\u010der po vy\u010di\u0161t\u011bn\u00ed pleti.<\/span><\/p>\n<p><span style=\"font-family: arial, helvetica, sans-serif; color: #000000;\">&#8211; Pod ka\u017ed\u00e9 oko naneste mal\u00e9 mno\u017estv\u00ed kr\u00e9mu.<\/span><\/p>\n<p><span style=\"font-family: arial, helvetica, sans-serif; color: #000000;\">&#8211; Kr\u00e9m naneste pod\u00e9l o\u010dnicov\u00e9 kosti.<\/span><\/p>\n<p><span style=\"font-family: arial, helvetica, sans-serif; color: #000000;\">&#8211; Prsten\u00edkem jemn\u011b vklepejte do pleti, dokud se kr\u00e9m nevst\u0159eb\u00e1.<\/span><\/p>\n<p><span style=\"font-family: arial, helvetica, sans-serif; color: #000000;\">&#8211; Jemnou ple\u0165 kolem o\u010d\u00ed net\u0159ete ani nenatahujte.<\/span><\/p>\n<p><span style=\"font-family: arial, helvetica, sans-serif; color: #000000;\">&#8211; Vyhn\u011bte se p\u0159\u00edm\u00e9mu kontaktu s o\u010dima.<\/span><\/p>\n<p><strong><span style=\"font-family: arial, helvetica, sans-serif; color: #000000;\">KROK 3: S\u00c9RUM<\/span><\/strong><\/p>\n<p><span style=\"font-family: arial, helvetica, sans-serif; color: #000000;\">Aplikujte r\u00e1no a ve\u010der po vy\u010di\u0161t\u011bn\u00ed pleti.<\/span><\/p>\n<p><span style=\"font-family: arial, helvetica, sans-serif; color: #000000;\">&#8211; Pou\u017eijte jednu a\u017e dv\u011b pumpi\u010dky.<\/span><\/p>\n<p><span style=\"font-family: arial, helvetica, sans-serif; color: #000000;\">&#8211; Naneste na \u010delo, tv\u00e1\u0159e a bradu.<\/span><\/p>\n<p><span style=\"font-family: arial, helvetica, sans-serif; color: #000000;\">&#8211; Jemn\u011b a rovnom\u011brn\u011b rozet\u0159ete po cel\u00e9m obli\u010deji.<\/span><\/p>\n<p><span style=\"font-family: arial, helvetica, sans-serif; color: #000000;\">&#8211; Vyhn\u011bte se okol\u00ed o\u010d\u00ed.<\/span><\/p>\n<p><strong><span style=\"font-family: arial, helvetica, sans-serif; color: #000000;\">KROK 4: HYDRATACE<\/span><\/strong><\/p>\n<p><span style=\"font-family: arial, helvetica, sans-serif; color: #000000;\">Aplikujte po nanesen\u00ed s\u00e9ra &#8211; r\u00e1no denn\u00ed kr\u00e9m, ve\u010der no\u010dn\u00ed kr\u00e9m.<\/span><\/p>\n<p><span style=\"font-family: arial, helvetica, sans-serif; color: #000000;\">&#8211; Pou\u017eijte mno\u017estv\u00ed velikosti hr\u00e1\u0161ku.<\/span><\/p>\n<p><span style=\"font-family: arial, helvetica, sans-serif; color: #000000;\">&#8211; Naneste na \u010delo a tv\u00e1\u0159e.<\/span><\/p>\n<p><span style=\"font-family: arial, helvetica, sans-serif; color: #000000;\">&#8211; Rovnom\u011brn\u011b rozet\u0159ete kr\u00e9m na obli\u010dej, krk a dekolt, dokud se nevst\u0159eb\u00e1.<\/span><\/p>\n<p><span style=\"font-family: arial, helvetica, sans-serif; color: #000000;\">&#8211; Vyhn\u011bte se oblasti o\u010d\u00ed.<\/span><\/p>\n<p><span style=\"font-family: arial, helvetica, sans-serif;\"><strong>Obnovuj\u00edc\u00ed \u010distic\u00ed gel Novage+<\/strong> \u2013 \u00fa\u010dinn\u00e9 a z\u00e1rove\u0148 jemn\u00e9 \u010di\u0161t\u011bn\u00ed, kter\u00e9 zajist\u00ed, \u017ee va\u0161e ple\u0165 bude vyv\u00e1\u017een\u00e1 a optim\u00e1ln\u011b p\u0159ipraven\u00e1 k absorpci \u00fa\u010dinn\u00fdch l\u00e1tek z produkt\u016f ritu\u00e1lu. Slo\u017een\u00ed obsahuje technologii Bio Lipid System.<\/span><\/p>\n<p><span style=\"font-family: arial, helvetica, sans-serif;\"><strong>Liftingov\u00e9 a zpev\u0148uj\u00edc\u00ed s\u00e9rum Lift + Firm Novage+<\/strong> zlep\u0161uje pevnost a pru\u017enost pleti, d\u00edky \u010demu\u017e vyp\u00edn\u00e1 ple\u0165 a zv\u00fdraz\u0148uje kontury obli\u010deje. Z\u00e1rove\u0148 redukuje v\u00fdskyt jemn\u00fdch linek a vr\u00e1sek. Je pos\u00edleno o bioaktiva\u010dn\u00ed technologie s kosmeceutick\u00fdm \u00fa\u010dinkem, kter\u00e9 jsou z\u00e1rove\u0148 \u0161etrn\u00e9 k pleti.<\/span><\/p>\n<p><span style=\"font-family: arial, helvetica, sans-serif;\"><strong>Liftingov\u00fd a zpev\u0148uj\u00edc\u00ed o\u010dn\u00ed kr\u00e9m Lift+Firm Novage+<\/strong> je vysp\u011bl\u00fd multiaktivn\u00ed o\u010dn\u00ed kr\u00e9m s technologi\u00ed podobnou retinolu, kter\u00fd byl vyvinut pro lifting a zpevn\u011bn\u00ed pleti kolem o\u010d\u00ed. Z\u00e1rove\u0148 p\u016fsob\u00ed proti vr\u00e1sk\u00e1m a zn\u00e1mk\u00e1m \u00fanavy, aby byla ple\u0165 sv\u011b\u017e\u00ed, mladistv\u00e1 a vypadala revitalizovan\u011b.<\/span><\/p>\n<p><span style=\"font-family: arial, helvetica, sans-serif;\"><strong>Hutn\u00fd omlazuj\u00edc\u00ed denn\u00ed kr\u00e9m Multi-Active s SPF 30 Novage+<\/strong> posiluje a chr\u00e1n\u00ed ko\u017en\u00ed bari\u00e9ru, zlep\u0161uje hydrataci, pevnost, z\u00e1\u0159ivost a texturu pleti a dosahuje v\u00fdjime\u010dn\u00fdch v\u00fdsledk\u016f v boji proti st\u00e1rnut\u00ed poko\u017eky. Slo\u017een\u00ed obsahuje technologie Bio Re: Barrier a Advanced Pollution System, vitamin E, kyselinu hyaluronovou, extrakt z vrbovky a ochrann\u00fd faktor SPF 30.<\/span><\/p>\n<p><span style=\"font-family: arial, helvetica, sans-serif;\"><strong>Hutn\u00fd omlazuj\u00edc\u00ed no\u010dn\u00ed kr\u00e9m Multi-Active Novage+<\/strong> je vyvinut tak, aby aktivoval no\u010dn\u00ed regeneraci pleti, zlep\u0161il jej\u00ed hydrataci a z\u00e1rove\u0148 viditeln\u011b redukoval vr\u00e1sky a jemn\u00e9 linky; d\u00edky tomu dosahuje v\u00fdjime\u010dn\u00fdch v\u00fdsledk\u016f proti st\u00e1rnut\u00ed pleti. Slo\u017een\u00ed obsahuje technologie Bio CeramidesPro a Advanced NightSync, vitamin E a bambuck\u00e9 m\u00e1slo.<\/span><\/p>\n<p><span style=\"font-family: arial, helvetica, sans-serif; color: #000000;\"><strong>INGREDIENCE<\/strong><\/span><\/p>\n<p><span style=\"font-family: arial, helvetica, sans-serif; color: #000000;\"><strong>1 ritu\u00e1l, 8 bio aktiva\u010dn\u00edch technologi\u00ed!<\/strong><\/span><\/p>\n<p><span style=\"font-family: arial, helvetica, sans-serif; color: #000000;\">+ Bio Lipid System<\/span><\/p>\n<p><span style=\"font-family: arial, helvetica, sans-serif; color: #000000;\">+ Bio Aspartolift<\/span><\/p>\n<p><span style=\"font-family: arial, helvetica, sans-serif; color: #000000;\">+ Eye Vital<\/span><\/p>\n<p><span style=\"font-family: arial, helvetica, sans-serif; color: #000000;\">+ Oripeptide-3<\/span><\/p>\n<p><span style=\"font-family: arial, helvetica, sans-serif; color: #000000;\">+ Bio Re:Barrier<\/span><\/p>\n<p><span style=\"font-family: arial, helvetica, sans-serif; color: #000000;\">+ Advanced Pollution System<\/span><\/p>\n<p><span style=\"font-family: arial, helvetica, sans-serif; color: #000000;\">+ Bio CeramidesPro<\/span><\/p>\n<p><span style=\"font-family: arial, helvetica, sans-serif; color: #000000;\">+ Advanced NightSync<\/span><\/p>\n<p><span style=\"font-family: arial, helvetica, sans-serif; color: #000000;\"><strong>+ Bio Lipid System<\/strong>\u00a0(\u010distic\u00ed gel)<\/span><\/p>\n<p><span style=\"font-family: arial, helvetica, sans-serif; color: #000000;\">Podporuje ko\u017en\u00ed bari\u00e9ru na dvou \u00farovn\u00edch; pom\u00e1h\u00e1 j\u00ed \u0161etrn\u011b odstranit odum\u0159el\u00e9 ko\u017en\u00ed bu\u0148ky a z\u00e1rove\u0148 chr\u00e1n\u00ed ko\u017en\u00ed lipidy a p\u0159irozenou rovnov\u00e1hu hydratace \u2013 pro d\u016fkladn\u00e9 myt\u00ed tv\u00e1\u0159e s naprost\u00fdm respektem k poko\u017ece.<\/span><\/p>\n<p><span style=\"font-family: arial, helvetica, sans-serif; color: #000000;\"><strong>+ Bio Aspartolift\u00a0<\/strong>(o\u010dn\u00ed kr\u00e9m, s\u00e9rum)<\/span><\/p>\n<p><span style=\"font-family: arial, helvetica, sans-serif; color: #000000;\">Tato patentovan\u00e1 bio aktiva\u010dn\u00ed technologie m\u00e1 podobn\u00e9 \u00fa\u010dinky na pru\u017enost pleti jako retinol<sup>\u03943<\/sup>, ale z\u00e1rove\u0148 je k poko\u017ece \u0161etrn\u011bj\u0161\u00ed \u2013 proto je obzvl\u00e1\u0161\u0165 dobrou volbou pro choulostiv\u00e9 o\u010dn\u00ed okol\u00ed. Reaktivuje v pleti bu\u0148ky fibroblasty, \u010d\u00edm\u017e stimuluje tvorbu kolagenu, navrac\u00ed ztracenou pevnost a pru\u017enost a pozved\u00e1 a obnovuje kontury tv\u00e1\u0159e.<\/span><\/p>\n<p><span style=\"font-family: arial, helvetica, sans-serif; color: #000000;\"><strong>+ Eye Vital<\/strong>\u00a0(o\u010dn\u00ed kr\u00e9m)<\/span><\/p>\n<p><span style=\"font-family: arial, helvetica, sans-serif; color: #000000;\">Technologie s vysok\u00fdm pod\u00edlem flavonoid\u016f a l\u00e1tek p\u0159\u00edrodn\u00edho p\u016fvodu z arabsk\u00e9ho jasm\u00ednu a hlohu redukuje tmav\u00e9 kruhy a otoky pod o\u010dima.<\/span><\/p>\n<p><span style=\"font-family: arial, helvetica, sans-serif; color: #000000;\"><strong>+ Oripeptide-3<\/strong>\u00a0(s\u00e9rum)<\/span><\/p>\n<p><span style=\"font-family: arial, helvetica, sans-serif; color: #000000;\">Na\u0161e patentovan\u00e1 omlazuj\u00edc\u00ed technologie p\u0159\u00edrodn\u00edho p\u016fvodu z kvasnic, r\u00fd\u017ee a p\u0161enice pom\u00e1h\u00e1 aktivovat vlastn\u00ed tvorbu kolagenu v pleti, kter\u00e1 vede ke zlep\u0161en\u00ed vzhledu jemn\u00fdch linek a vr\u00e1sek. Prokazateln\u011b podporuje tvorbu kolagneu je\u0161t\u011b rychleji ne\u017e vitamin C<sup>\u25ca<\/sup>.<\/span><\/p>\n<p><span style=\"font-family: arial, helvetica, sans-serif; color: #000000;\"><strong>+ Bio Re:Barrier<\/strong>\u00a0(denn\u00ed kr\u00e9m)<\/span><\/p>\n<p><span style=\"font-family: arial, helvetica, sans-serif; color: #000000;\">Na\u0161e patentovan\u00e1 technologie p\u0159\u00edrodn\u00edho p\u016fvodu posiluje ko\u017en\u00ed bari\u00e9ru \u00fa\u010dinn\u011bji ne\u017e nikotinamid, jak potvrzuj\u00ed testy<sup>\u03943<\/sup>. Pom\u00e1h\u00e1 obnovovat funkce ko\u017en\u00ed bari\u00e9ry, kter\u00e1 v pleti uzamyk\u00e1 hydrataci, a pom\u00e1h\u00e1 br\u00e1nit rozkladu kolagenu, \u010d\u00edm\u017e bojuje proti zn\u00e1mk\u00e1m st\u00e1rnut\u00ed.<\/span><\/p>\n<p><span style=\"font-family: arial, helvetica, sans-serif; color: #000000;\"><strong>+ Advanced Pollution System<\/strong>\u00a0(denn\u00ed kr\u00e9m)<\/span><\/p>\n<p><span style=\"font-family: arial, helvetica, sans-serif; color: #000000;\">Tato p\u0159\u00edrodn\u00ed biomimetick\u00e1 technologie na va\u0161\u00ed pleti vytv\u00e1\u0159\u00ed jemnou, prody\u0161nou ochrannou vrstvu, kter\u00e1 ji pom\u00e1h\u00e1 chr\u00e1nit proti stresuj\u00edc\u00edm vliv\u016fm okoln\u00edho prost\u0159ed\u00ed, jako je zne\u010di\u0161t\u011bn\u00ed, kou\u0159 a voln\u00e9 radik\u00e1ly. Tak\u00e9 vytv\u00e1\u0159\u00ed efekt okam\u017eit\u00e9ho vypnut\u00ed a vyhlazen\u00ed pleti, kter\u00e9 pom\u00e1h\u00e1 redukovat viditelnost jemn\u00fdch linek a vr\u00e1sek.<\/span><\/p>\n<p><span style=\"font-family: arial, helvetica, sans-serif; color: #000000;\"><strong>+ Bio CeramidesPro<\/strong>\u00a0(no\u010dn\u00ed kr\u00e9m)<\/span><\/p>\n<p><span style=\"font-family: arial, helvetica, sans-serif; color: #000000;\">Technologie p\u0159\u00edrodn\u00edho p\u016fvodu z ovsa, kter\u00e1 opravuje ko\u017en\u00ed bari\u00e9ru, zat\u00edmco sp\u00edte, \u010d\u00edm\u017e redukuje zn\u00e1mky st\u00e1rnut\u00ed. Obnovuje v ko\u017en\u00ed bari\u00e9\u0159e d\u016fle\u017eit\u00e9 ceramidy a prokazateln\u011b podporuje tvorbu vlastn\u00ed kyseliny hyaluronov\u00e9 v pleti.<sup>\u25ca2<\/sup>.<\/span><\/p>\n<p><span style=\"font-family: arial, helvetica, sans-serif; color: #000000;\"><strong>+ Advanced NightSync<\/strong>\u00a0(no\u010dn\u00ed kr\u00e9m)<\/span><\/p>\n<p><span style=\"font-family: arial, helvetica, sans-serif; color: #000000;\">Technologie vyvinut\u00e1 k napodoben\u00ed pozitivn\u00edch \u00fa\u010dink\u016f sp\u00e1nku na st\u00e1rnouc\u00ed pleti. Tato biomimetick\u00e1 technologie \u00fa\u010dinkuje podobn\u011b jako melatonin. B\u011bhem no\u010dn\u00edho procesu oprav v poko\u017ece p\u016fsob\u00ed jako antioxidant a p\u0159isp\u00edv\u00e1 k v\u00fdznamn\u00e9 redukci vr\u00e1sek.<\/span><\/p>\n<p><span style=\"font-family: arial, helvetica, sans-serif; color: #000000;\"><sup>\u03943<\/sup>\u00a0Klinicky testovan\u00e1 aktivn\u00ed p\u0159\u00edsada\u00a0<sup>\u25ca<\/sup>\u00a0<em>ex vivo<\/em>.\u00a0<sup>\u25ca2<\/sup>\u00a0<em>in vitro<\/em>. Bio Aspartolift \u2013 Patent \u010d. EP11797020. Oripeptide-3 Patent \u010d. SE531484C2. Bio Re:Barrier Patent v \u0159\u00edzen\u00ed \u010d. SE2020376-4.<\/span><\/p>\n<p>&nbsp;<\/p>\n","protected":false},"excerpt":{"rendered":"<p><span style=\"font-family: arial, helvetica, sans-serif; color: #000000;\"><strong>Box a 5 produkt\u016f v pln\u00e9 velikosti<\/strong> \u2013 \u010distic\u00ed gel (150ml), o\u010dn\u00ed kr\u00e9m (15ml), s\u00e9rum (30ml), <\/span><span style=\"font-family: arial, helvetica, sans-serif; color: #000000;\">hutn\u00fd denn\u00ed kr\u00e9m s SPF30 (50ml) a hutn\u00fd no\u010dn\u00ed kr\u00e9m (50ml).<\/span><\/p>\n<div class=\"product-detail-v55igo\" data-testid=\"Presentation-product-detail-summary-info\"><span style=\"font-family: arial, helvetica, sans-serif; color: #000000;\">Zv\u00fdrazn\u011bte kontury sv\u00e9ho obli\u010deje a z\u00edskejte liftingov\u00fd efekt d\u00edky tomuto ritu\u00e1lu o \u010dty\u0159ech kroc\u00edch. Produkty v ritu\u00e1lu Novage+ Lift + Firm jsou obohaceny o osm nejlep\u0161\u00edch bioaktiva\u010dn\u00edch technologi\u00ed ve sv\u00e9 t\u0159\u00edd\u011b. \u00da\u010dinn\u011b p\u016fsob\u00ed na ochablou ple\u0165 a zlep\u0161uj\u00ed zn\u00e1mky st\u00e1rnut\u00ed, jako jsou jemn\u00e9 linky, vr\u00e1sky a mdl\u00fd vzhled pleti. P\u0159i pravideln\u00e9m pou\u017e\u00edv\u00e1n\u00ed budou kontury obli\u010deje pevn\u011bj\u0161\u00ed, vypnut\u011bj\u0161\u00ed a kr\u00e1sn\u011bji vytvarovan\u00e9 \u2013 s viditeln\u00fdmi v\u00fdsledky ji\u017e za dva t\u00fddny.<\/span><\/div>\n<div class=\"product-detail-1buwlw5\">\n<div class=\"product-detail-uyp0pw\">\n<ul>\n<li class=\"product-detail-bphipo\"><span style=\"font-family: arial, helvetica, sans-serif; color: #000000;\">Vyp\u00edn\u00e1, vyhlazuje a posiluje ochablou ple\u0165<\/span><\/li>\n<li class=\"product-detail-bphipo\"><span style=\"font-family: arial, helvetica, sans-serif; color: #000000;\">Ji\u017e od prvn\u00edho pou\u017eit\u00ed viditeln\u011b zlep\u0161uje vzhled pleti<\/span><\/li>\n<li class=\"product-detail-bphipo\"><span style=\"font-family: arial, helvetica, sans-serif; color: #000000;\">Ple\u0165 zanech\u00e1v\u00e1 pevn\u011bj\u0161\u00ed s v\u00fdrazn\u011bj\u0161\u00edmi konturami obli\u010deje \u2013 ji\u017e b\u011bhem p\u00e1r t\u00fddn\u016f<\/span><\/li>\n<\/ul>\n<p>&nbsp;<\/p>\n<div class=\"product-detail-v4i4af\">\n<div class=\"woocommerce-product-details__short-description\">\n<div class=\"woocommerce-product-details__short-description\">\n<div class=\"Summary_summary__benefits__8ar3s\">\n<div class=\"Benefits_benefits__3OGwl\">\n<div>\n<div class=\"woocommerce-product-details__short-description\">\n<div class=\"product-detail-vdfylx\">\n<div class=\"product-detail-d0oxj1\">\n<div class=\"product-detail-1yhj3ra\">\n<p class=\"product-detail-17mztir\" data-testid=\"Presentation-product-detail-LowestPreviousPrice\"><span style=\"font-family: arial, helvetica, sans-serif; font-size: 10pt;\">Nejni\u017e\u0161\u00ed cena platn\u00e1 ve 30 dnech p\u0159ed platnost\u00ed sou\u010dasn\u00e9 ceny byla 2499 K\u010d<\/span><\/p>\n<\/div>\n<\/div>\n<\/div>\n<\/div>\n<\/div>\n<\/div>\n<\/div>\n<\/div>\n<\/div>\n<\/div>\n<\/div>\n<\/div>\n","protected":false},"featured_media":4337,"comment_status":"closed","ping_status":"closed","template":"","meta":[],"pwb-brand":[27],"product_brand":[91],"product_cat":[44,30],"product_tag":[],"class_list":{"0":"post-4336","1":"product","2":"type-product","3":"status-publish","4":"has-post-thumbnail","6":"pwb-brand-https-cz-oriflame-com-cataloguesstorebeautyobchod","7":"product_brand-oriflame","8":"product_cat-sady-novage","9":"product_cat-pece-o-plet","11":"first","12":"instock","13":"sale","14":"taxable","15":"shipping-taxable","16":"purchasable","17":"product-type-simple"},"brands":[{"id":27,"name":"Oriflame","slug":"https-cz-oriflame-com-cataloguesstorebeautyobchod"}],"_links":{"self":[{"href":"https:\/\/priroda-uvadi.cz\/beauty\/wp-json\/wp\/v2\/product\/4336","targetHints":{"allow":["GET"]}}],"collection":[{"href":"https:\/\/priroda-uvadi.cz\/beauty\/wp-json\/wp\/v2\/product"}],"about":[{"href":"https:\/\/priroda-uvadi.cz\/beauty\/wp-json\/wp\/v2\/types\/product"}],"replies":[{"embeddable":true,"href":"https:\/\/priroda-uvadi.cz\/beauty\/wp-json\/wp\/v2\/comments?post=4336"}],"wp:featuredmedia":[{"embeddable":true,"href":"https:\/\/priroda-uvadi.cz\/beauty\/wp-json\/wp\/v2\/media\/4337"}],"wp:attachment":[{"href":"https:\/\/priroda-uvadi.cz\/beauty\/wp-json\/wp\/v2\/media?parent=4336"}],"wp:term":[{"taxonomy":"pwb-brand","embeddable":true,"href":"https:\/\/priroda-uvadi.cz\/beauty\/wp-json\/wp\/v2\/pwb-brand?post=4336"},{"taxonomy":"product_brand","embeddable":true,"href":"https:\/\/priroda-uvadi.cz\/beauty\/wp-json\/wp\/v2\/product_brand?post=4336"},{"taxonomy":"product_cat","embeddable":true,"href":"https:\/\/priroda-uvadi.cz\/beauty\/wp-json\/wp\/v2\/product_cat?post=4336"},{"taxonomy":"product_tag","embeddable":true,"href":"https:\/\/priroda-uvadi.cz\/beauty\/wp-json\/wp\/v2\/product_tag?post=4336"}],"curies":[{"name":"wp","href":"https:\/\/api.w.org\/{rel}","templated":true}]}}