{"id":4334,"date":"2023-03-23T15:11:26","date_gmt":"2023-03-23T14:11:26","guid":{"rendered":"https:\/\/priroda-uvadi.cz\/beauty\/?post_type=product&#038;p=4334"},"modified":"2026-04-01T21:22:18","modified_gmt":"2026-04-01T19:22:18","slug":"intenzivne-rozjasnujici-ritual-bright-intense-novage","status":"publish","type":"product","link":"https:\/\/priroda-uvadi.cz\/beauty\/produkt\/intenzivne-rozjasnujici-ritual-bright-intense-novage\/","title":{"rendered":"Intenzivn\u011b rozjas\u0148uj\u00edc\u00ed ritu\u00e1l Bright Intense Novage+"},"content":{"rendered":"<p><span style=\"font-family: arial, helvetica, sans-serif; color: #000000;\">V\u00e1\u0161 ritu\u00e1l Novage+ posouv\u00e1 vrstven\u00ed produkt\u016f na vy\u0161\u0161\u00ed \u00farove\u0148, abyste sv\u00e9 pleti poskytli je\u0161t\u011b lep\u0161\u00ed p\u00e9\u010di. Ka\u017ed\u00fd produkt je vyvinut tak, aby pos\u00edlil \u00fa\u010dinek dal\u0161\u00edho produktu, a to d\u00edky v\u00fdkonn\u00fdm, p\u0159\u00edrodou inspirovan\u00fdm bio aktiva\u010dn\u00edm technologi\u00edm, kter\u00e9 p\u016fsob\u00ed v dokonal\u00e9 souh\u0159e s va\u0161\u00ed plet\u00ed pro dosa\u017een\u00ed optim\u00e1ln\u00edch v\u00fdsledk\u016f. Z\u00edskejte \u00fa\u017easn\u00e9 v\u00fdsledky d\u00edky pouh\u00fdm \u010dty\u0159em krok\u016fm.<\/span><\/p>\n<p><strong><span style=\"font-family: arial, helvetica, sans-serif; color: #000000;\">POU\u017dIT\u00cd<\/span><\/strong><\/p>\n<p><span style=\"font-family: arial, helvetica, sans-serif; color: #000000;\">KROK 1: \u010cI\u0160T\u011aN\u00cd<\/span><\/p>\n<p><span style=\"font-family: arial, helvetica, sans-serif; color: #000000;\">Pou\u017e\u00edvejte r\u00e1no a ve\u010der.<\/span><\/p>\n<p><span style=\"font-family: arial, helvetica, sans-serif; color: #000000;\">&#8211; Navlh\u010den\u00fdma rukama naneste jednu pumpi\u010dku \u010distic\u00edho gelu do dlan\u011b.<\/span><\/p>\n<p><span style=\"font-family: arial, helvetica, sans-serif; color: #000000;\">&#8211; Promn\u011bte gel mezi dlan\u011bmi, aby se vytvo\u0159ila p\u011bna.<\/span><\/p>\n<p><span style=\"font-family: arial, helvetica, sans-serif; color: #000000;\">&#8211; Krou\u017eiv\u00fdmi pohyby jemn\u011b promas\u00edrujte obli\u010dej.<\/span><\/p>\n<p><span style=\"font-family: arial, helvetica, sans-serif; color: #000000;\">&#8211; D\u016fkladn\u011b opl\u00e1chn\u011bte vodou.<\/span><\/p>\n<p><span style=\"font-family: arial, helvetica, sans-serif; color: #000000;\">&#8211; Vyhn\u011bte se p\u0159\u00edm\u00e9mu kontaktu s o\u010dima.<\/span><\/p>\n<p>&nbsp;<\/p>\n<p><span style=\"font-family: arial, helvetica, sans-serif; color: #000000;\">KROK 2: OKOL\u00cd O\u010cI<\/span><\/p>\n<p><span style=\"font-family: arial, helvetica, sans-serif; color: #000000;\">Aplikujte r\u00e1no a ve\u010der po vy\u010di\u0161t\u011bn\u00ed pleti.<\/span><\/p>\n<p><span style=\"font-family: arial, helvetica, sans-serif; color: #000000;\">&#8211; Pod ka\u017ed\u00e9 oko naneste mal\u00e9 mno\u017estv\u00ed kr\u00e9mu.<\/span><\/p>\n<p><span style=\"font-family: arial, helvetica, sans-serif; color: #000000;\">&#8211; Kr\u00e9m naneste pod\u00e9l o\u010dnicov\u00e9 kosti.<\/span><\/p>\n<p><span style=\"font-family: arial, helvetica, sans-serif; color: #000000;\">&#8211; Prsten\u00edkem jemn\u011b vklepejte do pleti, dokud se kr\u00e9m nevst\u0159eb\u00e1.<\/span><\/p>\n<p><span style=\"font-family: arial, helvetica, sans-serif; color: #000000;\">&#8211; Jemnou ple\u0165 kolem o\u010d\u00ed net\u0159ete ani nenatahujte.<\/span><\/p>\n<p><span style=\"font-family: arial, helvetica, sans-serif; color: #000000;\">&#8211; Vyhn\u011bte se p\u0159\u00edm\u00e9mu kontaktu s o\u010dima.<\/span><\/p>\n<p><span style=\"font-family: arial, helvetica, sans-serif; color: #000000;\">KROK 3: S\u00c9RUM<\/span><\/p>\n<p><span style=\"font-family: arial, helvetica, sans-serif; color: #000000;\">Aplikujte r\u00e1no a ve\u010der po vy\u010di\u0161t\u011bn\u00ed pleti.<\/span><\/p>\n<p><span style=\"font-family: arial, helvetica, sans-serif; color: #000000;\">&#8211; Pou\u017eijte jednu a\u017e dv\u011b pumpi\u010dky.<\/span><\/p>\n<p><span style=\"font-family: arial, helvetica, sans-serif; color: #000000;\">&#8211; Naneste na \u010delo, tv\u00e1\u0159e a bradu.<\/span><\/p>\n<p><span style=\"font-family: arial, helvetica, sans-serif; color: #000000;\">&#8211; Jemn\u011b a rovnom\u011brn\u011b rozet\u0159ete po cel\u00e9m obli\u010deji.<\/span><\/p>\n<p><span style=\"font-family: arial, helvetica, sans-serif; color: #000000;\">&#8211; Vyhn\u011bte se okol\u00ed o\u010d\u00ed.<\/span><\/p>\n<p><span style=\"font-family: arial, helvetica, sans-serif; color: #000000;\">KROK 4: HYDRATACE<\/span><\/p>\n<p><span style=\"font-family: arial, helvetica, sans-serif; color: #000000;\">Aplikujte po nanesen\u00ed s\u00e9ra &#8211; r\u00e1no denn\u00ed kr\u00e9m, ve\u010der no\u010dn\u00ed kr\u00e9m.<\/span><\/p>\n<p><span style=\"font-family: arial, helvetica, sans-serif; color: #000000;\">&#8211; Pou\u017eijte mno\u017estv\u00ed velikosti hr\u00e1\u0161ku.<\/span><\/p>\n<p><span style=\"font-family: arial, helvetica, sans-serif; color: #000000;\">&#8211; Naneste na \u010delo a tv\u00e1\u0159e.<\/span><\/p>\n<p><span style=\"font-family: arial, helvetica, sans-serif; color: #000000;\">&#8211; Rovnom\u011brn\u011b rozet\u0159ete kr\u00e9m na obli\u010dej, krk a dekolt, dokud se nevst\u0159eb\u00e1.<\/span><\/p>\n<p><span style=\"font-family: arial, helvetica, sans-serif; color: #000000;\">&#8211; Vyhn\u011bte se oblasti o\u010d\u00ed.<\/span><\/p>\n<p><span style=\"font-family: arial, helvetica, sans-serif; color: #000000;\">Dodr\u017eujte ritu\u00e1l dvakr\u00e1t denn\u011b, ka\u017ed\u00fd den, a uvid\u00edte lep\u0161\u00ed v\u00fdsledky &#8211; je\u0161t\u011b rychleji.<\/span><\/p>\n<p><span style=\"font-family: arial, helvetica, sans-serif; color: #000000;\"><strong>Obnovuj\u00edc\u00ed \u010distic\u00ed gel Novage+<\/strong> \u2013 \u00fa\u010dinn\u00e9 a z\u00e1rove\u0148 jemn\u00e9 \u010di\u0161t\u011bn\u00ed, kter\u00e9 zajist\u00ed, \u017ee va\u0161e ple\u0165 bude vyv\u00e1\u017een\u00e1 a optim\u00e1ln\u011b p\u0159ipraven\u00e1 k absorpci \u00fa\u010dinn\u00fdch l\u00e1tek z produkt\u016f ritu\u00e1lu. Slo\u017een\u00ed obsahuje technologii Bio Lipid System.<\/span><\/p>\n<p><span style=\"font-family: arial, helvetica, sans-serif; color: #000000;\"><strong>Intenzivn\u011b rozjas\u0148uj\u00edc\u00ed s\u00e9rum Bright Intense Novage+<\/strong> je multiaktivn\u00ed s\u00e9rum proti st\u00e1rnut\u00ed, kter\u00e9 redukuje hyperpigmentaci a tmav\u00e9 skvrny, rozjas\u0148uje, vyrovn\u00e1v\u00e1 t\u00f3n pleti a sni\u017euje v\u00fdskyt jemn\u00fdch linek a vr\u00e1sek.<\/span><\/p>\n<p><span style=\"font-family: arial, helvetica, sans-serif; color: #000000;\"><strong>Intenzivn\u011b rozjas\u0148uj\u00edc\u00ed o\u010dn\u00ed kr\u00e9m Bright Intense Novage+<\/strong> je vysp\u011bl\u00fd rozjas\u0148uj\u00edc\u00ed a omlazuj\u00edc\u00ed kr\u00e9m, kter\u00fd p\u016fsob\u00ed proti hyperpigmentaci, tmav\u00fdm kruh\u016fm a otok\u016fm. Pom\u00e1h\u00e1 vyhladit jemn\u00e9 linky a vr\u00e1sky, zanech\u00e1v\u00e1 okol\u00ed o\u010d\u00ed z\u00e1\u0159iv\u011bj\u0161\u00ed a mladistv\u011bj\u0161\u00ed.<\/span><\/p>\n<p><span style=\"font-family: arial, helvetica, sans-serif; color: #000000;\"><strong>Lehk\u00fd omlazuj\u00edc\u00ed denn\u00ed kr\u00e9m Multi-Active s SPF 30 Novage+<\/strong> intenzivn\u011b hydratuje, posiluje a chr\u00e1n\u00ed ko\u017en\u00ed bari\u00e9ru a bojuje proti 10 hlavn\u00edm zn\u00e1mk\u00e1m st\u00e1rnut\u00ed pleti. Podporuje jej\u00ed pevnost, redukuje jemn\u00e9 linky, vr\u00e1sky a mdl\u00fd, nerovnom\u011brn\u00fd t\u00f3n pleti. S ochrann\u00fdm faktorem SPF a s kyselinou hyaluronovou.<\/span><\/p>\n<p><span style=\"font-family: arial, helvetica, sans-serif; color: #000000;\"><strong>Hutn\u00fd omlazuj\u00edc\u00ed no\u010dn\u00ed kr\u00e9m Multi-Active Novage+<\/strong> je vyvinut tak, aby aktivoval no\u010dn\u00ed regeneraci pleti, zlep\u0161il jej\u00ed hydrataci a z\u00e1rove\u0148 viditeln\u011b redukoval vr\u00e1sky a jemn\u00e9 linky; d\u00edky tomu dosahuje v\u00fdjime\u010dn\u00fdch v\u00fdsledk\u016f proti st\u00e1rnut\u00ed pleti. Slo\u017een\u00ed obsahuje technologie Bio CeramidesPro a Advanced NightSync, vitamin E a bambuck\u00e9 m\u00e1slo.<\/span><\/p>\n<p><strong><span style=\"font-family: arial, helvetica, sans-serif;\">INGREDIENCE<\/span><\/strong><\/p>\n<p><span style=\"font-family: arial, helvetica, sans-serif; color: #000000;\"><strong>1 ritu\u00e1l, 8 bio aktiva\u010dn\u00edch technologi\u00ed!<\/strong><\/span><\/p>\n<p><span style=\"font-family: arial, helvetica, sans-serif; color: #000000;\">+ Bio Lipid System<\/span><\/p>\n<p><span style=\"font-family: arial, helvetica, sans-serif; color: #000000;\">+ Bio Lumilock<\/span><\/p>\n<p><span style=\"font-family: arial, helvetica, sans-serif; color: #000000;\">+ Eye Vital<\/span><\/p>\n<p><span style=\"font-family: arial, helvetica, sans-serif; color: #000000;\">+ Oripeptide-3<\/span><\/p>\n<p><span style=\"font-family: arial, helvetica, sans-serif; color: #000000;\">+ Bio Re:Barrier<\/span><\/p>\n<p><span style=\"font-family: arial, helvetica, sans-serif; color: #000000;\">+ Advanced Pollution System<\/span><\/p>\n<p><span style=\"font-family: arial, helvetica, sans-serif; color: #000000;\">+ Bio CeramidesPro<\/span><\/p>\n<p><span style=\"font-family: arial, helvetica, sans-serif; color: #000000;\">+ Advanced NightSync<\/span><\/p>\n<p>Bio aktiva\u010dn\u00ed technologie Novage+ jsou vysp\u011bl\u00e9 technologie, kter\u00e9 \u00fa\u010dinn\u011b \u2013 ale \u0161etrn\u011b \u2013 pracuj\u00ed s vlastn\u00edmi biologick\u00fdmi funkcemi poko\u017eky a pom\u00e1haj\u00ed j\u00ed, aby se sama dok\u00e1zala opravit, obnovit a pos\u00edlit.<\/p>\n<p><span style=\"font-family: arial, helvetica, sans-serif; color: #000000;\"><strong>+ Bio Lipid System<\/strong>\u00a0(\u010distic\u00ed gel)<\/span><\/p>\n<p><span style=\"font-family: arial, helvetica, sans-serif; color: #000000;\">Podporuje ko\u017en\u00ed bari\u00e9ru na dvou \u00farovn\u00edch; pom\u00e1h\u00e1 j\u00ed \u0161etrn\u011b odstranit odum\u0159el\u00e9 ko\u017en\u00ed bu\u0148ky a z\u00e1rove\u0148 chr\u00e1n\u00ed ko\u017en\u00ed lipidy a p\u0159irozenou rovnov\u00e1hu hydratace \u2013 pro d\u016fkladn\u00e9 myt\u00ed tv\u00e1\u0159e s naprost\u00fdm respektem k poko\u017ece.<\/span><\/p>\n<p><span style=\"font-family: arial, helvetica, sans-serif; color: #000000;\"><strong>+ Bio Lumilock<\/strong>\u00a0(o\u010dn\u00ed kr\u00e9m, s\u00e9rum)<\/span><\/p>\n<p><span style=\"font-family: arial, helvetica, sans-serif; color: #000000;\">Na\u0161e patentovan\u00e1 projas\u0148uj\u00edc\u00ed technologie odvozen\u00e1 z citrusov\u00e9 k\u016fry v pleti aktivuje mechanismy reguluj\u00edc\u00ed tvorbu melaninu, \u010d\u00edm\u017e v\u00fdrazn\u011b zlep\u0161uje t\u00f3n pleti a viditeln\u011b redukuje projevy hyperpigmentace, nap\u0159\u00edklad sta\u0159eck\u00e9 \u010di jin\u00e9 pigmentov\u00e9 skvrny. M\u00e1 podobn\u00e9 \u00fa\u010dinky jako kyselina kojov\u00e1<sup>\u25ca<\/sup>, ale zklid\u0148uje poko\u017eku a je k n\u00ed \u0161etrn\u011bj\u0161\u00ed.<\/span><\/p>\n<p><span style=\"font-family: arial, helvetica, sans-serif; color: #000000;\"><strong>+ Eye Vital<\/strong>\u00a0(o\u010dn\u00ed kr\u00e9m)<\/span><\/p>\n<p><span style=\"font-family: arial, helvetica, sans-serif; color: #000000;\">Technologie s vysok\u00fdm pod\u00edlem flavonoid\u016f a l\u00e1tek p\u0159\u00edrodn\u00edho p\u016fvodu z arabsk\u00e9ho jasm\u00ednu a hlohu redukuje tmav\u00e9 kruhy a otoky pod o\u010dima.<\/span><\/p>\n<p><span style=\"font-family: arial, helvetica, sans-serif; color: #000000;\"><strong>+ Oripeptide-3<\/strong>\u00a0(s\u00e9rum)<\/span><\/p>\n<p><span style=\"font-family: arial, helvetica, sans-serif; color: #000000;\">Na\u0161e patentovan\u00e1 omlazuj\u00edc\u00ed technologie p\u0159\u00edrodn\u00edho p\u016fvodu z kvasnic, r\u00fd\u017ee a p\u0161enice zlep\u0161uje vzhled jemn\u00fdch linek a vr\u00e1sek. Testy potvrdily, \u017ee podporuje tvorbu kolagenu je\u0161t\u011b rychleji ne\u017e vitamin C<sup>\u25ca<\/sup>.<\/span><\/p>\n<p><span style=\"font-family: arial, helvetica, sans-serif; color: #000000;\">\u202f<\/span><\/p>\n<p><span style=\"font-family: arial, helvetica, sans-serif; color: #000000;\"><strong>+ Bio Re:Barrier<\/strong>\u00a0(denn\u00ed kr\u00e9m)<\/span><\/p>\n<p><span style=\"font-family: arial, helvetica, sans-serif; color: #000000;\">Na\u0161e patentovan\u00e1 technologie p\u0159\u00edrodn\u00edho p\u016fvodu m\u00e1 v\u011bdecky prok\u00e1zanou schopnost posilovat ko\u017en\u00ed bari\u00e9ru je\u0161t\u011b \u00fa\u010dinn\u011bji ne\u017e nikotinamid a obnovuje jej\u00ed funkce, kter\u00e9 v pleti uzamykaj\u00ed hydrataci, tak\u00e9 pom\u00e1h\u00e1 br\u00e1nit rozkladu kolagenu, \u010d\u00edm\u017e p\u0159edch\u00e1z\u00ed prvn\u00edm zn\u00e1mk\u00e1m st\u00e1rnut\u00ed.<\/span><\/p>\n<p><span style=\"font-family: arial, helvetica, sans-serif; color: #000000;\"><strong>+ Advanced Pollution System<\/strong>\u00a0(denn\u00ed kr\u00e9m)<\/span><\/p>\n<p><span style=\"font-family: arial, helvetica, sans-serif; color: #000000;\">Tato p\u0159\u00edrodn\u00ed biomimetick\u00e1 technologie na va\u0161\u00ed pleti vytv\u00e1\u0159\u00ed jemnou, prody\u0161nou, ochrannou vrstvu, kter\u00e1 ji pom\u00e1h\u00e1 chr\u00e1nit proti stresuj\u00edc\u00edm vliv\u016fm okoln\u00edho prost\u0159ed\u00ed, jako je zne\u010di\u0161t\u011bn\u00ed, kou\u0159 a voln\u00e9 radik\u00e1ly. Tak\u00e9 vytv\u00e1\u0159\u00ed efekt okam\u017eit\u00e9ho vypnut\u00ed a vyhlazen\u00ed pleti, kter\u00e9 pom\u00e1h\u00e1 redukovat viditelnost jemn\u00fdch linek a vr\u00e1sek.<\/span><\/p>\n<p><span style=\"font-family: arial, helvetica, sans-serif; color: #000000;\"><strong>+ Bio CeramidesPro<\/strong>\u00a0(no\u010dn\u00ed kr\u00e9m)<\/span><\/p>\n<p><span style=\"font-family: arial, helvetica, sans-serif; color: #000000;\">Technologie p\u0159\u00edrodn\u00edho p\u016fvodu z ovsa, kter\u00e1 opravuje ko\u017en\u00ed bari\u00e9ru, zat\u00edmco sp\u00edte, \u010d\u00edm\u017e redukuje zn\u00e1mky st\u00e1rnut\u00ed. Obnovuje v ko\u017en\u00ed bari\u00e9\u0159e d\u016fle\u017eit\u00e9 ceramidy a prokazateln\u011b podporuje tvorbu vlastn\u00ed kyseliny hyaluronov\u00e9 v pleti.<sup>\u25ca2<\/sup>.<\/span><\/p>\n<p><span style=\"font-family: arial, helvetica, sans-serif; color: #000000;\"><strong>+ Advanced NightSync<\/strong>\u00a0(no\u010dn\u00ed kr\u00e9m)<\/span><\/p>\n<p><span style=\"font-family: arial, helvetica, sans-serif; color: #000000;\">Technologie vyvinut\u00e1 k napodoben\u00ed pozitivn\u00edch \u00fa\u010dink\u016f sp\u00e1nku na st\u00e1rnouc\u00ed pleti. Tato biomimetick\u00e1 technologie \u00fa\u010dinkuje podobn\u011b jako melatonin.<\/span><\/p>\n<p>&nbsp;<\/p>\n<p><span style=\"font-family: arial, helvetica, sans-serif; color: #000000;\"><sup>\u25ca<\/sup>\u00a0<em>ex vivo<\/em>.\u00a0<sup>\u25ca2<\/sup>\u00a0<em>in vitro<\/em>. Bio Lumilock \u2013 patent \u010d. SE2862600. Oripeptide-3 Patent \u010d. SE531484. Bio Re:Barrier Patent v \u0159\u00edzen\u00ed \u010d.<\/span><\/p>\n<p>&nbsp;<\/p>\n","protected":false},"excerpt":{"rendered":"<div class=\"Y3BBE\"><span style=\"font-family: arial, helvetica, sans-serif; color: #000000;\"><strong class=\"Yjhzub\">Mrz\u00ed n\u00e1s to, ale produkt je zde moment\u00e1ln\u011b vyprodan\u00fd.<\/strong><\/span><\/div>\n<div class=\"Y3BBE\"><span style=\"font-family: arial, helvetica, sans-serif; color: #000000;\">Pokud na produkt sp\u011bch\u00e1te, doporu\u010dujeme objednat p\u0159\u00edmo p\u0159es \ud83d\udc49 <span style=\"color: #ff0000;\"><em><a style=\"color: #ff0000;\" title=\"Intenzivn\u011b rozjas\u0148uj\u00edc\u00ed ritu\u00e1l Bright Intense Novage+\" href=\"https:\/\/cz.oriflame.com\/products\/product?code=45595&amp;query=45595&amp;store=CZ-beautyobchod\" target=\"_blank\" rel=\"nofollow noopener noreferrer\"><strong>ORIFLAME<\/strong><\/a><\/em>.<\/span><\/span><\/div>\n<div><\/div>\n<div class=\"Y3BBE\"><span style=\"font-family: arial, helvetica, sans-serif; color: #000000;\"><em> Pro nov\u00e9 z\u00e1kazn\u00edky je te\u010f p\u0159ipraven\u00a0bal\u00ed\u010dek v\u00fdhod<\/em>: <\/span><\/div>\n<div class=\"Y3BBE\"><span style=\"font-family: arial, helvetica, sans-serif; color: #000000;\"><span style=\"background-color: #f0f2f5; font-size: 14px;\">\u2705<\/span>\u00a0<strong class=\"Yjhzub\">15% UV\u00cdTAC\u00cd SLEVA<\/strong>\u00a0na prvn\u00ed n\u00e1kup<\/span><\/div>\n<div class=\"Y3BBE\"><span style=\"color: #000000; font-family: arial, helvetica, sans-serif; font-size: 15px; white-space-collapse: preserve;\"> \ud83d\udc47\ud83d\udc47\ud83d\udc47\ud83d\udc47<\/span><\/div>\n<div class=\"Y3BBE\"><span style=\"font-family: arial, helvetica, sans-serif; color: #000000;\"><span style=\"background-color: #f0f2f5; font-size: 14px;\">\u2705 <\/span><span style=\"font-size: 12pt;\">Sta\u010d\u00ed vlo\u017eit produkt do ko\u0161\u00edku\u00a0\ud83d\uded2\u00a0\u00a0a sleva se v\u00e1m okam\u017eit\u011b ode\u010dte.<\/span><\/span><\/div>\n<div class=\"Y3BBE\"><span style=\"font-family: arial, helvetica, sans-serif; color: #000000;\"><span style=\"font-size: 14px; background-color: #f0f2f5;\">\u2705<\/span>\u00a0<strong class=\"Yjhzub\">15% CASHBACK<\/strong>\u00a0z ka\u017ed\u00e9 objedn\u00e1vky<\/span><br \/>\n<span style=\"font-family: arial, helvetica, sans-serif; color: #000000;\"><span style=\"font-size: 14px; background-color: #f0f2f5;\">\u2705<\/span>\u00a0<strong class=\"Yjhzub\">DOPRAVA ZDARMA<\/strong> nad 750 K\u010d<\/span><\/div>\n<div class=\"Y3BBE\"><span style=\"font-family: arial, helvetica, sans-serif; color: #000000;\"><span style=\"background-color: #f0f2f5; font-size: 14px;\">\u2705\u00a0<\/span><span style=\"font-size: 14px;\">30denn\u00ed z\u00e1ruka vr\u00e1cen\u00ed pen\u011bz<\/span><\/span><\/div>\n<div>*<\/div>\n<div>*<\/div>\n<p><span style=\"font-family: arial, helvetica, sans-serif; color: #000000;\"><strong>Box a 5 produkt\u016f v pln\u00e9 velikosti \u2013<\/strong> \u010distic\u00ed gel (150ml), o\u010dn\u00ed kr\u00e9m (15ml), s\u00e9rum (30ml), lehk\u00fd denn\u00ed kr\u00e9m s SPF30 (50ml) a hutn\u00fd no\u010dn\u00ed kr\u00e9m (50ml).<\/span><\/p>\n<div class=\"product-detail-v55igo\" data-testid=\"Presentation-product-detail-summary-info\"><span style=\"font-family: arial, helvetica, sans-serif; color: #000000;\">Zdokonalte t\u00f3n a texturu sv\u00e9 pleti d\u00edky 4 jednoduch\u00fdm krok\u016fm! Ritu\u00e1l Novage+ Bright Intense \u00fa\u010dinn\u011b p\u016fsob\u00ed proti nedokonalostem pigmentu zp\u016fsoben\u00fdm slune\u010dn\u00edm z\u00e1\u0159en\u00edm, st\u00e1rnut\u00edm, jizvi\u010dkami po akn\u00e9 a hormon\u00e1ln\u00edmi zm\u011bnami. Z\u00e1rove\u0148 redukuje v\u00edce zn\u00e1mek st\u00e1rnut\u00ed, jako jsou vr\u00e1sky, jemn\u00e9 linky, tmav\u00e9 skvrny a mdl\u00fd vzhled pleti. Obsahuje osm nejlep\u0161\u00edch bio aktiva\u010dn\u00edch technologi\u00ed ve sv\u00e9 kategorii, kter\u00e9 viditeln\u011b redukuj\u00ed r\u016fzn\u00e9 typy hyperpigmentace a dod\u00e1vaj\u00ed pleti rozjasn\u011bn\u00fd a jednotn\u00fd vzhled. Ple\u0165 je pak v\u00fdrazn\u011b hlad\u0161\u00ed a mladistv\u011bj\u0161\u00ed.<\/span><\/div>\n<div class=\"product-detail-1buwlw5\">\n<div class=\"product-detail-uyp0pw\">\n<ul>\n<li class=\"product-detail-bphipo\"><span style=\"font-family: arial, helvetica, sans-serif; color: #000000;\">Viditeln\u011b rozjas\u0148uje a sjednocuje t\u00f3n pleti za p\u00e1r t\u00fddn\u016f<\/span><\/li>\n<li class=\"product-detail-bphipo\"><span style=\"font-family: arial, helvetica, sans-serif; color: #000000;\">Ple\u0165 je hlad\u0161\u00ed, pevn\u011bj\u0161\u00ed a hydratovan\u011bj\u0161\u00ed<\/span><\/li>\n<li class=\"product-detail-bphipo\"><span style=\"font-family: arial, helvetica, sans-serif; color: #000000;\">Zlep\u0161uje pru\u017enost pleti, vyhlazuje jemn\u00e9 linky a vr\u00e1sky<\/span><\/li>\n<\/ul>\n<p>&nbsp;<\/p>\n<div class=\"product-detail-v4i4af\">\n<div class=\"woocommerce-product-details__short-description\">\n<div class=\"woocommerce-product-details__short-description\">\n<div class=\"Summary_summary__benefits__8ar3s\">\n<div class=\"Benefits_benefits__3OGwl\">\n<div>\n<div class=\"woocommerce-product-details__short-description\">\n<div class=\"product-detail-vdfylx\">\n<div class=\"product-detail-d0oxj1\">\n<div class=\"product-detail-1yhj3ra\">\n<p class=\"product-detail-17mztir\" data-testid=\"Presentation-product-detail-LowestPreviousPrice\"><span style=\"font-family: arial, helvetica, sans-serif; font-size: 10pt;\">Nejni\u017e\u0161\u00ed cena platn\u00e1 ve 30 dnech p\u0159ed platnost\u00ed sou\u010dasn\u00e9 ceny byla 1400 K\u010d<\/span><\/p>\n<\/div>\n<\/div>\n<\/div>\n<\/div>\n<\/div>\n<\/div>\n<\/div>\n<\/div>\n<\/div>\n<\/div>\n<\/div>\n<\/div>\n","protected":false},"featured_media":4335,"comment_status":"closed","ping_status":"closed","template":"","meta":[],"pwb-brand":[27],"product_brand":[91],"product_cat":[44,30],"product_tag":[],"class_list":{"0":"post-4334","1":"product","2":"type-product","3":"status-publish","4":"has-post-thumbnail","6":"pwb-brand-https-cz-oriflame-com-cataloguesstorebeautyobchod","7":"product_brand-oriflame","8":"product_cat-sady-novage","9":"product_cat-pece-o-plet","11":"first","12":"outofstock","13":"sale","14":"taxable","15":"shipping-taxable","16":"purchasable","17":"product-type-simple"},"brands":[{"id":27,"name":"Oriflame","slug":"https-cz-oriflame-com-cataloguesstorebeautyobchod"}],"_links":{"self":[{"href":"https:\/\/priroda-uvadi.cz\/beauty\/wp-json\/wp\/v2\/product\/4334","targetHints":{"allow":["GET"]}}],"collection":[{"href":"https:\/\/priroda-uvadi.cz\/beauty\/wp-json\/wp\/v2\/product"}],"about":[{"href":"https:\/\/priroda-uvadi.cz\/beauty\/wp-json\/wp\/v2\/types\/product"}],"replies":[{"embeddable":true,"href":"https:\/\/priroda-uvadi.cz\/beauty\/wp-json\/wp\/v2\/comments?post=4334"}],"wp:featuredmedia":[{"embeddable":true,"href":"https:\/\/priroda-uvadi.cz\/beauty\/wp-json\/wp\/v2\/media\/4335"}],"wp:attachment":[{"href":"https:\/\/priroda-uvadi.cz\/beauty\/wp-json\/wp\/v2\/media?parent=4334"}],"wp:term":[{"taxonomy":"pwb-brand","embeddable":true,"href":"https:\/\/priroda-uvadi.cz\/beauty\/wp-json\/wp\/v2\/pwb-brand?post=4334"},{"taxonomy":"product_brand","embeddable":true,"href":"https:\/\/priroda-uvadi.cz\/beauty\/wp-json\/wp\/v2\/product_brand?post=4334"},{"taxonomy":"product_cat","embeddable":true,"href":"https:\/\/priroda-uvadi.cz\/beauty\/wp-json\/wp\/v2\/product_cat?post=4334"},{"taxonomy":"product_tag","embeddable":true,"href":"https:\/\/priroda-uvadi.cz\/beauty\/wp-json\/wp\/v2\/product_tag?post=4334"}],"curies":[{"name":"wp","href":"https:\/\/api.w.org\/{rel}","templated":true}]}}