{"id":4332,"date":"2023-03-23T14:55:40","date_gmt":"2023-03-23T13:55:40","guid":{"rendered":"https:\/\/priroda-uvadi.cz\/beauty\/?post_type=product&#038;p=4332"},"modified":"2025-10-23T11:46:29","modified_gmt":"2025-10-23T09:46:29","slug":"sampon-na-suche-vlasy-s-bio-psenici-a-kokosem-love-nature-maxi-baleni","status":"publish","type":"product","link":"https:\/\/priroda-uvadi.cz\/beauty\/produkt\/sampon-na-suche-vlasy-s-bio-psenici-a-kokosem-love-nature-maxi-baleni\/","title":{"rendered":"\u0160ampon na such\u00e9 vlasy s bio p\u0161enic\u00ed a kokosem Love Nature &#8211; maxi balen\u00ed 500ml"},"content":{"rendered":"<div class=\"product-detail-vpe3cs\" data-testid=\"Presentation-product-detail-description\">\n<div>\n<div class=\"product-detail-1ek59ni\"><span style=\"font-family: arial, helvetica, sans-serif; color: #000000;\"><strong>P\u0159\u00edrodn\u00ed v\u00fdta\u017eek z bio p\u0161enice<\/strong><\/span><br \/>\n<span style=\"font-family: arial, helvetica, sans-serif; color: #000000;\">P\u0161eni\u010dn\u00fd protein obsahuje \u201eochrann\u00e9 peptidy\u201c, kter\u00e9 na povrchu vlasu vytv\u00e1\u0159ej\u00ed ochrann\u00fd \u0161t\u00edt \u2013 ten pronik\u00e1 i do vlasov\u00e9ho vl\u00e1kna a pom\u00e1h\u00e1 pos\u00edlit a chr\u00e1nit such\u00e9, po\u0161kozen\u00e9 vlasy.<\/span><span style=\"font-family: arial, helvetica, sans-serif; color: #000000;\"><strong>P\u0159\u00edrodn\u00ed bio kokosov\u00fd olej<\/strong><\/span><br \/>\n<span style=\"font-family: arial, helvetica, sans-serif; color: #000000;\">Kokosov\u00fd olej m\u00e1 nav\u00edc zvl\u00e1\u010d\u0148uj\u00edc\u00ed a v\u00fd\u017eivn\u00e9 vlastnosti, je tedy pro such\u00e9 a po\u0161kozen\u00e9 vlasy dokonal\u00fdm \u0159e\u0161en\u00edm.<\/span><span style=\"font-family: arial, helvetica, sans-serif; font-size: 10pt;\">&#8212;&#8212;&#8212;&#8212;&#8212;&#8212;&#8212;&#8212;&#8212;&#8212;&#8212;&#8212;&#8212;&#8212;&#8212;&#8212;&#8212;&#8212;&#8212;&#8212;&#8212;&#8212;&#8212;&#8212;&#8212;&#8212;&#8212;&#8212;&#8212;&#8212;&#8212;&#8212;&#8212;&#8212;&#8212;&#8212;&#8212;&#8212;&#8212;&#8212;&#8212;&#8211;<\/span><\/div>\n<div class=\"MuiBox-root product-detail-1a3hsxn\">\n<div><span style=\"font-family: arial, helvetica, sans-serif; font-size: 10pt;\">V\u0161echny slo\u017eky<\/span><\/div>\n<div><span style=\"font-family: arial, helvetica, sans-serif; font-size: 10pt;\">AQUA, SODIUM LAURETH SULFATE, GLYCERIN, COCAMIDOPROPYL BETAINE, SODIUM CHLORIDE, LAURETH-3, COCO-GLUCOSIDE, GLYCOL DISTEARATE, CITRIC ACID, GUAR HYDROXYPROPYLTRIMONIUM CHLORIDE, BENZOPHENONE-4, COCOS NUCIFERA OIL, SODIUM CITRATE, TRITICUM AESTIVUM LEAF EXTRACT, PARFUM, SODIUM BENZOATE, PHENOXYETHANOL, POTASSIUM SORBATE, CI 16035, CI 19140, CI 42090<\/span><\/div>\n<\/div>\n<\/div>\n<\/div>\n<div class=\"product-detail-1rka0xt\" data-testid=\"Presentation-product-detail-accordion\">\n<div id=\"shipping\" class=\"MuiPaper-root MuiPaper-elevation MuiPaper-rounded MuiPaper-elevation1 MuiAccordion-root MuiAccordion-rounded MuiAccordion-gutters product-detail-7m82x0\">\n<div class=\"MuiCollapse-root MuiCollapse-vertical MuiCollapse-hidden product-detail-a0y2e3\">\n<div class=\"MuiCollapse-wrapper MuiCollapse-vertical product-detail-hboir5\">\n<div class=\"MuiCollapse-wrapperInner MuiCollapse-vertical product-detail-8atqhb\">\n<div class=\"MuiAccordion-region\" role=\"region\">\n<div class=\"MuiAccordionDetails-root product-detail-1s1u24f\">\n<div class=\"product-detail-1ek59ni\">\n<p>&nbsp;<\/p>\n<p>&nbsp;<\/p>\n<\/div>\n<\/div>\n<\/div>\n<\/div>\n<\/div>\n<\/div>\n<\/div>\n<\/div>\n<div class=\"addthis_toolbox product-detail-768alb\" data-testid=\"Presentation-product-detail-socialMediaShare\"><\/div>\n","protected":false},"excerpt":{"rendered":"<p><span style=\"font-family: arial, helvetica, sans-serif; color: #000000;\">Tento \u0161ampon kr\u00e9mov\u00e9 konzistence s bio p\u0161enic\u00ed a kokosov\u00fdm olejem pom\u00e1h\u00e1 vlas\u016fm navr\u00e1tit hydrataci.<\/span><span style=\"font-family: arial, helvetica, sans-serif; color: #000000;\">P\u0159\u00edjemn\u00e1, gelov\u00e1 receptura vytv\u00e1\u0159\u00ed hebkou, v\u00fd\u017eivnou p\u011bnu pro myt\u00ed such\u00fdch a po\u0161kozen\u00fdch vlas\u016f. Biologicky odbourateln\u00e9 slo\u017een\u00ed v l\u00e1hvi z 50 % z recyklovan\u00e9ho plastu.\u00a0 500ml<\/span><\/p>\n<div class=\"woocommerce-product-details__short-description\">\n<div class=\"woocommerce-product-details__short-description\">\n<div>\n<div class=\"woocommerce-product-details__short-description\">\n<div class=\"product-detail-v4i4af\" data-testid=\"Presentation-product-detail-benefits\">\n<div>\n<div class=\"woocommerce-product-details__short-description\">\n<div class=\"product-detail-v4i4af\" data-testid=\"Presentation-product-detail-benefits\">\n<div class=\"woocommerce-product-details__short-description\">\n<div class=\"product-detail-v4i4af\" data-testid=\"Presentation-product-detail-benefits\">\n<div class=\"woocommerce-product-details__short-description\">\n<div class=\"product-detail-v4i4af\" data-testid=\"Presentation-product-detail-benefits\">\n<div class=\"woocommerce-product-details__short-description\">\n<div class=\"product-detail-v4i4af\" data-testid=\"Presentation-product-detail-benefits\">\n<div class=\"woocommerce-product-details__short-description\">\n<div class=\"product-detail-v4i4af\" data-testid=\"Presentation-product-detail-benefits\">\n<div class=\"product-detail-o40nju\" data-testid=\"Presentation-product-detail-price-section\"><span class=\"MuiTypography-root MuiTypography-caption product-detail-8q5iga\" style=\"font-family: arial, helvetica, sans-serif; font-size: 10pt;\" data-testid=\"Presentation-product-detail-LowestPreviousPrice\">Nejni\u017e\u0161\u00ed cena platn\u00e1 ve 30 dnech p\u0159ed platnost\u00ed sou\u010dasn\u00e9 ceny byla 150 K\u010d<\/span><\/div>\n<\/div>\n<\/div>\n<\/div>\n<\/div>\n<\/div>\n<\/div>\n<\/div>\n<\/div>\n<\/div>\n<\/div>\n<\/div>\n<\/div>\n<\/div>\n<\/div>\n<p dir=\"ltr\" data-placeholder=\"P\u0159eklad\" aria-label=\"P\u0159elo\u017een\u00fd text\" data-ved=\"2ahUKEwj_yofEiLiGAxVNxQIHHQsPPWoQ3ewLegQIBRAT\">\n<\/div>\n<\/div>\n","protected":false},"featured_media":4333,"comment_status":"closed","ping_status":"closed","template":"","meta":[],"pwb-brand":[27],"product_brand":[91],"product_cat":[15,32],"product_tag":[],"class_list":{"0":"post-4332","1":"product","2":"type-product","3":"status-publish","4":"has-post-thumbnail","6":"pwb-brand-https-cz-oriflame-com-cataloguesstorebeautyobchod","7":"product_brand-oriflame","8":"product_cat-nezarazene","9":"product_cat-pece-o-vlasy","11":"first","12":"instock","13":"sale","14":"taxable","15":"shipping-taxable","16":"purchasable","17":"product-type-simple"},"brands":[{"id":27,"name":"Oriflame","slug":"https-cz-oriflame-com-cataloguesstorebeautyobchod"}],"_links":{"self":[{"href":"https:\/\/priroda-uvadi.cz\/beauty\/wp-json\/wp\/v2\/product\/4332","targetHints":{"allow":["GET"]}}],"collection":[{"href":"https:\/\/priroda-uvadi.cz\/beauty\/wp-json\/wp\/v2\/product"}],"about":[{"href":"https:\/\/priroda-uvadi.cz\/beauty\/wp-json\/wp\/v2\/types\/product"}],"replies":[{"embeddable":true,"href":"https:\/\/priroda-uvadi.cz\/beauty\/wp-json\/wp\/v2\/comments?post=4332"}],"wp:featuredmedia":[{"embeddable":true,"href":"https:\/\/priroda-uvadi.cz\/beauty\/wp-json\/wp\/v2\/media\/4333"}],"wp:attachment":[{"href":"https:\/\/priroda-uvadi.cz\/beauty\/wp-json\/wp\/v2\/media?parent=4332"}],"wp:term":[{"taxonomy":"pwb-brand","embeddable":true,"href":"https:\/\/priroda-uvadi.cz\/beauty\/wp-json\/wp\/v2\/pwb-brand?post=4332"},{"taxonomy":"product_brand","embeddable":true,"href":"https:\/\/priroda-uvadi.cz\/beauty\/wp-json\/wp\/v2\/product_brand?post=4332"},{"taxonomy":"product_cat","embeddable":true,"href":"https:\/\/priroda-uvadi.cz\/beauty\/wp-json\/wp\/v2\/product_cat?post=4332"},{"taxonomy":"product_tag","embeddable":true,"href":"https:\/\/priroda-uvadi.cz\/beauty\/wp-json\/wp\/v2\/product_tag?post=4332"}],"curies":[{"name":"wp","href":"https:\/\/api.w.org\/{rel}","templated":true}]}}