{"id":4328,"date":"2023-03-23T14:42:19","date_gmt":"2023-03-23T13:42:19","guid":{"rendered":"https:\/\/priroda-uvadi.cz\/beauty\/?post_type=product&#038;p=4328"},"modified":"2025-10-23T11:47:30","modified_gmt":"2025-10-23T09:47:30","slug":"sampon-2-v-1-s-avokadovym-olejem-a-hermankem-love-nature-maxi-baleni","status":"publish","type":"product","link":"https:\/\/priroda-uvadi.cz\/beauty\/produkt\/sampon-2-v-1-s-avokadovym-olejem-a-hermankem-love-nature-maxi-baleni\/","title":{"rendered":"\u0160ampon 2 v 1 s avok\u00e1dov\u00fdm olejem a he\u0159m\u00e1nkem Love Nature &#8211; maxi balen\u00ed 500ml"},"content":{"rendered":"<p><span style=\"font-family: arial, helvetica, sans-serif; color: #000000;\">Tento kr\u00e9mov\u00fd \u0161ampon 2-v-1 s p\u0159\u00edrodn\u00edm bio avok\u00e1dov\u00fdm olejem a v\u00fdta\u017ekem z he\u0159m\u00e1nku vlasy v jedin\u00e9m kroku \u0161etrn\u011b umyje a z\u00e1rove\u0148 zvl\u00e1\u010dn\u00ed. Pom\u00e1h\u00e1 vlas\u016fm p\u0159in\u00e1\u0161et v\u00fd\u017eivu a lesk. Biologicky odbourateln\u00e1 receptura neobsahuje silikony ani parabeny. Baleno v l\u00e1hvi z 50 % z recyklovan\u00e9ho plastu.<\/span><\/p>\n<div class=\"product-detail-1ek59ni\"><span style=\"font-family: arial, helvetica, sans-serif; color: #000000;\"><strong>P\u0159\u00edrodn\u00ed bio avok\u00e1dov\u00fd olej<\/strong><\/span><br \/>\nAvok\u00e1dov\u00fd olej je dob\u0159e zn\u00e1m\u00fd sv\u00fdmi \u00fa\u017easn\u00fdmi vy\u017eivuj\u00edc\u00edmi a zvl\u00e1\u010d\u0148uj\u00edc\u00edmi \u00fa\u010dinky, p\u0159in\u00e1\u0161\u00ed vlas\u016fm hebkost a hydrataci.<span style=\"font-family: arial, helvetica, sans-serif; color: #000000;\"><strong>P\u0159\u00edrodn\u00ed bio v\u00fdta\u017eek z he\u0159m\u00e1nku<\/strong><\/span><br \/>\n<span style=\"font-family: arial, helvetica, sans-serif; color: #000000;\">He\u0159m\u00e1nek zklid\u0148uje poko\u017eku hlavy a vlas\u016fm prop\u016fj\u010duje vl\u00e1\u010dnost. V\u0161em typ\u016fm vlas\u016f pom\u00e1h\u00e1 dodat jemnost a v\u00fd\u017eivu a vytv\u00e1\u0159\u00ed b\u00e1je\u010dn\u011b zdrav\u00fd vzhled.<\/span><\/p>\n<div class=\"product-detail-1rka0xt\" data-testid=\"Presentation-product-detail-accordion\">\n<div id=\"about\" class=\"MuiPaper-root MuiPaper-elevation MuiPaper-rounded MuiPaper-elevation1 MuiAccordion-root MuiAccordion-rounded Mui-expanded MuiAccordion-gutters product-detail-7m82x0\">\n<div class=\"MuiCollapse-root MuiCollapse-vertical MuiCollapse-entered product-detail-c4sutr\">\n<div class=\"MuiCollapse-wrapper MuiCollapse-vertical product-detail-hboir5\">\n<div class=\"MuiCollapse-wrapperInner MuiCollapse-vertical product-detail-8atqhb\">\n<div class=\"MuiAccordion-region\" role=\"region\">\n<div class=\"MuiAccordionDetails-root product-detail-1s1u24f\">\n<div class=\"product-detail-1ek59ni\"><span style=\"font-family: arial, helvetica, sans-serif; color: #000000;\">Avok\u00e1dov\u00fd olej intenzivn\u011b zvl\u00e1\u010d\u0148uje vlasy, zjem\u0148uje je a hydratuje. Slo\u017een\u00ed bohat\u00e9 na vitaminy z\u00e1rove\u0148 vy\u017eivuje a chr\u00e1n\u00ed vlasov\u00e1 vl\u00e1kna. He\u0159m\u00e1nek m\u00e1 zjem\u0148uj\u00edc\u00ed a regenera\u010dn\u00ed \u00fa\u010dinky; zklid\u0148uje poko\u017eku hlavy, prosv\u011btluje plav\u00e9 vlasy a tmav\u00fdm dod\u00e1v\u00e1 lesk.<\/span><\/div>\n<\/div>\n<\/div>\n<\/div>\n<\/div>\n<\/div>\n<\/div>\n<\/div>\n<p><span style=\"font-family: arial, helvetica, sans-serif; font-size: 10pt;\">&#8212;&#8212;&#8212;&#8212;&#8212;&#8212;&#8212;&#8212;&#8212;&#8212;&#8212;&#8212;&#8212;&#8212;&#8212;&#8212;&#8212;&#8212;&#8212;&#8212;&#8212;&#8212;&#8212;&#8212;&#8212;&#8212;&#8212;&#8212;&#8212;&#8212;&#8212;&#8212;&#8212;&#8212;&#8212;&#8212;&#8212;&#8212;&#8212;&#8212;&#8212;<\/span><\/p>\n<\/div>\n<div class=\"MuiBox-root product-detail-1a3hsxn\">\n<div><span style=\"font-family: arial, helvetica, sans-serif; color: #000000; font-size: 10pt;\">V\u0161echny slo\u017eky<\/span><\/div>\n<div><span style=\"font-family: arial, helvetica, sans-serif; color: #000000; font-size: 10pt;\">AQUA, SODIUM LAURETH SULFATE, GLYCERIN, COCAMIDOPROPYL BETAINE, SODIUM CHLORIDE, ORYZA SATIVA EXTRACT, CHAMOMILLA RECUTITA FLOWER EXTRACT, PERSEA GRATISSIMA OIL, SALIX ALBA BARK EXTRACT, COCO-GLUCOSIDE, LAURETH-3, GLYCOL DISTEARATE, GUAR HYDROXYPROPYLTRIMONIUM CHLORIDE, CITRIC ACID, SODIUM LAUROYL SARCOSINATE, SODIUM CITRATE, PARFUM, PHENOXYETHANOL, SODIUM BENZOATE, BENZYL BENZOATE, BENZYL ALCOHOL, BENZYL SALICYLATE, LINALOOL, HEXYL CINNAMAL, CI 19140, CI 16035, CI 42090<\/span><\/div>\n<\/div>\n","protected":false},"excerpt":{"rendered":"<div class=\"product-detail-v55igo\" data-testid=\"Presentation-product-detail-summary-info\"><span style=\"font-family: arial, helvetica, sans-serif; color: #000000;\">U\u017eijte si p\u0159\u00edrodn\u00ed p\u00e9\u010di o vlasy s t\u00edmto \u0161amponem a kondicion\u00e9rem 2-v-1 s bio avok\u00e1dov\u00fdm olejem a v\u00fdta\u017ekem z he\u0159m\u00e1nku.<\/span><\/div>\n<div class=\"product-detail-1buwlw5\">\n<div class=\"product-detail-uyp0pw\">\n<ul>\n<li class=\"product-detail-bphipo\"><span style=\"font-family: arial, helvetica, sans-serif; color: #000000;\">Jemn\u011b \u010dist\u00ed a zvl\u00e1\u010d\u0148uje v\u0161echny typy vlas\u016f v jednom kroku<\/span><\/li>\n<li class=\"product-detail-bphipo\"><span style=\"font-family: arial, helvetica, sans-serif; color: #000000;\">S p\u0159\u00edrodn\u00edm bio avok\u00e1dov\u00fdm olejem a v\u00fdta\u017ekem z he\u0159m\u00e1nku. Biologicky odbourateln\u00e9 slo\u017een\u00ed.<\/span><\/li>\n<li class=\"product-detail-bphipo\"><span style=\"font-family: arial, helvetica, sans-serif; color: #000000;\">L\u00e1hev z 50 % z recyklovan\u00e9ho plastu<\/span><\/li>\n<\/ul>\n<p><span style=\"font-family: arial, helvetica, sans-serif; color: #000000;\">500ml<\/span><\/p>\n<div class=\"woocommerce-product-details__short-description\">\n<div>\n<div class=\"product-detail-o40nju\" data-testid=\"Presentation-product-detail-price-section\"><span class=\"MuiTypography-root MuiTypography-caption product-detail-8q5iga\" style=\"font-family: arial, helvetica, sans-serif; font-size: 10pt;\" data-testid=\"Presentation-product-detail-LowestPreviousPrice\">Nejni\u017e\u0161\u00ed cena platn\u00e1 ve 30 dnech p\u0159ed platnost\u00ed sou\u010dasn\u00e9 ceny byla 200 K\u010d<\/span><\/div>\n<div class=\"product-detail-3hwh7p\">\n<div class=\"product-detail-1ft5wox\" data-testid=\"Presentation-product-detail-cashback-text\"><\/div>\n<\/div>\n<\/div>\n<div><\/div>\n<\/div>\n<\/div>\n<\/div>\n","protected":false},"featured_media":4329,"comment_status":"closed","ping_status":"closed","template":"","meta":[],"pwb-brand":[27],"product_brand":[91],"product_cat":[15,32],"product_tag":[],"class_list":{"0":"post-4328","1":"product","2":"type-product","3":"status-publish","4":"has-post-thumbnail","6":"pwb-brand-https-cz-oriflame-com-cataloguesstorebeautyobchod","7":"product_brand-oriflame","8":"product_cat-nezarazene","9":"product_cat-pece-o-vlasy","11":"first","12":"instock","13":"sale","14":"taxable","15":"shipping-taxable","16":"purchasable","17":"product-type-simple"},"brands":[{"id":27,"name":"Oriflame","slug":"https-cz-oriflame-com-cataloguesstorebeautyobchod"}],"_links":{"self":[{"href":"https:\/\/priroda-uvadi.cz\/beauty\/wp-json\/wp\/v2\/product\/4328","targetHints":{"allow":["GET"]}}],"collection":[{"href":"https:\/\/priroda-uvadi.cz\/beauty\/wp-json\/wp\/v2\/product"}],"about":[{"href":"https:\/\/priroda-uvadi.cz\/beauty\/wp-json\/wp\/v2\/types\/product"}],"replies":[{"embeddable":true,"href":"https:\/\/priroda-uvadi.cz\/beauty\/wp-json\/wp\/v2\/comments?post=4328"}],"wp:featuredmedia":[{"embeddable":true,"href":"https:\/\/priroda-uvadi.cz\/beauty\/wp-json\/wp\/v2\/media\/4329"}],"wp:attachment":[{"href":"https:\/\/priroda-uvadi.cz\/beauty\/wp-json\/wp\/v2\/media?parent=4328"}],"wp:term":[{"taxonomy":"pwb-brand","embeddable":true,"href":"https:\/\/priroda-uvadi.cz\/beauty\/wp-json\/wp\/v2\/pwb-brand?post=4328"},{"taxonomy":"product_brand","embeddable":true,"href":"https:\/\/priroda-uvadi.cz\/beauty\/wp-json\/wp\/v2\/product_brand?post=4328"},{"taxonomy":"product_cat","embeddable":true,"href":"https:\/\/priroda-uvadi.cz\/beauty\/wp-json\/wp\/v2\/product_cat?post=4328"},{"taxonomy":"product_tag","embeddable":true,"href":"https:\/\/priroda-uvadi.cz\/beauty\/wp-json\/wp\/v2\/product_tag?post=4328"}],"curies":[{"name":"wp","href":"https:\/\/api.w.org\/{rel}","templated":true}]}}