{"id":4312,"date":"2023-03-23T12:28:27","date_gmt":"2023-03-23T11:28:27","guid":{"rendered":"https:\/\/priroda-uvadi.cz\/beauty\/?post_type=product&#038;p=4312"},"modified":"2026-03-03T14:53:33","modified_gmt":"2026-03-03T13:53:33","slug":"lehky-omlazujici-denni-krem-multi-active-s-spf-30-novage","status":"publish","type":"product","link":"https:\/\/priroda-uvadi.cz\/beauty\/produkt\/lehky-omlazujici-denni-krem-multi-active-s-spf-30-novage\/","title":{"rendered":"Lehk\u00fd omlazuj\u00edc\u00ed denn\u00ed kr\u00e9m Multi-Active s SPF 30 Novage+ 50ml"},"content":{"rendered":"<p><span style=\"font-family: arial, helvetica, sans-serif;\"><strong>Lehk\u00fd omlazuj\u00edc\u00ed denn\u00ed kr\u00e9m Multi-Active s SPF 30<\/strong>\u00a0Novage+ posiluje a chr\u00e1n\u00ed ko\u017en\u00ed bari\u00e9ru, intenzivn\u011b ple\u0165 hydratuje a bojuje proti mnoha projev\u016fm st\u00e1rnut\u00ed, a to s klinicky ov\u011b\u0159en\u00fdmi okam\u017eit\u00fdmi v\u00fdsledky! Vysp\u011bl\u00e1 receptura vych\u00e1z\u00ed z patentovan\u00fdch bio aktiva\u010dn\u00edch technologi\u00ed, kter\u00e9 p\u0159in\u00e1\u0161ej\u00ed kosmeceutick\u00e9 \u00fa\u010dinky, ale s \u0161etrn\u00fdm p\u0159\u00edstupem k pleti.<\/span><\/p>\n<p><span style=\"font-family: arial, helvetica, sans-serif;\"><strong>+ Bio Re:Barrier<\/strong>\u00a0posiluje ko\u017en\u00ed bari\u00e9ru \u00fa\u010dinn\u011bji ne\u017e nikotinamid<sup>\u03943<\/sup><\/span><br \/>\n<span style=\"font-family: arial, helvetica, sans-serif;\"><strong>+ Advanced Pollution System<\/strong>\u00a0ko\u017en\u00ed bari\u00e9ru chr\u00e1n\u00ed proti agresivn\u00edm vliv\u016fm prost\u0159ed\u00ed, kter\u00e9 urychluj\u00ed st\u00e1rnut\u00ed pleti<\/span><\/p>\n<p><span style=\"font-family: arial, helvetica, sans-serif;\"><strong>ZVL\u00c1D\u00c1 10 HLAVN\u00cd PROJEV\u016e ST\u00c1RNUT\u00cd!<\/strong>*<sup>2<\/sup><\/span><\/p>\n<ul>\n<li><span style=\"font-family: arial, helvetica, sans-serif;\">Ztr\u00e1ta objemu<\/span><\/li>\n<li><span style=\"font-family: arial, helvetica, sans-serif;\">Vysou\u0161en\u00ed pleti<\/span><\/li>\n<li><span style=\"font-family: arial, helvetica, sans-serif;\">Zhrubnut\u00ed<\/span><\/li>\n<li><span style=\"font-family: arial, helvetica, sans-serif;\">Roz\u0161\u00ed\u0159en\u00e9 p\u00f3ry<\/span><\/li>\n<li><span style=\"font-family: arial, helvetica, sans-serif;\">Mdl\u00e1 ple\u0165<\/span><\/li>\n<li><span style=\"font-family: arial, helvetica, sans-serif;\">Jemn\u00e9 linky a vr\u00e1sky<\/span><\/li>\n<li><span style=\"font-family: arial, helvetica, sans-serif;\">Ztr\u00e1ta pevnosti<\/span><\/li>\n<li><span style=\"font-family: arial, helvetica, sans-serif;\">Nadm\u011brn\u00e1 mastnota<\/span><\/li>\n<li><span style=\"font-family: arial, helvetica, sans-serif;\">Nerovnom\u011brn\u00fd t\u00f3n pleti<\/span><\/li>\n<li><span style=\"font-family: arial, helvetica, sans-serif;\">K\u0159ehk\u00e1 poko\u017eka<\/span><\/li>\n<\/ul>\n<p><strong><span style=\"font-family: arial, helvetica, sans-serif;\">B\u011bhem pouh\u00fdch 15 minut minimalizuje vzhled vr\u00e1sek a projasn\u00ed ple\u0165 \u2013 klinicky<\/span> <span style=\"font-family: arial, helvetica, sans-serif;\">prok\u00e1z\u00e1no!<\/span><\/strong><span style=\"font-family: arial, helvetica, sans-serif;\"><sup>\u0394<\/sup><\/span><br \/>\n<span style=\"font-family: arial, helvetica, sans-serif;\"><strong>94 % souhlas\u00ed, \u017ee poko\u017eka je okam\u017eit\u011b hlad\u0161\u00ed!<\/strong>*<\/span><br \/>\n<span style=\"font-family: arial, helvetica, sans-serif;\"><strong>98 % souhlas\u00ed, \u017ee ple\u0165 vypad\u00e1 hydratovan\u00e1 a je heb\u010d\u00ed \u2013 okam\u017eit\u011b!<\/strong>*<\/span><br \/>\n<span style=\"font-family: arial, helvetica, sans-serif;\"><strong>98 % pozorovalo proz\u00e1\u0159en\u011bj\u0161\u00ed ple\u0165 u\u017e b\u011bhem 6 t\u00fddn\u016f<\/strong>*<\/span><br \/>\n<span style=\"font-family: arial, helvetica, sans-serif;\"><strong>92 % souhlas\u00ed, \u017ee u\u017e b\u011bhem 6 t\u00fddn\u016f<\/strong>\u00a0poci\u0165uj\u00ed, \u017ee je poko\u017eka siln\u011bj\u0161\u00ed*<\/span><br \/>\n<span style=\"font-family: arial, helvetica, sans-serif;\"><strong>92 % pozorovalo zlep\u0161en\u00ed jemn\u00fdch linek a vr\u00e1sek za pouh\u00fdch 6 t\u00fddn\u016f<\/strong>*<\/span><br \/>\n<span style=\"font-family: arial, helvetica, sans-serif;\"><strong>92 % b\u011bhem pouh\u00fdch 6 t\u00fddn\u016f<\/strong>\u00a0pozorovalo pevn\u011bj\u0161\u00ed ple\u0165*<\/span><br \/>\n<span style=\"font-family: arial, helvetica, sans-serif;\"><strong>94 % souhlasilo, \u017ee do\u0161lo k vyv\u00e1\u017een\u00ed nadm\u011brn\u00e9 mastnoty b\u011bhem pouh\u00fdch 6 t\u00fddn\u016f<\/strong>*<\/span><\/p>\n<p><span style=\"font-family: arial, helvetica, sans-serif;\">S bio aktiva\u010dn\u00edmi technologiemi Bio Re:Barrier a Advanced Pollution System a s kyselinou hyaluronovou, vitaminem E a SPF 30. Kr\u00e9m m\u00e1 lehkou ale vy\u017eivuj\u00edc\u00ed texturu, kter\u00e1 se rychle vst\u0159eb\u00e1v\u00e1 a prop\u016fj\u010duje pleti sametovou hebkost.<\/span><\/p>\n<p><span style=\"font-family: arial, helvetica, sans-serif;\">Je vhodn\u00fd pro v\u0161echny typy pleti v\u010detn\u011b citliv\u00e9. Dermatologicky testov\u00e1no.<\/span><\/p>\n<p><span style=\"font-family: arial, helvetica, sans-serif;\">Kr\u00e9m je vhodn\u00fd zejm\u00e9na pro norm\u00e1ln\u00ed a\u017e sm\u00ed\u0161enou ple\u0165.<\/span><\/p>\n<div class=\"product-detail-1ek59ni\">\n<p><span style=\"font-family: arial, helvetica, sans-serif; color: #000000;\">S bio aktiva\u010dn\u00edmi technologiemi Bio Re:Barrier a Advanced Pollution System a s kyselinou hyaluronovou, vitaminem E a SPF 30.<\/span><\/p>\n<p><span style=\"font-family: arial, helvetica, sans-serif; color: #000000;\"><strong>Bio Re:Barrier<\/strong><\/span><br \/>\n<span style=\"font-family: arial, helvetica, sans-serif; color: #000000;\">Klinick\u00e9 testy potvrdily, \u017ee na\u0161e patentovan\u00e1 technologie p\u0159\u00edrodn\u00edho p\u016fvodu posiluje ko\u017en\u00ed bari\u00e9ru \u00fa\u010dinn\u011bji ne\u017e nikotinamid<sup>\u03943<\/sup>. Pom\u00e1h\u00e1 obnovovat funkce ko\u017en\u00ed bari\u00e9ry, kter\u00e1 v pleti uzamyk\u00e1 hydrataci a br\u00e1n\u00ed rozpadu kolagenu a kyseliny hyaluronov\u00e9<sup>\u25ca2<\/sup>, \u010d\u00edm\u017e bojuje proti projev\u016fm st\u00e1rnut\u00ed.<\/span><\/p>\n<p><span style=\"font-family: arial, helvetica, sans-serif; color: #000000;\"><strong>Advanced Pollution System<\/strong><\/span><br \/>\n<span style=\"font-family: arial, helvetica, sans-serif; color: #000000;\">Tato p\u0159\u00edrodn\u00ed biomimetick\u00e1 technologie na va\u0161\u00ed pleti vytv\u00e1\u0159\u00ed jemnou, prody\u0161nou ochrannou vrstvu, kter\u00e1 ji pom\u00e1h\u00e1 chr\u00e1nit proti stresuj\u00edc\u00edm vliv\u016fm okoln\u00edho prost\u0159ed\u00ed, jako je zne\u010di\u0161t\u011bn\u00ed, kou\u0159 a voln\u00e9<\/span> <span style=\"font-family: arial, helvetica, sans-serif; color: #000000;\">radik\u00e1ly. Tak\u00e9 vytv\u00e1\u0159\u00ed efekt okam\u017eit\u00e9ho vypnut\u00ed a vyhlazen\u00ed pleti, \u010d\u00edm\u017e pom\u00e1h\u00e1 redukovat viditelnost jemn\u00fdch linek a vr\u00e1sek.<\/span><\/p>\n<p><span style=\"font-family: arial, helvetica, sans-serif; color: #000000;\"><strong>Kyselina hyaluronov\u00e1<\/strong><\/span><br \/>\n<span style=\"font-family: arial, helvetica, sans-serif; color: #000000;\">Zlat\u00e1 omlazuj\u00edc\u00ed a hydratuj\u00edc\u00ed p\u0159\u00edsada, kter\u00e1 dok\u00e1\u017ee zadr\u017eet vodu v objemu nejm\u00e9n\u011b tis\u00edcin\u00e1sobku sv\u00e9 vlatsn\u00ed v\u00e1hy, \u010d\u00edm\u017e pom\u00e1h\u00e1 poko\u017eku hydratovat a vyplnit.<\/span><\/p>\n<p><span style=\"font-family: arial, helvetica, sans-serif; color: #000000;\"><strong>Vitamin E<\/strong><\/span><br \/>\n<span style=\"font-family: arial, helvetica, sans-serif; color: #000000;\">Siln\u00fd antioxidant, kter\u00fd pom\u00e1h\u00e1 ko\u017en\u00ed bu\u0148ky chr\u00e1nit p\u0159ed po\u0161kozen\u00edm voln\u00fdmi radik\u00e1ly.<\/span><\/p>\n<p><span style=\"font-family: arial, helvetica, sans-serif; color: #000000;\">Bio Re:Barrier Patent v \u0159\u00edzen\u00ed \u010d.: SE2020376-4.\u00a0<sup>\u03943<\/sup>\u00a0Klinicky testovan\u00e1 aktivn\u00ed p\u0159\u00edsada.\u00a0<sup>\u25ca2<\/sup>\u00a0<em>in vitro.<\/em><\/span><\/p>\n<p><em><span style=\"font-family: arial, helvetica, sans-serif;\">Ritu\u00e1ly Novage+ posouvaj\u00ed vrstven\u00ed produkt\u016f na dal\u0161\u00ed \u00farove\u0148 a poskytuj\u00ed va\u0161\u00ed pleti je\u0161t\u011b v\u00edce p\u00e9\u010de. Ka\u017ed\u00fd produkt je navr\u017een tak, aby fungoval v dokonal\u00e9 synchronizaci s va\u0161\u00ed plet\u00ed a spolu navz\u00e1jem \u2013 pro optim\u00e1ln\u00ed v\u00fdsledky. Pr\u00e9miov\u00e1 p\u00e9\u010de a v\u00fdsledky v pouh\u00fdch \u010dty\u0159ech kroc\u00edch. Postupujte podle ritu\u00e1lu dvakr\u00e1t denn\u011b ka\u017ed\u00fd den a uvid\u00edte v\u00fdsledky je\u0161t\u011b rychleji.<\/span><\/em><\/p>\n<p><span style=\"font-family: arial, helvetica, sans-serif; font-size: 10pt;\">&#8212;&#8212;&#8212;&#8212;&#8212;&#8212;&#8212;&#8212;&#8212;&#8212;&#8212;&#8212;&#8212;&#8212;&#8212;&#8212;&#8212;&#8212;&#8212;&#8212;&#8212;&#8212;&#8212;&#8212;&#8212;&#8212;&#8212;&#8212;&#8212;&#8212;&#8212;&#8212;&#8212;&#8212;&#8212;&#8212;&#8212;&#8212;&#8212;&#8212;&#8212;-<\/span><\/p>\n<\/div>\n<div class=\"MuiBox-root product-detail-1a3hsxn\">\n<div><span style=\"font-family: arial, helvetica, sans-serif; font-size: 10pt;\">V\u0161echny slo\u017eky<\/span><\/div>\n<div><span style=\"font-family: arial, helvetica, sans-serif; font-size: 10pt;\">AQUA, DIBUTYL ADIPATE, GLYCERIN, PROPYLHEPTYL CAPRYLATE, ETHYLHEXYL TRIAZONE, BIS-ETHYLHEXYLOXYPHENOL METHOXYPHENYL TRIAZINE, METHYLENE BIS-BENZOTRIAZOLYL TETRAMETHYLBUTYLPHENOL (NANO), DIETHYLAMINO HYDROXYBENZOYL HEXYL BENZOATE, PROPANEDIOL, SUCROSE POLYSTEARATE, UNDECANE, CETEARYL ALCOHOL, DIMETHICONE, SODIUM STEAROYL GLUTAMATE, ETHYLHEXYLGLYCERIN, EMPETRUM NIGRUM FRUIT JUICE, EPILOBIUM ANGUSTIFOLIUM FLOWER\/LEAF\/STEM EXTRACT, KAPPAPHYCUS ALVAREZII EXTRACT, SILICA, GLYCERYL CAPRYLATE, METHYL METHACRYLATE CROSSPOLYMER, TOCOPHERYL ACETATE, DECYL GLUCOSIDE, SODIUM POLYACRYLATE, CETYL PALMITATE, XANTHAN GUM, SODIUM HYALURONATE, MALTODEXTRIN, CAESALPINIA SPINOSA FRUIT EXTRACT, CITRIC ACID, PROPYLENE GLYCOL, BETULA ALBA BARK EXTRACT, TOCOPHEROL, TRIDECANE, PHENOXYETHANOL, CAPRYLHYDROXAMIC ACID, DISODIUM EDTA, PARFUM, POTASSIUM SORBATE, SODIUM BENZOATE<\/span><\/div>\n<\/div>\n<p>&nbsp;<\/p>\n","protected":false},"excerpt":{"rendered":"<div class=\"product-detail-v55igo\" data-testid=\"Presentation-product-detail-summary-info\"><span style=\"font-family: arial, helvetica, sans-serif; color: #000000;\">Lehk\u00fd omlazuj\u00edc\u00ed denn\u00ed kr\u00e9m Multi-Active Novage+ s SPF 30 intenzivn\u011b hydratuje, posiluje a chr\u00e1n\u00ed ko\u017en\u00ed bari\u00e9ru a bojuje tak proti 10 hlavn\u00edm projev\u016fm st\u00e1rnut\u00ed, v\u010detn\u011b ztr\u00e1ty pevnosti, n\u00e1stupu jemn\u00fdch linek a vr\u00e1sek a proti mdl\u00e9mu, nejednotn\u00e9mu t\u00f3nu pleti. S ochranou proti zne\u010di\u0161t\u011bn\u00ed a kyselinou hyaluronovou.<\/span><\/div>\n<div class=\"product-detail-1buwlw5\">\n<div class=\"product-detail-uyp0pw\">\n<ul>\n<li class=\"product-detail-bphipo\"><span style=\"font-family: arial, helvetica, sans-serif; color: #000000;\">Okam\u017eit\u011b redukuje vr\u00e1sky a pom\u00e1h\u00e1 proz\u00e1\u0159it ple\u0165 \u2013 klinicky prok\u00e1z\u00e1no!<\/span><\/li>\n<li class=\"product-detail-bphipo\"><span style=\"font-family: arial, helvetica, sans-serif; color: #000000;\">Patentovan\u00e1 technologie Bio Re:Barrier posiluje ko\u017en\u00ed bari\u00e9ru je\u0161t\u011b \u00fa\u010dinn\u011bji ne\u017e nikotinamid<\/span><\/li>\n<li class=\"product-detail-bphipo\"><span style=\"font-family: arial, helvetica, sans-serif; color: #000000;\">Vhodn\u00fd pro v\u0161echny typy pleti v\u010detn\u011b citliv\u00e9<\/span><\/li>\n<\/ul>\n<p><span style=\"font-family: arial, helvetica, sans-serif; color: #000000;\">50ml<\/span><\/p>\n<p><span style=\"font-family: arial, helvetica, sans-serif; color: #000000;\"><strong>HYDRATACE \u2013<\/strong>\u00a0OCHRANA + OBNOVA<\/span><\/p>\n<p><span style=\"font-family: arial, helvetica, sans-serif; color: #000000;\">Denn\u00ed kr\u00e9my Novage+ va\u0161\u00ed pleti p\u0159in\u00e1\u0161ej\u00ed vysoce \u00fa\u010dinn\u00e9 omlazuj\u00edc\u00ed aktivn\u00ed p\u0159\u00edsady a pom\u00e1haj\u00ed v poko\u017ece uzamknout \u00fa\u010dinn\u00e9 l\u00e1tky s\u00e9ra. Obsahuj\u00ed bio aktiva\u010dn\u00ed technologie, kter\u00e9 pom\u00e1haj\u00ed pos\u00edlit ko\u017en\u00ed bari\u00e9ru a chr\u00e1nit ple\u0165 p\u0159ed ka\u017edodenn\u00edmi stresuj\u00edc\u00edmi vlivy prost\u0159ed\u00ed.<\/span><\/p>\n<p><span style=\"font-family: arial, helvetica, sans-serif; color: #000000;\">Naneste r\u00e1no po aplikaci s\u00e9ra.<\/span><\/p>\n<p><span style=\"font-family: arial, helvetica, sans-serif; color: #000000;\">\u00b7 Pou\u017eijte kr\u00e9m zhruba v objemu perly.<\/span><\/p>\n<p><span style=\"font-family: arial, helvetica, sans-serif; color: #000000;\">\u00b7 Naneste na \u010delo, tv\u00e1\u0159e a bradu.<\/span><\/p>\n<p><span style=\"font-family: arial, helvetica, sans-serif; color: #000000;\">\u00b7 Rovnom\u011brn\u011b kr\u00e9m rozet\u0159ete po tv\u00e1\u0159i, krku a dekoltu, dokud se nevst\u0159eb\u00e1.<\/span><\/p>\n<p><span style=\"font-family: arial, helvetica, sans-serif; color: #000000;\">\u00b7 Vyhn\u011bte se o\u010dn\u00edmu okol\u00ed.<\/span><\/p>\n<p><span style=\"font-family: arial, helvetica, sans-serif; color: #000000;\">Nejlep\u0161\u00edch v\u00fdsledk\u016f dos\u00e1hnete p\u0159i pou\u017e\u00edv\u00e1n\u00ed v r\u00e1mci 4 krok\u016f ritu\u00e1lu Novage+.<\/span><\/p>\n<div class=\"woocommerce-product-details__short-description\">\n<div class=\"MuiTypography-root MuiTypography-body1 products-app-emotion-fifwsr\">\n<div class=\"woocommerce-product-details__short-description\">\n<div class=\"woocommerce-product-details__short-description\">\n<div class=\"woocommerce-product-details__short-description\">\n<div>\n<div class=\"woocommerce-product-details__short-description\">\n<div class=\"woocommerce-product-details__short-description\">\n<p><span style=\"font-family: arial, helvetica, sans-serif; font-size: 10pt;\">Nejni\u017e\u0161\u00ed cena platn\u00e1 ve 30 dnech p\u0159ed platnost\u00ed sou\u010dasn\u00e9 ceny byla 450 K\u010d.<\/span><\/p>\n<\/div>\n<\/div>\n<\/div>\n<\/div>\n<\/div>\n<\/div>\n<\/div>\n<\/div>\n<\/div>\n<\/div>\n","protected":false},"featured_media":4314,"comment_status":"closed","ping_status":"closed","template":"","meta":[],"pwb-brand":[27],"product_brand":[91],"product_cat":[40,44,30],"product_tag":[],"class_list":{"0":"post-4312","1":"product","2":"type-product","3":"status-publish","4":"has-post-thumbnail","6":"pwb-brand-https-cz-oriflame-com-cataloguesstorebeautyobchod","7":"product_brand-oriflame","8":"product_cat-denni-kremy","9":"product_cat-sady-novage","10":"product_cat-pece-o-plet","12":"first","13":"instock","14":"sale","15":"taxable","16":"shipping-taxable","17":"purchasable","18":"product-type-simple"},"brands":[{"id":27,"name":"Oriflame","slug":"https-cz-oriflame-com-cataloguesstorebeautyobchod"}],"_links":{"self":[{"href":"https:\/\/priroda-uvadi.cz\/beauty\/wp-json\/wp\/v2\/product\/4312","targetHints":{"allow":["GET"]}}],"collection":[{"href":"https:\/\/priroda-uvadi.cz\/beauty\/wp-json\/wp\/v2\/product"}],"about":[{"href":"https:\/\/priroda-uvadi.cz\/beauty\/wp-json\/wp\/v2\/types\/product"}],"replies":[{"embeddable":true,"href":"https:\/\/priroda-uvadi.cz\/beauty\/wp-json\/wp\/v2\/comments?post=4312"}],"wp:featuredmedia":[{"embeddable":true,"href":"https:\/\/priroda-uvadi.cz\/beauty\/wp-json\/wp\/v2\/media\/4314"}],"wp:attachment":[{"href":"https:\/\/priroda-uvadi.cz\/beauty\/wp-json\/wp\/v2\/media?parent=4312"}],"wp:term":[{"taxonomy":"pwb-brand","embeddable":true,"href":"https:\/\/priroda-uvadi.cz\/beauty\/wp-json\/wp\/v2\/pwb-brand?post=4312"},{"taxonomy":"product_brand","embeddable":true,"href":"https:\/\/priroda-uvadi.cz\/beauty\/wp-json\/wp\/v2\/product_brand?post=4312"},{"taxonomy":"product_cat","embeddable":true,"href":"https:\/\/priroda-uvadi.cz\/beauty\/wp-json\/wp\/v2\/product_cat?post=4312"},{"taxonomy":"product_tag","embeddable":true,"href":"https:\/\/priroda-uvadi.cz\/beauty\/wp-json\/wp\/v2\/product_tag?post=4312"}],"curies":[{"name":"wp","href":"https:\/\/api.w.org\/{rel}","templated":true}]}}