{"id":4308,"date":"2025-09-17T12:16:03","date_gmt":"2025-09-17T10:16:03","guid":{"rendered":"https:\/\/priroda-uvadi.cz\/beauty\/?post_type=product&#038;p=4308"},"modified":"2026-04-20T13:02:14","modified_gmt":"2026-04-20T11:02:14","slug":"liftingovy-a-zpevnujici-ocni-krem-lift-firm-novage","status":"publish","type":"product","link":"https:\/\/priroda-uvadi.cz\/beauty\/produkt\/liftingovy-a-zpevnujici-ocni-krem-lift-firm-novage\/","title":{"rendered":"Liftingov\u00fd a zpev\u0148uj\u00edc\u00ed o\u010dn\u00ed kr\u00e9m Lift + Firm Novage+ 15ml"},"content":{"rendered":"<p><span style=\"font-family: arial, helvetica, sans-serif; color: #000000;\">O\u010dn\u00ed kr\u00e9m Novage+ Lift + Firm je \u0161pi\u010dkov\u00fd multi-aktivn\u00ed o\u010dn\u00ed kr\u00e9m pro zpevn\u011bn\u00ed a vypnut\u00ed o\u010dn\u00edho okol\u00ed, kter\u00fd redukuje viditeln\u00e9 vr\u00e1sky a projevy \u00fanavy a vytv\u00e1\u0159\u00ed celkov\u011b mladistv\u011bj\u0161\u00ed a hez\u010d\u00ed o\u010dn\u00ed kontury. Vysp\u011bl\u00e1 multi-aktivn\u00ed receptura s bio aktiva\u010dn\u00edmi technologiemi p\u0159in\u00e1\u0161\u00ed kosmeceutick\u00e9 \u00fa\u010dinky, ale z\u00e1rove\u0148 je k pleti jemn\u00e1.<\/span><\/p>\n<p><span style=\"font-family: arial, helvetica, sans-serif; color: #000000;\"><strong>+ Bio Aspartolift<\/strong>\u00a0\u2013 podporuje pru\u017enost pleti se stejn\u00fdmi v\u00fdsledky jako retinol<sup>\u03943<\/sup>, ale je k poko\u017ece \u0161etrn\u011bj\u0161\u00ed.<\/span><br \/>\n<span style=\"font-family: arial, helvetica, sans-serif; color: #000000;\"><strong>+ Eye Vital<\/strong>\u00a0\u2013 s klinicky prok\u00e1zanou schopnost\u00ed redukovat vzhled tmav\u00fdch kruh\u016f pod o\u010dima<sup>\u03943<\/sup><\/span><\/p>\n<p><span style=\"font-family: arial, helvetica, sans-serif; color: #000000;\"><strong>Klinicky prok\u00e1zan\u00e9 vypnut\u00ed o\u010dn\u00edch v\u00ed\u010dek u\u017e za 2 t\u00fddny!<\/strong><sup>\u0394<\/sup><\/span><br \/>\n<span style=\"font-family: arial, helvetica, sans-serif; color: #000000;\"><strong>98 % pozorovalo pru\u017en\u011bj\u0161\u00ed ple\u0165 o\u010dn\u00edho okol\u00ed<\/strong>*<\/span><br \/>\n<span style=\"font-family: arial, helvetica, sans-serif; color: #000000;\"><strong>92 % souhlasilo, \u017ee u\u017e b\u011bhem 4 t\u00fddn\u016f<\/strong>\u00a0o\u010di p\u016fsob\u00ed bd\u011bleji a otev\u0159en\u011bji*<\/span><br \/>\n<span style=\"font-family: arial, helvetica, sans-serif; color: #000000;\"><strong>96 % souhlas\u00ed, \u017ee okam\u017eit\u011b osv\u011b\u017e\u00ed vzhled unaven\u00fdch o\u010d\u00ed<\/strong>*<\/span><\/p>\n<p><span style=\"font-family: arial, helvetica, sans-serif; color: #000000;\">S bio aktiva\u010dn\u00edmi technologiemi Bio Aspartolift a Eye Vital, a s nikotinamidem, skvalenem a bambuck\u00fdm m\u00e1slem. Ple\u0165 je zklidn\u011bn\u00e1 a vy\u017eiven\u00e1.<\/span><\/p>\n<p><span style=\"font-family: arial, helvetica, sans-serif; color: #000000;\">Je vhodn\u00fd pro v\u0161echny typy pleti v\u010detn\u011b citliv\u00e9. Dermatologicky a oftalmologicky testov\u00e1no.<\/span><\/p>\n<div class=\"product-detail-1ek59ni\">\n<p>S bio aktiva\u010dn\u00edmi technologiemi Bio Aspartolift a Eye Vital a s nikotinamidem, skvalenem a bambuck\u00fdm m\u00e1slem.<\/p>\n<p><span style=\"font-family: arial, helvetica, sans-serif; color: #000000;\"><strong>Bio Aspartolift<\/strong><\/span><br \/>\n<span style=\"font-family: arial, helvetica, sans-serif; color: #000000;\">Tato patentovan\u00e1 bio aktiva\u010dn\u00ed technologie p\u016fsob\u00ed na pru\u017enost pleti podobn\u011b jako retinol<sup>\u03943<\/sup>, ale<\/span> <span style=\"font-family: arial, helvetica, sans-serif; color: #000000;\">\u0161etrn\u011bji. Reaktivuje v poko\u017ece bu\u0148ky fibroblasty, kter\u00e9 pom\u00e1haj\u00ed stimulovat tvorbu kolagenu a elastinu, \u010d\u00edm\u017e pleti navracej\u00ed pevnost a pru\u017enost a pozvedaj\u00ed a obnovuj\u00ed kontury tv\u00e1\u0159e.<\/span><\/p>\n<p><span style=\"font-family: arial, helvetica, sans-serif; color: #000000;\">+ Podporuje pru\u017enost pleti podobn\u011b jako retinol<sup>\u03943<\/sup>, ale \u0161etrn\u011bji.<\/span><\/p>\n<p><span style=\"font-family: arial, helvetica, sans-serif; color: #000000;\"><strong>Eye Vital<\/strong><\/span><br \/>\n<span style=\"font-family: arial, helvetica, sans-serif; color: #000000;\">Technologie s vysok\u00fdm obsahem flavonoid\u016f p\u0159\u00edrodn\u00edho p\u016fvodu z arabsk\u00e9ho jasm\u00ednu a hlohu redukuje zn\u00e1mky \u00fanavy a tmav\u00e9 kruhy a otoky pod o\u010dima.<\/span><\/p>\n<p><span style=\"font-family: arial, helvetica, sans-serif; color: #000000;\">+ Redukuje viditelnost tmav\u00fdch kruh\u016f a pokles o\u010dn\u00edch v\u00ed\u010dek \u2013 klinicky prok\u00e1z\u00e1no<sup>\u03943<\/sup><\/span><\/p>\n<p><span style=\"font-family: arial, helvetica, sans-serif; color: #000000;\"><strong>Nikotinamid<\/strong><\/span><br \/>\n<span style=\"font-family: arial, helvetica, sans-serif; color: #000000;\">Aktivn\u00ed forma vitaminu B3, kter\u00fd poko\u017eku op\u011bt proz\u00e1\u0159\u00ed a hydratuje<\/span><\/p>\n<p><span style=\"font-family: arial, helvetica, sans-serif; color: #000000;\"><strong>Skvalen<\/strong><\/span><br \/>\n<span style=\"font-family: arial, helvetica, sans-serif; color: #000000;\">P\u0159\u00edsada napodobuj\u00edc\u00ed l\u00e1tky p\u0159irozen\u011b p\u0159\u00edtomn\u00e9 v pleti s hydrata\u010dn\u00edmi \u00fa\u010dinky, kter\u00e1 z\u00e1rove\u0148 pe\u010duje o ko\u017en\u00ed bari\u00e9ru.<\/span><\/p>\n<p><span style=\"font-family: arial, helvetica, sans-serif; color: #000000;\"><strong>Bambuck\u00e9 m\u00e1slo<\/strong><\/span><br \/>\n<span style=\"font-family: arial, helvetica, sans-serif; color: #000000;\">P\u0159\u00edrodn\u00ed p\u0159\u00edsada poko\u017eku vy\u017eivuje a chr\u00e1n\u00ed ji proti vysou\u0161en\u00ed.<\/span><\/p>\n<p><span style=\"font-family: arial, helvetica, sans-serif; color: #000000;\"><sup>\u03943<\/sup>\u00a0Aktivn\u00ed p\u0159\u00edsada testovan\u00e1 v klinick\u00fdch testech. Bio Aspartolift \u2013 Patent \u010d. SE2729220.<\/span><\/p>\n<\/div>\n<div><span style=\"font-family: arial, helvetica, sans-serif; font-size: 10pt; color: #000000;\">&#8212;&#8212;&#8212;&#8212;&#8212;&#8212;&#8212;&#8212;&#8212;&#8212;&#8212;&#8212;&#8212;&#8212;&#8212;&#8212;&#8212;&#8212;&#8212;&#8212;&#8212;&#8212;&#8212;&#8212;&#8212;&#8212;&#8212;&#8212;&#8212;&#8212;&#8212;&#8212;&#8212;&#8212;&#8212;&#8212;&#8212;&#8212;&#8212;<\/span><\/div>\n<div class=\"MuiBox-root product-detail-1a3hsxn\">\n<div><span style=\"font-family: arial, helvetica, sans-serif; font-size: 10pt; color: #000000;\">V\u0161echny slo\u017eky<\/span><\/div>\n<div><span style=\"font-family: arial, helvetica, sans-serif; font-size: 10pt; color: #000000;\">AQUA, NIACINAMIDE, BUTYLENE GLYCOL, DIMETHICONE, CETEARYL ISONONANOATE, PROPANEDIOL, SODIUM ACRYLATE\/SODIUM ACRYLOYLDIMETHYL TAURATE COPOLYMER, ACETYL ASPARTIC ACID, BUTYROSPERMUM PARKII BUTTER, CETEARYL ALCOHOL, CRATAEGUS MONOGYNA FLOWER EXTRACT, POLYACRYLATE CROSSPOLYMER-6, SORBITOL, ISOHEXADECANE, CETEARYL GLUCOSIDE, SORBITAN OLIVATE, SQUALANE, GLYCERIN, SODIUM HYDROXIDE, CAPRYLYL GLYCOL, POLYSORBATE 80, PHENYLPROPANOL, O-CYMEN-5-OL, SORBITAN OLEATE, JASMINUM SAMBAC FLOWER EXTRACT, CITRIC ACID, DISODIUM EDTA, CAPRYLHYDROXAMIC ACID<\/span><\/div>\n<\/div>\n","protected":false},"excerpt":{"rendered":"<div class=\"product-detail-v55igo\" data-testid=\"Presentation-product-detail-summary-info\"><span style=\"font-family: arial, helvetica, sans-serif; color: #000000;\">O\u010dn\u00ed kr\u00e9m Novage+ Lift + Firm je \u0161pi\u010dkov\u00fd multi-aktivn\u00ed o\u010dn\u00ed kr\u00e9m s technologi\u00ed podobnou retinolu, kter\u00fd zpev\u0148uje a vyp\u00edn\u00e1 o\u010dn\u00ed okol\u00ed a z\u00e1rove\u0148 \u0159e\u0161\u00ed vr\u00e1sky a projevy \u00fanavy pro celkov\u011b sv\u011b\u017e\u011bj\u0161\u00ed, mladistv\u011bj\u0161\u00ed a odpo\u010dat\u011bj\u0161\u00ed vzhled.<\/span><\/div>\n<div class=\"product-detail-1buwlw5\">\n<div class=\"product-detail-uyp0pw\">\n<ul>\n<li class=\"product-detail-bphipo\"><span style=\"font-family: arial, helvetica, sans-serif; color: #000000;\">Pozved\u00e1, zpev\u0148uje, vyhlazuje a obnovuje o\u010dn\u00ed kontury \u2013 prok\u00e1z\u00e1no klinick\u00fdmi testy.<\/span><\/li>\n<li class=\"product-detail-bphipo\"><span style=\"font-family: arial, helvetica, sans-serif; color: #000000;\">Redukuje viditelnost vr\u00e1sek, tmav\u00fdch kruh\u016f a otok\u016f<\/span><\/li>\n<li class=\"product-detail-bphipo\"><span style=\"font-family: arial, helvetica, sans-serif; color: #000000;\">Vhodn\u00e9 pro v\u0161echny typy pleti v\u010detn\u011b citliv\u00e9<\/span><\/li>\n<\/ul>\n<p><span style=\"font-family: arial, helvetica, sans-serif; color: #000000;\">15ml<\/span><\/p>\n<p><span style=\"font-family: arial, helvetica, sans-serif; color: #000000;\"><strong>O\u010cI \u2013 VYVINUTO PRO CHOULOSTIV\u00c9 O\u010cN\u00cd OKOL\u00cd<\/strong><\/span><\/p>\n<p><span style=\"font-family: arial, helvetica, sans-serif; color: #000000;\">O\u010dn\u00ed kr\u00e9my Novage+ maj\u00ed lehkou texturu, nejsou parfemov\u00e1ny a jejich v\u011bdecky vyvinut\u00e9 slo\u017een\u00ed p\u016fsob\u00ed proti vr\u00e1sk\u00e1m, tmav\u00fdm kruh\u016fm a otok\u016fm v choulostiv\u00e9m o\u010dn\u00edm okol\u00ed. Aplikujte r\u00e1no a ve\u010der po vy\u010di\u0161t\u011bn\u00ed pleti:<\/span><\/p>\n<p>&nbsp;<\/p>\n<ul>\n<li><span style=\"font-family: arial, helvetica, sans-serif; color: #000000;\">Ke ka\u017ed\u00e9mu oku naneste malou te\u010dku kr\u00e9mu.<\/span><\/li>\n<li><span style=\"font-family: arial, helvetica, sans-serif; color: #000000;\">Po\u0165uk\u00e1v\u00e1n\u00edm kr\u00e9m naneste pod\u00e9l o\u010dnice.<\/span><\/li>\n<li><span style=\"font-family: arial, helvetica, sans-serif; color: #000000;\">Prsten\u00ed\u010dkem o\u010dn\u00ed kr\u00e9m jemn\u011b vklepejte do poko\u017eky, dokud se nevst\u0159eb\u00e1.<\/span><\/li>\n<li><span style=\"font-family: arial, helvetica, sans-serif; color: #000000;\">Jemnou ple\u0165 o\u010dn\u00edho okol\u00ed nemn\u011bte ani netahejte.<\/span><\/li>\n<li><span style=\"font-family: arial, helvetica, sans-serif; color: #000000;\">Vyhn\u011bte se p\u0159\u00edm\u00e9mu kontaktu s o\u010dima.<\/span><\/li>\n<\/ul>\n<div class=\"woocommerce-product-details__short-description\">\n<div class=\"product-detail-yv4fe8\">\n<div class=\"product-detail-v4i4af\">\n<div class=\"woocommerce-product-details__short-description\">\n<div class=\"product-detail-vdfylx\">\n<div class=\"product-detail-d0oxj1\">\n<div class=\"product-detail-1yhj3ra\">\n<p class=\"product-detail-17mztir\" data-testid=\"Presentation-product-detail-LowestPreviousPrice\"><span style=\"font-family: arial, helvetica, sans-serif; font-size: 10pt;\">Nejni\u017e\u0161\u00ed cena platn\u00e1 ve 30 dnech p\u0159ed platnost\u00ed sou\u010dasn\u00e9 ceny byla 370 K\u010d<\/span><\/p>\n<\/div>\n<\/div>\n<\/div>\n<\/div>\n<\/div>\n<\/div>\n<\/div>\n<\/div>\n<\/div>\n","protected":false},"featured_media":4309,"comment_status":"closed","ping_status":"closed","template":"","meta":[],"pwb-brand":[27],"product_brand":[91],"product_cat":[44,41,30],"product_tag":[],"class_list":{"0":"post-4308","1":"product","2":"type-product","3":"status-publish","4":"has-post-thumbnail","6":"pwb-brand-https-cz-oriflame-com-cataloguesstorebeautyobchod","7":"product_brand-oriflame","8":"product_cat-sady-novage","9":"product_cat-ocni-pece","10":"product_cat-pece-o-plet","12":"first","13":"instock","14":"sale","15":"taxable","16":"shipping-taxable","17":"purchasable","18":"product-type-simple"},"brands":[{"id":27,"name":"Oriflame","slug":"https-cz-oriflame-com-cataloguesstorebeautyobchod"}],"_links":{"self":[{"href":"https:\/\/priroda-uvadi.cz\/beauty\/wp-json\/wp\/v2\/product\/4308","targetHints":{"allow":["GET"]}}],"collection":[{"href":"https:\/\/priroda-uvadi.cz\/beauty\/wp-json\/wp\/v2\/product"}],"about":[{"href":"https:\/\/priroda-uvadi.cz\/beauty\/wp-json\/wp\/v2\/types\/product"}],"replies":[{"embeddable":true,"href":"https:\/\/priroda-uvadi.cz\/beauty\/wp-json\/wp\/v2\/comments?post=4308"}],"wp:featuredmedia":[{"embeddable":true,"href":"https:\/\/priroda-uvadi.cz\/beauty\/wp-json\/wp\/v2\/media\/4309"}],"wp:attachment":[{"href":"https:\/\/priroda-uvadi.cz\/beauty\/wp-json\/wp\/v2\/media?parent=4308"}],"wp:term":[{"taxonomy":"pwb-brand","embeddable":true,"href":"https:\/\/priroda-uvadi.cz\/beauty\/wp-json\/wp\/v2\/pwb-brand?post=4308"},{"taxonomy":"product_brand","embeddable":true,"href":"https:\/\/priroda-uvadi.cz\/beauty\/wp-json\/wp\/v2\/product_brand?post=4308"},{"taxonomy":"product_cat","embeddable":true,"href":"https:\/\/priroda-uvadi.cz\/beauty\/wp-json\/wp\/v2\/product_cat?post=4308"},{"taxonomy":"product_tag","embeddable":true,"href":"https:\/\/priroda-uvadi.cz\/beauty\/wp-json\/wp\/v2\/product_tag?post=4308"}],"curies":[{"name":"wp","href":"https:\/\/api.w.org\/{rel}","templated":true}]}}