{"id":4306,"date":"2023-03-23T11:47:50","date_gmt":"2023-03-23T10:47:50","guid":{"rendered":"https:\/\/priroda-uvadi.cz\/beauty\/?post_type=product&#038;p=4306"},"modified":"2026-01-20T20:50:37","modified_gmt":"2026-01-20T19:50:37","slug":"lehky-omlazujici-nocni-krem-multi-active-novage","status":"publish","type":"product","link":"https:\/\/priroda-uvadi.cz\/beauty\/produkt\/lehky-omlazujici-nocni-krem-multi-active-novage\/","title":{"rendered":"Lehk\u00fd omlazuj\u00edc\u00ed no\u010dn\u00ed kr\u00e9m Multi-Active Novage+ 50ml"},"content":{"rendered":"<p><span style=\"font-family: arial, helvetica, sans-serif; color: #000000;\"><strong>Lehk\u00fd omlazuj\u00edc\u00ed no\u010dn\u00ed kr\u00e9m Multi-Active Novage+<\/strong>\u00a0Inteligentn\u00ed receptura lehk\u00e9ho omlazuj\u00edc\u00edho no\u010dn\u00edho kr\u00e9mu Multi-Active Novage+ obsahuje inovativn\u00ed bio aktiva\u010dn\u00ed technologie, kter\u00e9 podporuj\u00ed no\u010dn\u00ed opravn\u00e9 a regenera\u010dn\u00ed procesy pleti a s mimo\u0159\u00e1dn\u00fdmi v\u00fdsledky bojuj\u00ed proti mnoha projev\u016fm st\u00e1rnut\u00ed.<\/span><\/p>\n<p><span style=\"font-family: arial, helvetica, sans-serif; color: #000000;\"><strong>Pokro\u010dil\u00e1 obnova a regenerace funkc\u00ed ko\u017en\u00ed bari\u00e9ry!<\/strong><\/span><br \/>\n<span style=\"font-family: arial, helvetica, sans-serif; color: #000000;\"><strong>+ Bio CeramidesPro\u00a0<\/strong>obnovuje ceramidy, \u010d\u00edm\u017e pom\u00e1h\u00e1 opravovat ko\u017en\u00ed bari\u00e9ru, a podporuje<\/span> <span style=\"font-family: arial, helvetica, sans-serif;\">vlastn\u00ed tvorbu ceramid\u016f a kyseliny hyaluronov\u00e9 v pleti<sup>\u25ca2<\/sup><\/span><br \/>\n<span style=\"font-family: arial, helvetica, sans-serif;\"><strong>+ Advanced NightSync<\/strong>\u00a0p\u016fsob\u00ed podobn\u011b jako melatonin. B\u011bhem no\u010dn\u00edho procesu oprav v poko\u017ece p\u016fsob\u00ed jako antioxidant a p\u0159isp\u00edv\u00e1 k v\u00fdznamn\u00e9 redukci vr\u00e1sek<\/span><\/p>\n<p><span style=\"font-family: arial, helvetica, sans-serif;\"><strong>ZVL\u00c1D\u00c1 10 HLAVN\u00cdCH PROJEV\u016e ST\u00c1RNUT\u00cd!<\/strong>*<sup>3<\/sup><\/span><\/p>\n<ul>\n<li><span style=\"font-family: arial, helvetica, sans-serif;\">Zhrubnut\u00ed<\/span><\/li>\n<li><span style=\"font-family: arial, helvetica, sans-serif;\">Unaven\u00fd vzhled pleti<\/span><\/li>\n<li><span style=\"font-family: arial, helvetica, sans-serif;\">Mdl\u00e1 poko\u017eka<\/span><\/li>\n<li><span style=\"font-family: arial, helvetica, sans-serif;\">Jemn\u00e9 linky a vr\u00e1sky<\/span><\/li>\n<li><span style=\"font-family: arial, helvetica, sans-serif;\">Ztr\u00e1ta pevnosti<\/span><\/li>\n<li><span style=\"font-family: arial, helvetica, sans-serif;\">Vysou\u0161en\u00ed pleti<\/span><\/li>\n<li><span style=\"font-family: arial, helvetica, sans-serif;\">Nerovnom\u011brn\u00fd t\u00f3n pleti<\/span><\/li>\n<li><span style=\"font-family: arial, helvetica, sans-serif;\">Nedostatek v\u00fd\u017eivn\u00fdch l\u00e1tek<\/span><\/li>\n<li><span style=\"font-family: arial, helvetica, sans-serif;\">Nezdrav\u00fd vzhled pleti<\/span><\/li>\n<li><span style=\"font-family: arial, helvetica, sans-serif;\">Ztr\u00e1ta optim\u00e1ln\u00edch funkc\u00ed pleti<\/span><\/li>\n<\/ul>\n<div class=\"product-detail-1ek59ni\">\n<p><span style=\"font-family: arial, helvetica, sans-serif; color: #000000;\">S bio aktiva\u010dn\u00edmi technologiemi Bio CeramidesPro a Advanced NightSync a s vitaminem E a bambuck\u00fdm m\u00e1slem.<\/span><\/p>\n<p><span style=\"font-family: arial, helvetica, sans-serif; color: #000000;\"><strong>Bio CeramidesPro<\/strong><\/span><br \/>\n<span style=\"font-family: arial, helvetica, sans-serif; color: #000000;\">Technologie p\u0159\u00edrodn\u00edho p\u016fvodu z ovsa, kter\u00e1 opravuje ko\u017en\u00ed bari\u00e9ru, zat\u00edmco sp\u00edte, \u010d\u00edm\u017e redukuje zn\u00e1mky st\u00e1rnut\u00ed. Obnovuje v ko\u017en\u00ed bari\u00e9\u0159e d\u016fle\u017eit\u00e9 ceramidy a prokazateln\u011b podporuje tvorbu vlastn\u00ed kyseliny hyaluronov\u00e9 v pleti.<sup>\u25ca2<\/sup>.<\/span><\/p>\n<p><span style=\"font-family: arial, helvetica, sans-serif; color: #000000;\">+ Technologie s vlastnostmi podobn\u00fdmi s poko\u017ekou<\/span><\/p>\n<p><span style=\"font-family: arial, helvetica, sans-serif; color: #000000;\">+ Dopl\u0148uje ceramidy a pom\u00e1h\u00e1 opravovat ko\u017en\u00ed bari\u00e9ru<\/span><\/p>\n<p><span style=\"font-family: arial, helvetica, sans-serif; color: #000000;\">+ Podporuje vlastn\u00ed tvorbu ceramid\u016f v pleti<sup>\u25ca2<\/sup><\/span><\/p>\n<p><span style=\"font-family: arial, helvetica, sans-serif; color: #000000;\">+ Podporuje vlastn\u00ed tvorbu kyseliny hyaluronov\u00e9 v pleti<sup>\u25ca2<\/sup><\/span><\/p>\n<p><span style=\"font-family: arial, helvetica, sans-serif; color: #000000;\">+ Pom\u00e1h\u00e1 v poko\u017ece udr\u017eet hydrataci<\/span><\/p>\n<p><span style=\"font-family: arial, helvetica, sans-serif; color: #000000;\"><strong>Advanced NightSync<\/strong><\/span><br \/>\n<span style=\"font-family: arial, helvetica, sans-serif; color: #000000;\">Technologie vyvinut\u00e1 k napodoben\u00ed pozitivn\u00edch \u00fa\u010dink\u016f sp\u00e1nku na st\u00e1rnouc\u00ed ple\u0165. Tato biomimetick\u00e1 technologie \u00fa\u010dinkuje podobn\u011b jako melatonin. B\u011bhem no\u010dn\u00edho procesu oprav v poko\u017ece p\u016fsob\u00ed jako antioxidant a p\u0159isp\u00edv\u00e1 k v\u00fdznamn\u00e9 redukci vr\u00e1sek.<\/span><\/p>\n<p><span style=\"font-family: arial, helvetica, sans-serif; color: #000000;\">+ Pom\u00e1h\u00e1 v pleti b\u011bhem noci aktivovat procesy oprav denn\u00edch \u0161kod<\/span><\/p>\n<p><span style=\"font-family: arial, helvetica, sans-serif; color: #000000;\">+ P\u016fsob\u00ed v poko\u017ece podobn\u011b jako melatonin<\/span><\/p>\n<p><span style=\"font-family: arial, helvetica, sans-serif; color: #000000;\">+ Napodobuje pozitivn\u00ed \u00fa\u010dinky sp\u00e1nku na ple\u0165<\/span><\/p>\n<p><span style=\"font-family: arial, helvetica, sans-serif; color: #000000;\">+ P\u016fsob\u00ed jako antioxidant a v\u00fdrazn\u011b redukuje jemn\u00e9 linky a vr\u00e1sky<\/span><\/p>\n<p><span style=\"font-family: arial, helvetica, sans-serif; color: #000000;\"><strong>Vitamin E<\/strong><\/span><br \/>\n<span style=\"font-family: arial, helvetica, sans-serif; color: #000000;\">Siln\u00fd antioxidant, kter\u00fd pom\u00e1h\u00e1 ko\u017en\u00ed bu\u0148ky chr\u00e1nit p\u0159ed po\u0161kozen\u00edm voln\u00fdmi radik\u00e1ly.<\/span><\/p>\n<p><span style=\"font-family: arial, helvetica, sans-serif; color: #000000;\"><strong>Bambuck\u00e9 m\u00e1slo<\/strong><\/span><br \/>\n<span style=\"font-family: arial, helvetica, sans-serif; color: #000000;\">P\u0159\u00edrodn\u00ed p\u0159\u00edsada, kter\u00e1 poko\u017eku vy\u017eivuje a chr\u00e1n\u00ed ji proti vysou\u0161en\u00ed.<\/span><\/p>\n<p><sup>\u25ca2<\/sup>\u00a0<em>in vitro.<\/em><br \/>\n<span style=\"font-family: arial, helvetica, sans-serif; font-size: 10pt; color: #000000;\">&#8212;&#8212;&#8212;&#8212;&#8212;&#8212;&#8212;&#8212;&#8212;&#8212;&#8212;&#8212;&#8212;&#8212;&#8212;&#8212;&#8212;&#8212;&#8212;&#8212;&#8212;&#8212;&#8212;&#8212;&#8212;&#8212;&#8212;&#8212;&#8212;&#8212;&#8212;&#8212;&#8212;&#8212;&#8212;&#8212;&#8212;&#8212;<\/span><\/p>\n<\/div>\n<div class=\"MuiBox-root product-detail-1a3hsxn\">\n<div><span style=\"font-family: arial, helvetica, sans-serif; font-size: 10pt; color: #000000;\">V\u0161echny slo\u017eky<\/span><\/div>\n<div><span style=\"font-family: arial, helvetica, sans-serif; font-size: 10pt; color: #000000;\">AQUA, DIMETHICONE, GLYCERIN, BIS-DIGLYCERYL POLYACYLADIPATE-2, CAPRYLIC\/CAPRIC TRIGLYCERIDE, BUTYLENE GLYCOL, ETHYLHEXYL PALMITATE, RICINUS COMMUNIS SEED OIL, BUTYROSPERMUM PARKII BUTTER, GLYCERYL STEARATE, PEG-100 STEARATE, CERA ALBA, AVENA SATIVA KERNEL EXTRACT, CETYL ALCOHOL, BETAINE, ETHYLHEXYLGLYCERIN, SODIUM ACRYLATE\/SODIUM ACRYLOYLDIMETHYL TAURATE COPOLYMER, CAPRYLYL GLYCOL, PROPANEDIOL, TOCOPHERYL ACETATE, ISOHEXADECANE, POTASSIUM CETYL PHOSPHATE, HYDROGENATED CASTOR OIL, POLYSORBATE 80, COPERNICIA CERIFERA CERA, MALTODEXTRIN, PARFUM, CAPRYLHYDROXAMIC ACID, DISODIUM EDTA, GARDENIA JASMINOIDES FRUIT EXTRACT, PHENOXYETHANOL, CI 77891, CI 17200, CI 42090<\/span><\/div>\n<div>\n<p class=\"MuiTypography-root MuiTypography-body1 products-app-emotion-z53mru\"><span style=\"font-family: arial, helvetica, sans-serif; font-size: 10pt;\">N\u00e1zev a adresa v\u00fdrobce(\u016f) a zem\u011b p\u016fvodu<\/span><\/p>\n<div class=\"MuiBox-root products-app-emotion-p1vtja\">\n<div class=\"MuiBox-root products-app-emotion-0\"><span style=\"font-family: arial, helvetica, sans-serif; font-size: 10pt;\">V\u00fdrobcem produktu je jeden z n\u00ed\u017ee uveden\u00fdch subjekt\u016f. Pro p\u0159esn\u00e9 informace pros\u00edm vyhledejte konkr\u00e9tn\u00ed produkt.<\/span><\/div>\n<div class=\"MuiBox-root products-app-emotion-0\">\n<p class=\"MuiTypography-root MuiTypography-body1 products-app-emotion-1lg9s02\"><span style=\"font-family: arial, helvetica, sans-serif; font-size: 10pt;\">Cetes Cosmetics Poland Sp. z o. o.<\/span><\/p>\n<p class=\"MuiTypography-root MuiTypography-body1 products-app-emotion-1lg9s02\"><span style=\"font-family: arial, helvetica, sans-serif; font-size: 10pt;\">ul. Bohater\u00f3w Warszawy 2<\/span><\/p>\n<p class=\"MuiTypography-root MuiTypography-body1 products-app-emotion-1lg9s02\"><span style=\"font-family: arial, helvetica, sans-serif; font-size: 10pt;\">Warszawa\u00a002-495<\/span><\/p>\n<p class=\"MuiTypography-root MuiTypography-body1 products-app-emotion-1lg9s02\"><span style=\"font-family: arial, helvetica, sans-serif; font-size: 10pt;\">POLAND<\/span><\/p>\n<p class=\"MuiTypography-root MuiTypography-body1 products-app-emotion-1lg9s02\"><span style=\"font-family: arial, helvetica, sans-serif; font-size: 10pt;\">Zem\u011b p\u016fvodu\u00a0POLAND<\/span><\/p>\n<\/div>\n<div class=\"MuiBox-root products-app-emotion-0\">\n<p class=\"MuiTypography-root MuiTypography-body1 products-app-emotion-1lg9s02\"><span style=\"font-family: arial, helvetica, sans-serif; font-size: 10pt;\">Oriflame India Private Limited<\/span><\/p>\n<p class=\"MuiTypography-root MuiTypography-body1 products-app-emotion-1lg9s02\"><span style=\"font-family: arial, helvetica, sans-serif; font-size: 10pt;\">B-44, Phase II, Post Office &#8211; NSEZ<\/span><\/p>\n<p class=\"MuiTypography-root MuiTypography-body1 products-app-emotion-1lg9s02\"><span style=\"font-family: arial, helvetica, sans-serif; font-size: 10pt;\">Gautam Budh Nagar<\/span><\/p>\n<p class=\"MuiTypography-root MuiTypography-body1 products-app-emotion-1lg9s02\"><span style=\"font-family: arial, helvetica, sans-serif; font-size: 10pt;\">Uttar Pradesh, 201305\u00a0INDIA<\/span><\/p>\n<p class=\"MuiTypography-root MuiTypography-body1 products-app-emotion-1lg9s02\"><span style=\"font-family: arial, helvetica, sans-serif; font-size: 10pt;\">Zem\u011b p\u016fvodu\u00a0INDIA<\/span><\/p>\n<\/div>\n<\/div>\n<\/div>\n<\/div>\n","protected":false},"excerpt":{"rendered":"<div class=\"product-detail-v55igo\" data-testid=\"Presentation-product-detail-summary-info\"><span style=\"font-family: arial, helvetica, sans-serif; color: #000000;\">Lehk\u00fd omlazuj\u00edc\u00ed no\u010dn\u00ed kr\u00e9m Multi-Active Novage+ pom\u00e1h\u00e1 aktivovat a podpo\u0159it no\u010dn\u00ed opravn\u00e9 a regenera\u010dn\u00ed funkce ko\u017en\u00ed bari\u00e9ry, a tak bojovat proti \u010detn\u00fdm zn\u00e1mk\u00e1m st\u00e1rnut\u00ed, redukovat jemn\u00e9 linky a vr\u00e1sky a odhalovat pevn\u011bj\u0161\u00ed, heb\u010d\u00ed, proz\u00e1\u0159en\u011bj\u0161\u00ed a mladistv\u011bj\u0161\u00ed ple\u0165.<\/span><\/div>\n<div class=\"product-detail-1buwlw5\">\n<div class=\"product-detail-uyp0pw\">\n<ul>\n<li class=\"product-detail-bphipo\"><span style=\"font-family: arial, helvetica, sans-serif; color: #000000;\">96 % souhlas\u00ed, \u017ee ji\u017e po 4 t\u00fddnech je ple\u0165 pevn\u011bj\u0161\u00ed*<\/span><\/li>\n<li class=\"product-detail-bphipo\"><span style=\"font-family: arial, helvetica, sans-serif; color: #000000;\">96 % souhlas\u00ed, \u017ee ji\u017e po 4 t\u00fddnech se jemn\u00e9 linky a vr\u00e1sky zdaj\u00ed men\u0161\u00ed*<\/span><\/li>\n<li class=\"product-detail-bphipo\"><span style=\"font-family: arial, helvetica, sans-serif; color: #000000;\">Vhodn\u00e9 pro v\u0161echny typy pleti, zejm\u00e9na pro norm\u00e1ln\u00ed a\u017e sm\u00ed\u0161enou ple\u0165<\/span><\/li>\n<\/ul>\n<p><span style=\"font-family: arial, helvetica, sans-serif; color: #000000;\">50ml<\/span><\/p>\n<p><strong><span style=\"font-family: arial, helvetica, sans-serif; color: #000000;\">POU\u017dIT\u00cd<\/span><\/strong><\/p>\n<p><span style=\"font-family: arial, helvetica, sans-serif; color: #000000;\"><strong>HYDRATACE \u2013\u00a0<\/strong>OCHRANA + OBNOVA<\/span><\/p>\n<p><span style=\"font-family: arial, helvetica, sans-serif; color: #000000;\">No\u010dn\u00ed kr\u00e9my Novage+ va\u0161\u00ed pleti p\u0159in\u00e1\u0161ej\u00ed vysoce \u00fa\u010dinn\u00e9 omlazuj\u00edc\u00ed aktivn\u00ed p\u0159\u00edsady a pom\u00e1haj\u00ed v pleti uzamknout \u00fa\u010dinn\u00e9 l\u00e1tky s\u00e9ra. Obsahuj\u00ed aktivn\u00ed l\u00e1tky, kter\u00e9 b\u011bhem sp\u00e1nku, kdy prob\u00edhaj\u00ed procesy oprav a obnovy, pom\u00e1haj\u00ed zlep\u0161ovat stav poko\u017eky.<\/span><\/p>\n<p><span style=\"font-family: arial, helvetica, sans-serif; color: #000000;\">Pou\u017e\u00edvejte ka\u017ed\u00fd ve\u010der po nanesen\u00ed s\u00e9ra.<\/span><\/p>\n<p><span style=\"font-family: arial, helvetica, sans-serif; color: #000000;\">\u00b7 Pou\u017eijte kr\u00e9m zhruba v objemu perly.<\/span><\/p>\n<p><span style=\"font-family: arial, helvetica, sans-serif; color: #000000;\">\u00b7 Naneste na \u010delo, tv\u00e1\u0159e a bradu.<\/span><\/p>\n<p><span style=\"font-family: arial, helvetica, sans-serif; color: #000000;\">\u00b7 Rovnom\u011brn\u011b kr\u00e9m rozet\u0159ete po tv\u00e1\u0159i, krku a dekoltu, dokud se nevst\u0159eb\u00e1.<\/span><\/p>\n<p><span style=\"font-family: arial, helvetica, sans-serif; color: #000000;\">\u00b7 Vyhn\u011bte se o\u010dn\u00edmu okol\u00ed.<\/span><\/p>\n<p><span style=\"font-family: arial, helvetica, sans-serif; color: #000000;\">Nejlep\u0161\u00edch v\u00fdsledk\u016f dos\u00e1hnete p\u0159i pou\u017e\u00edv\u00e1n\u00ed v r\u00e1mci 4 krok\u016f ritu\u00e1lu Novage+.<\/span><\/p>\n<p><span style=\"font-family: arial, helvetica, sans-serif; color: #000000;\">Ritu\u00e1ly Novage+ posouvaj\u00ed vrstven\u00ed produkt\u016f na dal\u0161\u00ed \u00farove\u0148 a poskytuj\u00ed va\u0161\u00ed pleti je\u0161t\u011b v\u00edce p\u00e9\u010de. Ka\u017ed\u00fd produkt je navr\u017een tak, aby fungoval v dokonal\u00e9 synchronizaci s va\u0161\u00ed plet\u00ed a spolu navz\u00e1jem \u2013 pro optim\u00e1ln\u00ed v\u00fdsledky. Pr\u00e9miov\u00e1 p\u00e9\u010de a v\u00fdsledky v pouh\u00fdch \u010dty\u0159ech kroc\u00edch. Postupujte podle ritu\u00e1lu dvakr\u00e1t denn\u011b ka\u017ed\u00fd den a uvid\u00edte v\u00fdsledky je\u0161t\u011b rychleji.<\/span><\/p>\n<div class=\"woocommerce-product-details__short-description\">\n<div class=\"woocommerce-product-details__short-description\">\n<div class=\"description__content_I0dkn description__content--is-expanded_fLsfD\">\n<div>\n<p><span style=\"font-family: arial, helvetica, sans-serif; font-size: 10pt;\">Nejni\u017e\u0161\u00ed cena platn\u00e1 ve 30 dnech p\u0159ed platnost\u00ed sou\u010dasn\u00e9 ceny byla 500 K\u010d<\/span><\/p>\n<\/div>\n<\/div>\n<\/div>\n<\/div>\n<\/div>\n<\/div>\n","protected":false},"featured_media":4307,"comment_status":"closed","ping_status":"closed","template":"","meta":[],"pwb-brand":[27],"product_brand":[91],"product_cat":[40,44,30],"product_tag":[],"class_list":{"0":"post-4306","1":"product","2":"type-product","3":"status-publish","4":"has-post-thumbnail","6":"pwb-brand-https-cz-oriflame-com-cataloguesstorebeautyobchod","7":"product_brand-oriflame","8":"product_cat-denni-kremy","9":"product_cat-sady-novage","10":"product_cat-pece-o-plet","12":"first","13":"instock","14":"sale","15":"taxable","16":"shipping-taxable","17":"purchasable","18":"product-type-simple"},"brands":[{"id":27,"name":"Oriflame","slug":"https-cz-oriflame-com-cataloguesstorebeautyobchod"}],"_links":{"self":[{"href":"https:\/\/priroda-uvadi.cz\/beauty\/wp-json\/wp\/v2\/product\/4306","targetHints":{"allow":["GET"]}}],"collection":[{"href":"https:\/\/priroda-uvadi.cz\/beauty\/wp-json\/wp\/v2\/product"}],"about":[{"href":"https:\/\/priroda-uvadi.cz\/beauty\/wp-json\/wp\/v2\/types\/product"}],"replies":[{"embeddable":true,"href":"https:\/\/priroda-uvadi.cz\/beauty\/wp-json\/wp\/v2\/comments?post=4306"}],"wp:featuredmedia":[{"embeddable":true,"href":"https:\/\/priroda-uvadi.cz\/beauty\/wp-json\/wp\/v2\/media\/4307"}],"wp:attachment":[{"href":"https:\/\/priroda-uvadi.cz\/beauty\/wp-json\/wp\/v2\/media?parent=4306"}],"wp:term":[{"taxonomy":"pwb-brand","embeddable":true,"href":"https:\/\/priroda-uvadi.cz\/beauty\/wp-json\/wp\/v2\/pwb-brand?post=4306"},{"taxonomy":"product_brand","embeddable":true,"href":"https:\/\/priroda-uvadi.cz\/beauty\/wp-json\/wp\/v2\/product_brand?post=4306"},{"taxonomy":"product_cat","embeddable":true,"href":"https:\/\/priroda-uvadi.cz\/beauty\/wp-json\/wp\/v2\/product_cat?post=4306"},{"taxonomy":"product_tag","embeddable":true,"href":"https:\/\/priroda-uvadi.cz\/beauty\/wp-json\/wp\/v2\/product_tag?post=4306"}],"curies":[{"name":"wp","href":"https:\/\/api.w.org\/{rel}","templated":true}]}}