{"id":4172,"date":"2023-01-30T17:16:32","date_gmt":"2023-01-30T16:16:32","guid":{"rendered":"https:\/\/priroda-uvadi.cz\/beauty\/?post_type=product&#038;p=4172"},"modified":"2023-10-03T19:13:05","modified_gmt":"2023-10-03T17:13:05","slug":"stetec-na-korektor-precision","status":"publish","type":"product","link":"https:\/\/priroda-uvadi.cz\/beauty\/produkt\/stetec-na-korektor-precision\/","title":{"rendered":"\u0160t\u011btec na korektor Precision"},"content":{"rendered":"<p><span style=\"font-family: arial, helvetica, sans-serif; color: #000000;\">Tenk\u00fd kompaktn\u00ed za\u0161pi\u010dat\u011bl\u00fd \u0161t\u011btec je perfektn\u00ed na nan\u00e1\u0161en\u00ed korektoru na ple\u0165 kolem o\u010d\u00ed a nosu.<\/span><\/p>\n","protected":false},"excerpt":{"rendered":"<p><span style=\"font-family: arial, helvetica, sans-serif;\">Materi\u00e1l: nylonov\u00e9 \u0161t\u011btinky, hlin\u00edk, bambus<\/span><\/p>\n<p><span style=\"font-family: arial, helvetica, sans-serif;\">D\u00e9lka: 15.2 cm<\/span><\/p>\n<p><span style=\"font-family: arial, helvetica, sans-serif;\">Pr\u016fm\u011br: 0.9 cm<\/span><\/p>\n","protected":false},"featured_media":4173,"comment_status":"closed","ping_status":"closed","template":"","meta":[],"pwb-brand":[27],"product_brand":[],"product_cat":[31,84],"product_tag":[],"class_list":{"0":"post-4172","1":"product","2":"type-product","3":"status-publish","4":"has-post-thumbnail","6":"pwb-brand-https-cz-oriflame-com-cataloguesstorebeautyobchod","7":"product_cat-nekosmeticke-vyrobky","8":"product_cat-stetce","10":"first","11":"instock","12":"taxable","13":"shipping-taxable","14":"purchasable","15":"product-type-simple"},"brands":[{"id":27,"name":"Oriflame","slug":"https-cz-oriflame-com-cataloguesstorebeautyobchod"}],"_links":{"self":[{"href":"https:\/\/priroda-uvadi.cz\/beauty\/wp-json\/wp\/v2\/product\/4172","targetHints":{"allow":["GET"]}}],"collection":[{"href":"https:\/\/priroda-uvadi.cz\/beauty\/wp-json\/wp\/v2\/product"}],"about":[{"href":"https:\/\/priroda-uvadi.cz\/beauty\/wp-json\/wp\/v2\/types\/product"}],"replies":[{"embeddable":true,"href":"https:\/\/priroda-uvadi.cz\/beauty\/wp-json\/wp\/v2\/comments?post=4172"}],"wp:featuredmedia":[{"embeddable":true,"href":"https:\/\/priroda-uvadi.cz\/beauty\/wp-json\/wp\/v2\/media\/4173"}],"wp:attachment":[{"href":"https:\/\/priroda-uvadi.cz\/beauty\/wp-json\/wp\/v2\/media?parent=4172"}],"wp:term":[{"taxonomy":"pwb-brand","embeddable":true,"href":"https:\/\/priroda-uvadi.cz\/beauty\/wp-json\/wp\/v2\/pwb-brand?post=4172"},{"taxonomy":"product_brand","embeddable":true,"href":"https:\/\/priroda-uvadi.cz\/beauty\/wp-json\/wp\/v2\/product_brand?post=4172"},{"taxonomy":"product_cat","embeddable":true,"href":"https:\/\/priroda-uvadi.cz\/beauty\/wp-json\/wp\/v2\/product_cat?post=4172"},{"taxonomy":"product_tag","embeddable":true,"href":"https:\/\/priroda-uvadi.cz\/beauty\/wp-json\/wp\/v2\/product_tag?post=4172"}],"curies":[{"name":"wp","href":"https:\/\/api.w.org\/{rel}","templated":true}]}}