{"id":4165,"date":"2023-01-30T16:59:20","date_gmt":"2023-01-30T15:59:20","guid":{"rendered":"https:\/\/priroda-uvadi.cz\/beauty\/?post_type=product&#038;p=4165"},"modified":"2023-04-03T11:28:50","modified_gmt":"2023-04-03T09:28:50","slug":"zahnuty-stetec-na-ocni-linky-precision","status":"publish","type":"product","link":"https:\/\/priroda-uvadi.cz\/beauty\/produkt\/zahnuty-stetec-na-ocni-linky-precision\/","title":{"rendered":"Zahnut\u00fd \u0161t\u011btec na o\u010dn\u00ed linky Precision"},"content":{"rendered":"","protected":false},"excerpt":{"rendered":"<div id=\"description\" class=\"product-detail-1u8i6f5\" data-testid=\"Presentation-product-detail-description\">\n<div class=\"product-detail-lywrsa\">\n<div><span style=\"font-family: arial, helvetica, sans-serif; color: #000000;\">\u0160t\u011btec se zahnut\u00fdm koncem v\u00e1m pom\u016f\u017ee dos\u00e1hnout za v\u0161echny \u0159asy a p\u0159esn\u011b nan\u00e9st o\u010dn\u00ed linky. Perfektn\u00ed na kr\u00e9mov\u00e9 linky i na o\u010dn\u00ed st\u00edny.<\/span><\/div>\n<div><\/div>\n<div><span style=\"font-family: arial, helvetica, sans-serif; color: #000000;\">Materi\u00e1l: nylonov\u00e9 \u0161t\u011btinky, hlin\u00edk, bambus.<\/span><\/div>\n<\/div>\n<\/div>\n<p><span style=\"font-family: arial, helvetica, sans-serif; color: #000000;\">D\u00e9lka: 11.2 cm<\/span><\/p>\n<p><span style=\"font-family: arial, helvetica, sans-serif; color: #000000;\">Pr\u016fm\u011br: 0.5 cm<\/span><\/p>\n","protected":false},"featured_media":4166,"comment_status":"closed","ping_status":"closed","template":"","meta":[],"pwb-brand":[27],"product_brand":[],"product_cat":[31,84],"product_tag":[],"class_list":{"0":"post-4165","1":"product","2":"type-product","3":"status-publish","4":"has-post-thumbnail","6":"pwb-brand-https-cz-oriflame-com-cataloguesstorebeautyobchod","7":"product_cat-nekosmeticke-vyrobky","8":"product_cat-stetce","10":"first","11":"instock","12":"taxable","13":"shipping-taxable","14":"purchasable","15":"product-type-simple"},"brands":[{"id":27,"name":"Oriflame","slug":"https-cz-oriflame-com-cataloguesstorebeautyobchod"}],"_links":{"self":[{"href":"https:\/\/priroda-uvadi.cz\/beauty\/wp-json\/wp\/v2\/product\/4165","targetHints":{"allow":["GET"]}}],"collection":[{"href":"https:\/\/priroda-uvadi.cz\/beauty\/wp-json\/wp\/v2\/product"}],"about":[{"href":"https:\/\/priroda-uvadi.cz\/beauty\/wp-json\/wp\/v2\/types\/product"}],"replies":[{"embeddable":true,"href":"https:\/\/priroda-uvadi.cz\/beauty\/wp-json\/wp\/v2\/comments?post=4165"}],"wp:featuredmedia":[{"embeddable":true,"href":"https:\/\/priroda-uvadi.cz\/beauty\/wp-json\/wp\/v2\/media\/4166"}],"wp:attachment":[{"href":"https:\/\/priroda-uvadi.cz\/beauty\/wp-json\/wp\/v2\/media?parent=4165"}],"wp:term":[{"taxonomy":"pwb-brand","embeddable":true,"href":"https:\/\/priroda-uvadi.cz\/beauty\/wp-json\/wp\/v2\/pwb-brand?post=4165"},{"taxonomy":"product_brand","embeddable":true,"href":"https:\/\/priroda-uvadi.cz\/beauty\/wp-json\/wp\/v2\/product_brand?post=4165"},{"taxonomy":"product_cat","embeddable":true,"href":"https:\/\/priroda-uvadi.cz\/beauty\/wp-json\/wp\/v2\/product_cat?post=4165"},{"taxonomy":"product_tag","embeddable":true,"href":"https:\/\/priroda-uvadi.cz\/beauty\/wp-json\/wp\/v2\/product_tag?post=4165"}],"curies":[{"name":"wp","href":"https:\/\/api.w.org\/{rel}","templated":true}]}}