{"id":4137,"date":"2023-01-19T17:07:39","date_gmt":"2023-01-19T16:07:39","guid":{"rendered":"https:\/\/priroda-uvadi.cz\/beauty\/?post_type=product&#038;p=4137"},"modified":"2023-07-25T09:42:10","modified_gmt":"2023-07-25T07:42:10","slug":"stetec-na-make-up-giordani-gold","status":"publish","type":"product","link":"https:\/\/priroda-uvadi.cz\/beauty\/produkt\/stetec-na-make-up-giordani-gold\/","title":{"rendered":"\u0160t\u011btec na make-up Giordani Gold"},"content":{"rendered":"<p><span style=\"font-family: arial, helvetica, sans-serif; color: #000000;\">POU\u017dIT\u00cd<\/span><\/p>\n<p><span style=\"font-family: arial, helvetica, sans-serif; color: #000000;\">Smo\u010dte \u0161t\u011btec ve sv\u00e9m obl\u00edben\u00e9m make-upu a po\u0165uk\u00e1n\u00edm naneste na hlavn\u00ed oblasti tv\u00e1\u0159e. Pomal\u00fdmi krou\u017eiv\u00fdmi pohyby rozet\u0159ete do ztracena pro dokonale p\u0159irozen\u00fd vzhled.<\/span><\/p>\n","protected":false},"excerpt":{"rendered":"<p><span style=\"font-family: arial, helvetica, sans-serif; color: #000000;\">V kombinaci s va\u0161\u00edm obl\u00edben\u00fdm make-upem Giordani Gold p\u0159in\u00e1\u0161\u00ed tento \u0161t\u011btec sametov\u011b hebk\u00fd z\u00e1\u017eitek p\u0159i l\u00ed\u010den\u00ed a dokonal\u00fd vzhled.<\/span><\/p>\n<p><span style=\"font-family: arial, helvetica, sans-serif; color: #000000;\">Ka\u017ed\u00fd \u0161t\u011btec byl ru\u010dn\u011b dotvarov\u00e1n pro bezchybn\u00e9 nan\u00e1\u0161en\u00ed make-upu, o dokonale rovnom\u011brn\u00fd efekt se postar\u00e1 35.000 hedv\u00e1bn\u011b jemn\u00fdch \u0161t\u011btinek.<\/span><\/p>\n<p><span style=\"font-family: arial, helvetica, sans-serif; color: #000000;\">Zvolili jsme bambusovou rukoje\u0165 a vl\u00e1kna bez obsahu \u017eivo\u010di\u0161n\u00fdch materi\u00e1l\u016f, tak\u017ee si m\u016f\u017eete u\u017e\u00edt luxusn\u011b p\u0159\u00edjemn\u00e9ho nan\u00e1\u0161en\u00ed a z\u00e1rove\u0148 v\u011bdom\u00ed, \u017ee d\u011bl\u00e1te to nejlep\u0161\u00ed pro udr\u017eitelnou budoucnost.<\/span><\/p>\n<p><span style=\"font-family: arial, helvetica, sans-serif; color: #000000;\">Materi\u00e1l: hlin\u00edk, nylon, bambus. <\/span><\/p>\n<p><span style=\"font-family: arial, helvetica, sans-serif; color: #000000;\">Rozm\u011bry: 15 x 1.7 x 2 cm<\/span><\/p>\n","protected":false},"featured_media":4143,"comment_status":"closed","ping_status":"closed","template":"","meta":[],"pwb-brand":[27],"product_brand":[],"product_cat":[31],"product_tag":[],"class_list":{"0":"post-4137","1":"product","2":"type-product","3":"status-publish","4":"has-post-thumbnail","6":"pwb-brand-https-cz-oriflame-com-cataloguesstorebeautyobchod","7":"product_cat-nekosmeticke-vyrobky","9":"first","10":"instock","11":"taxable","12":"shipping-taxable","13":"purchasable","14":"product-type-simple"},"brands":[{"id":27,"name":"Oriflame","slug":"https-cz-oriflame-com-cataloguesstorebeautyobchod"}],"_links":{"self":[{"href":"https:\/\/priroda-uvadi.cz\/beauty\/wp-json\/wp\/v2\/product\/4137","targetHints":{"allow":["GET"]}}],"collection":[{"href":"https:\/\/priroda-uvadi.cz\/beauty\/wp-json\/wp\/v2\/product"}],"about":[{"href":"https:\/\/priroda-uvadi.cz\/beauty\/wp-json\/wp\/v2\/types\/product"}],"replies":[{"embeddable":true,"href":"https:\/\/priroda-uvadi.cz\/beauty\/wp-json\/wp\/v2\/comments?post=4137"}],"wp:featuredmedia":[{"embeddable":true,"href":"https:\/\/priroda-uvadi.cz\/beauty\/wp-json\/wp\/v2\/media\/4143"}],"wp:attachment":[{"href":"https:\/\/priroda-uvadi.cz\/beauty\/wp-json\/wp\/v2\/media?parent=4137"}],"wp:term":[{"taxonomy":"pwb-brand","embeddable":true,"href":"https:\/\/priroda-uvadi.cz\/beauty\/wp-json\/wp\/v2\/pwb-brand?post=4137"},{"taxonomy":"product_brand","embeddable":true,"href":"https:\/\/priroda-uvadi.cz\/beauty\/wp-json\/wp\/v2\/product_brand?post=4137"},{"taxonomy":"product_cat","embeddable":true,"href":"https:\/\/priroda-uvadi.cz\/beauty\/wp-json\/wp\/v2\/product_cat?post=4137"},{"taxonomy":"product_tag","embeddable":true,"href":"https:\/\/priroda-uvadi.cz\/beauty\/wp-json\/wp\/v2\/product_tag?post=4137"}],"curies":[{"name":"wp","href":"https:\/\/api.w.org\/{rel}","templated":true}]}}