{"id":4135,"date":"2023-01-19T17:03:24","date_gmt":"2023-01-19T16:03:24","guid":{"rendered":"https:\/\/priroda-uvadi.cz\/beauty\/?post_type=product&#038;p=4135"},"modified":"2023-08-18T22:02:50","modified_gmt":"2023-08-18T20:02:50","slug":"stetec-na-bezchybne-nanaseni-make-upu-giordani-gold","status":"publish","type":"product","link":"https:\/\/priroda-uvadi.cz\/beauty\/produkt\/stetec-na-bezchybne-nanaseni-make-upu-giordani-gold\/","title":{"rendered":"\u0160t\u011btec na bezchybn\u00e9 nan\u00e1\u0161en\u00ed make-upu Giordani Gold"},"content":{"rendered":"","protected":false},"excerpt":{"rendered":"<div class=\"product-detail-lywrsa\">\n<div><span style=\"font-family: arial, helvetica, sans-serif; color: #000000;\">Luxusn\u011b zpracovan\u00fd \u0161t\u011btec na make-up s inovativn\u00edm zkosen\u00fdm designem. Hust\u00e9, velmi m\u011bkk\u00e9 \u0161t\u011btinky a zat\u011b\u017ekan\u00e1 rukoje\u0165 v\u00e1m poskytnou maxim\u00e1ln\u00ed kontrolu p\u0159i aplikaci. <\/span><\/div>\n<div><span style=\"font-family: arial, helvetica, sans-serif; color: #000000;\">Pou\u017e\u00edvejte s tekut\u00fdmi a kr\u00e9mov\u00fdmi make-upy.<\/span><\/div>\n<\/div>\n<p><span style=\"font-family: arial, helvetica, sans-serif; color: #000000;\">Rozm\u011bry: 16 x 3 cm. Materi\u00e1l: bambus, hlin\u00edk, nylon.<\/span><\/p>\n","protected":false},"featured_media":4136,"comment_status":"closed","ping_status":"closed","template":"","meta":[],"pwb-brand":[27],"product_brand":[],"product_cat":[31],"product_tag":[],"class_list":{"0":"post-4135","1":"product","2":"type-product","3":"status-publish","4":"has-post-thumbnail","6":"pwb-brand-https-cz-oriflame-com-cataloguesstorebeautyobchod","7":"product_cat-nekosmeticke-vyrobky","9":"first","10":"instock","11":"taxable","12":"shipping-taxable","13":"purchasable","14":"product-type-simple"},"brands":[{"id":27,"name":"Oriflame","slug":"https-cz-oriflame-com-cataloguesstorebeautyobchod"}],"_links":{"self":[{"href":"https:\/\/priroda-uvadi.cz\/beauty\/wp-json\/wp\/v2\/product\/4135","targetHints":{"allow":["GET"]}}],"collection":[{"href":"https:\/\/priroda-uvadi.cz\/beauty\/wp-json\/wp\/v2\/product"}],"about":[{"href":"https:\/\/priroda-uvadi.cz\/beauty\/wp-json\/wp\/v2\/types\/product"}],"replies":[{"embeddable":true,"href":"https:\/\/priroda-uvadi.cz\/beauty\/wp-json\/wp\/v2\/comments?post=4135"}],"wp:featuredmedia":[{"embeddable":true,"href":"https:\/\/priroda-uvadi.cz\/beauty\/wp-json\/wp\/v2\/media\/4136"}],"wp:attachment":[{"href":"https:\/\/priroda-uvadi.cz\/beauty\/wp-json\/wp\/v2\/media?parent=4135"}],"wp:term":[{"taxonomy":"pwb-brand","embeddable":true,"href":"https:\/\/priroda-uvadi.cz\/beauty\/wp-json\/wp\/v2\/pwb-brand?post=4135"},{"taxonomy":"product_brand","embeddable":true,"href":"https:\/\/priroda-uvadi.cz\/beauty\/wp-json\/wp\/v2\/product_brand?post=4135"},{"taxonomy":"product_cat","embeddable":true,"href":"https:\/\/priroda-uvadi.cz\/beauty\/wp-json\/wp\/v2\/product_cat?post=4135"},{"taxonomy":"product_tag","embeddable":true,"href":"https:\/\/priroda-uvadi.cz\/beauty\/wp-json\/wp\/v2\/product_tag?post=4135"}],"curies":[{"name":"wp","href":"https:\/\/api.w.org\/{rel}","templated":true}]}}