{"id":3818,"date":"2022-11-07T17:34:54","date_gmt":"2022-11-07T16:34:54","guid":{"rendered":"https:\/\/priroda-uvadi.cz\/beauty\/?post_type=product&#038;p=3818"},"modified":"2025-10-27T14:31:21","modified_gmt":"2025-10-27T13:31:21","slug":"omlazujici-podkladove-serum-giordani-gold","status":"publish","type":"product","link":"https:\/\/priroda-uvadi.cz\/beauty\/produkt\/omlazujici-podkladove-serum-giordani-gold\/","title":{"rendered":"Omlazuj\u00edc\u00ed podkladov\u00e9 s\u00e9rum Giordani Gold 30ml"},"content":{"rendered":"<div><span style=\"font-family: arial, helvetica, sans-serif; color: #000000;\">Pou\u017eit\u00ed<\/span><\/div>\n<div>\n<p><span style=\"font-family: arial, helvetica, sans-serif; color: #000000;\">S\u00e9rum pou\u017e\u00edvejte jako prvn\u00ed krok v l\u00ed\u010den\u00ed, j\u00edm\u017e poko\u017eku p\u0159iprav\u00edte na make-up nebo CC kr\u00e9m. Prodlu\u017euje trvanlivost va\u0161eho make-upu a vytv\u00e1\u0159\u00ed hlad\u0161\u00ed povrch.<\/span><\/p>\n<ol>\n<li><span style=\"font-family: arial, helvetica, sans-serif; color: #000000;\">\u0160pi\u010dkami prst\u016f naneste na \u010distou ple\u0165.<\/span><\/li>\n<li><span style=\"font-family: arial, helvetica, sans-serif; color: #000000;\">Jemn\u011b vmas\u00edrujte do poko\u017eky tv\u00e1\u0159e a krku a nechte vst\u0159ebat. Vyhn\u011bte se okol\u00ed o\u010d\u00ed.<\/span><\/li>\n<li><span style=\"font-family: arial, helvetica, sans-serif; color: #000000;\">Pokra\u010dujte dal\u0161\u00edmi kroky sv\u00e9ho obvykl\u00e9ho l\u00ed\u010den\u00ed.<\/span><\/li>\n<\/ol>\n<p><span style=\"font-family: arial, helvetica, sans-serif; color: #000000;\">Je vhodn\u00fd jako podkladov\u00e1 vrstva pod v\u0161echny make-upy a CC kr\u00e9my \u0159ady GG, m\u016f\u017eete jej ale pou\u017e\u00edt i samostatn\u011b pro p\u0159irozen\u011b zdokonalen\u00fd vzhled.<\/span><\/p>\n<\/div>\n<div class=\"product-detail-odio9d\"><span style=\"font-family: arial, helvetica, sans-serif;\"><strong>P\u00e9\u010de proti st\u00e1rnut\u00ed<\/strong><\/span><br \/>\n<span style=\"font-family: arial, helvetica, sans-serif;\"><strong>Prebiotick\u00e9 s\u00e9rum<\/strong><\/span><br \/>\n<span style=\"font-family: arial, helvetica, sans-serif;\">Prebiotick\u00e9 s\u00e9rum pleti p\u0159in\u00e1\u0161\u00ed mnoho v\u00fdhod, chr\u00e1n\u00ed ko\u017en\u00ed bari\u00e9ru a aktivuje vlastn\u00ed obrann\u00e9 mechanismy pleti, pro zdrav\u011bj\u0161\u00ed, mladistv\u011bj\u0161\u00ed poko\u017eku i s postupuj\u00edc\u00edmi l\u00e9ty. Je vyvinuto tak, aby zlep\u0161ovalo texturu pleti, proz\u00e1\u0159ilo ji a dod\u00e1valo j\u00ed pocit hydratace.<\/span><span style=\"font-family: arial, helvetica, sans-serif;\"><strong>Kyselina hyaluronov\u00e1<\/strong><\/span><br \/>\n<span style=\"font-family: arial, helvetica, sans-serif;\">Molekuly kyseliny hyaluronov\u00e9 se p\u0159irozen\u011b vyskytuj\u00ed v poko\u017ece a jsou kl\u00ed\u010dem k udr\u017een\u00ed mladistv\u00e9ho vzhledu. Recepturu s\u00e9ra jsme obohatili pr\u00e1v\u011b kyselinou hyaluronovou, abychom pleti dodali osv\u011b\u017euj\u00edc\u00ed hydrataci a podpo\u0159ili tak dlouhodob\u011b jej\u00ed pru\u017enost a mladistv\u00fd, vypln\u011bn\u00fd, proz\u00e1\u0159en\u00fd vzhled.<\/span><span style=\"font-family: arial, helvetica, sans-serif;\"><strong>Sm\u011bs omlazuj\u00edc\u00edch slo\u017eek<\/strong><\/span><br \/>\n<span style=\"font-family: arial, helvetica, sans-serif;\">Luxusn\u00ed sm\u011bs omlazuj\u00edc\u00edch p\u0159\u00edrodn\u00edch olej\u016f a vitamin\u016f poko\u017eku vy\u017eivuje, revitalizuje a pe\u010duje o ni. Obsahuje vitamin B5, vitamin E, vitamin F, olej z opuncie mexick\u00e9 a v\u00fdta\u017eek z b\u00edl\u00e9ho \u010daje, kter\u00e9 poko\u017ece p\u0159in\u00e1\u0161ej\u00ed hebkost, jemnost a ochranu.<\/span><span style=\"font-family: arial, helvetica, sans-serif;\">Vynikaj\u00edc\u00ed podpora make-upu<\/span><br \/>\n<span style=\"font-family: arial, helvetica, sans-serif;\">Omlazuj\u00edc\u00ed mikroperli\u010dky<\/span><span style=\"font-family: arial, helvetica, sans-serif;\">Omlazuj\u00edc\u00ed mikroperli\u010dky ple\u0165 okam\u017eit\u011b proz\u00e1\u0159\u00ed, projasn\u00ed a opticky zdokonal\u00ed a prop\u016fj\u010duj\u00ed ji mladistv\u011b<\/span> <span style=\"font-family: arial, helvetica, sans-serif;\">zdravou barvu. Decentn\u011b nar\u016f\u017eov\u011bl\u00fd t\u00f3n je zvolen tak, aby lichotil v\u0161em odst\u00edn\u016fm pleti.<\/span><span style=\"font-family: arial, helvetica, sans-serif;\"><strong>Lehou\u010dk\u00fd gelov\u00fd film<\/strong><\/span><br \/>\n<span style=\"font-family: arial, helvetica, sans-serif;\">Lehou\u010dk\u00fd gelov\u00fd film vyhlad\u00ed a sjednocuje texturu pleti, \u010d\u00edm\u017e vytv\u00e1\u0159\u00ed dokonal\u00fd podklad pro make-up a prodlu\u017euje jeho trvanlivost.<\/span><span style=\"font-family: arial, helvetica, sans-serif; font-size: 10pt;\">&#8212;&#8212;&#8212;&#8212;&#8212;&#8212;&#8212;&#8212;&#8212;&#8212;&#8212;&#8212;&#8212;&#8212;&#8212;&#8212;&#8212;&#8212;&#8212;&#8212;&#8212;&#8212;&#8212;&#8212;&#8212;&#8212;&#8212;&#8212;&#8212;&#8212;&#8212;&#8212;&#8212;&#8212;&#8212;&#8212;&#8212;&#8212;&#8212;-<\/span><\/div>\n<div class=\"MuiBox-root product-detail-1a3hsxn\">\n<div><span style=\"font-family: arial, helvetica, sans-serif; font-size: 10pt;\">V\u0161echny slo\u017eky<\/span><\/div>\n<div><span style=\"font-family: arial, helvetica, sans-serif; font-size: 10pt;\">AQUA, BUTYLENE GLYCOL, GLYCERIN, OLETH-20, GLYCERYL CAPRYLATE\/CAPRATE, BETA-GLUCAN, OPUNTIA FICUS-INDICA SEED OIL, RUBUS CHAMAEMORUS SEED OIL, LINOLEIC ACID, CARBOMER, CAPRYLYL GLYCOL, GLYCERYL CAPRYLATE, MICA, BENZOPHENONE-4, PANTHENOL, TOCOPHERYL ACETATE, SODIUM HYDROXIDE, GLYCERYL UNDECYLENATE, CAMELLIA SINENSIS LEAF EXTRACT, ALGIN, XANTHAN GUM, SODIUM HYALURONATE, OLEIC ACID, PHENETHYL ALCOHOL, SACCHARIDE ISOMERATE, PALMITIC ACID, STEARIC ACID, LINOLENIC ACID, TOCOPHEROL, CAPRYLHYDROXAMIC ACID, PARFUM, SORBIC ACID, BENZOIC ACID, POTASSIUM SORBATE, CI 77891<\/span><\/div>\n<\/div>\n","protected":false},"excerpt":{"rendered":"<div class=\"product-detail-l66swe\"><span style=\"font-family: arial, helvetica, sans-serif; color: #000000;\">Projas\u0148uj\u00edc\u00ed podkladov\u00e9 s\u00e9rum vyhlazuje nevyrovnanou ple\u0165 a zlep\u0161uje stav mdl\u00fdch, zhrubl\u00fdch oblasti, \u010d\u00edm\u017e prodlu\u017euje trvanlivost make-upu. D\u00edky kyselin\u011b hyaluronov\u00e9 a prebiotick\u00e9mu s\u00e9ru poskytuje pleti mimo\u0159\u00e1dnou hydrataci, poko\u017eka je proz\u00e1\u0159en\u00e1 a mladistv\u00e1.<\/span><\/div>\n<div class=\"product-detail-1vqfu33\">\n<div class=\"product-detail-uyp0pw\">\n<ul>\n<li class=\"product-detail-bphipo\"><span style=\"font-family: arial, helvetica, sans-serif; color: #000000;\">Okam\u017eit\u011b p\u0159iprav\u00ed, vyhlad\u00ed a sjednot\u00ed t\u00f3n pleti<\/span><\/li>\n<li class=\"product-detail-bphipo\"><span style=\"font-family: arial, helvetica, sans-serif; color: #000000;\">Vytv\u00e1\u0159\u00ed rovnom\u011brn\u00fd podklad pro aplikaci make-upu<\/span><\/li>\n<li class=\"product-detail-bphipo\"><span style=\"font-family: arial, helvetica, sans-serif; color: #000000;\">Projas\u0148uje mdlou, unavenou ple\u0165 a dod\u00e1v\u00e1 j\u00ed mladistv\u011bj\u0161\u00ed vzhled<\/span><\/li>\n<\/ul>\n<p><span style=\"font-family: arial, helvetica, sans-serif; color: #000000;\">Projas\u0144uj\u00edc\u00ed podkladov\u00e9 s\u00e9rum okam\u017eit\u011b vyhlazuje ple\u0165 a prodlu\u017euje trvanlivost make-upu. S prebiotick\u00fdm s\u00e9rem a kyselinou hyaluronovou, kter\u00e9 pom\u00e1haj\u00ed pos\u00edlit ko\u017en\u00ed bari\u00e9ru a vytv\u00e1\u0159ej\u00ed hydratovan\u00fd, hladk\u00fd z\u00e1klad pro make-up. Omlazuj\u00edc\u00ed mikroperli\u010dky projas\u0148uj\u00ed mdlou ple\u0165. Lehou\u010dk\u00e1, nelepkav\u00e1 receptura.\u00a0 \u00a0<\/span><span style=\"font-family: arial, helvetica, sans-serif; color: #000000;\">30ml<\/span><\/p>\n<div><\/div>\n<div>\n<div class=\"woocommerce-product-details__short-description\">\n<div class=\"woocommerce-product-details__short-description\">\n<div class=\"woocommerce-product-details__short-description\">\n<div class=\"product-detail-v4i4af\" data-testid=\"Presentation-product-detail-benefits\">\n<div class=\"woocommerce-product-details__short-description\">\n<div class=\"woocommerce-product-details__short-description\">\n<div class=\"woocommerce-product-details__short-description\">\n<div class=\"woocommerce-product-details__short-description\">\n<div class=\"product-detail-v4i4af\" data-testid=\"Presentation-product-detail-benefits\">\n<div class=\"woocommerce-product-details__short-description\">\n<div class=\"product-detail-v4i4af\" data-testid=\"Presentation-product-detail-benefits\">\n<div class=\"product-detail-o40nju\" data-testid=\"Presentation-product-detail-price-section\"><span class=\"MuiTypography-root MuiTypography-caption product-detail-8q5iga\" style=\"font-family: arial, helvetica, sans-serif; font-size: 10pt;\" data-testid=\"Presentation-product-detail-LowestPreviousPrice\">Nejni\u017e\u0161\u00ed cena platn\u00e1 ve 30 dnech p\u0159ed platnost\u00ed sou\u010dasn\u00e9 ceny byla 130 K\u010d<\/span><\/div>\n<div class=\"product-detail-3hwh7p\">\n<div class=\"product-detail-7uumlc\">\n<div class=\"OriMuiSplitButton-content product-detail-ek14be\">\n<div class=\"OriMuiCounter-root OriMuiCounter-sizeLarge OriMuiCounter-colorDefault OriMuiCounter-variantText OriMuiCounter-textDefaultLarge OriMuiCounter-textDefault product-detail-1klbuux\" data-testid=\"Presentation-product-detail-buy-button-counter\"><\/div>\n<\/div>\n<\/div>\n<\/div>\n<\/div>\n<\/div>\n<\/div>\n<\/div>\n<\/div>\n<\/div>\n<\/div>\n<\/div>\n<\/div>\n<\/div>\n<\/div>\n<\/div>\n<\/div>\n<\/div>\n","protected":false},"featured_media":3819,"comment_status":"closed","ping_status":"closed","template":"","meta":[],"pwb-brand":[27],"product_brand":[91],"product_cat":[46],"product_tag":[],"class_list":{"0":"post-3818","1":"product","2":"type-product","3":"status-publish","4":"has-post-thumbnail","6":"pwb-brand-https-cz-oriflame-com-cataloguesstorebeautyobchod","7":"product_brand-oriflame","8":"product_cat-dekorativni-kosmetika","10":"first","11":"instock","12":"sale","13":"taxable","14":"shipping-taxable","15":"purchasable","16":"product-type-simple"},"brands":[{"id":27,"name":"Oriflame","slug":"https-cz-oriflame-com-cataloguesstorebeautyobchod"}],"_links":{"self":[{"href":"https:\/\/priroda-uvadi.cz\/beauty\/wp-json\/wp\/v2\/product\/3818","targetHints":{"allow":["GET"]}}],"collection":[{"href":"https:\/\/priroda-uvadi.cz\/beauty\/wp-json\/wp\/v2\/product"}],"about":[{"href":"https:\/\/priroda-uvadi.cz\/beauty\/wp-json\/wp\/v2\/types\/product"}],"replies":[{"embeddable":true,"href":"https:\/\/priroda-uvadi.cz\/beauty\/wp-json\/wp\/v2\/comments?post=3818"}],"wp:featuredmedia":[{"embeddable":true,"href":"https:\/\/priroda-uvadi.cz\/beauty\/wp-json\/wp\/v2\/media\/3819"}],"wp:attachment":[{"href":"https:\/\/priroda-uvadi.cz\/beauty\/wp-json\/wp\/v2\/media?parent=3818"}],"wp:term":[{"taxonomy":"pwb-brand","embeddable":true,"href":"https:\/\/priroda-uvadi.cz\/beauty\/wp-json\/wp\/v2\/pwb-brand?post=3818"},{"taxonomy":"product_brand","embeddable":true,"href":"https:\/\/priroda-uvadi.cz\/beauty\/wp-json\/wp\/v2\/product_brand?post=3818"},{"taxonomy":"product_cat","embeddable":true,"href":"https:\/\/priroda-uvadi.cz\/beauty\/wp-json\/wp\/v2\/product_cat?post=3818"},{"taxonomy":"product_tag","embeddable":true,"href":"https:\/\/priroda-uvadi.cz\/beauty\/wp-json\/wp\/v2\/product_tag?post=3818"}],"curies":[{"name":"wp","href":"https:\/\/api.w.org\/{rel}","templated":true}]}}