{"id":325,"date":"2020-12-12T18:42:41","date_gmt":"2020-12-12T17:42:41","guid":{"rendered":"https:\/\/priroda-uvadi.cz\/beauty\/?post_type=product&#038;p=325"},"modified":"2026-03-21T19:34:59","modified_gmt":"2026-03-21T18:34:59","slug":"nocni-pece-pro-omlazeni-pleti-diamond-cellular","status":"publish","type":"product","link":"https:\/\/priroda-uvadi.cz\/beauty\/produkt\/nocni-pece-pro-omlazeni-pleti-diamond-cellular\/","title":{"rendered":"No\u010dn\u00ed p\u00e9\u010de pro omlazen\u00ed pleti Diamond Cellular"},"content":{"rendered":"<div class=\"active-ingredients\">\n<p><span style=\"font-family: arial, helvetica, sans-serif; color: #000000;\">Kl\u00ed\u010dov\u00e9 ingredience obsahuj\u00ed:<\/span><\/p>\n<ul>\n<li><span style=\"font-family: arial, helvetica, sans-serif; color: #000000;\"><strong>Kyselina salicylov\u00e1<\/strong>: Pom\u00e1h\u00e1 stimulovat bun\u011b\u010dnou obnovu, pos\u00edlit peelingov\u00fd \u00fa\u010dinek a tak i mladistv\u011bj\u0161\u00ed vzhled pleti.<\/span><\/li>\n<li><span style=\"font-family: arial, helvetica, sans-serif; color: #000000;\"><strong>Eternal Beauty Complex<\/strong> (kombinuje 3 aktivn\u00ed slo\u017eky: v\u00fdta\u017eek z myrty, komplex protein\u016f a antioxidanty): obnovuje texturu pleti a vyhlazuje jej\u00ed povrch; z\u00e1rove\u0148 chr\u00e1n\u00ed p\u0159ed voln\u00fdmi radik\u00e1ly z okoln\u00edho prost\u0159ed\u00ed a pom\u00e1h\u00e1 pos\u00edlit p\u0159irozen\u00e9 obrann\u00e9 mechanismy v pleti.<\/span><\/li>\n<\/ul>\n<\/div>\n","protected":false},"excerpt":{"rendered":"<p><span style=\"font-family: arial, helvetica, sans-serif; color: #000000;\">V\u00fdkonn\u00e1 koncentrovan\u00e1 no\u010dn\u00ed p\u00e9\u010de pom\u00e1h\u00e1 zlep\u0161it bun\u011b\u010dnou obnovu. V\u00fdsledkem je viditeln\u011b mlad\u0161\u00ed ple\u0165 b\u011bhem pouh\u00fdch 14ti dn\u016f. Aplikujte ka\u017ed\u00fd ve\u010der p\u0159ed span\u00edm m\u00edsto no\u010dn\u00edho kr\u00e9mu. <\/span><\/p>\n<p><span style=\"font-family: arial, helvetica, sans-serif; color: #000000;\">30ml<\/span><\/p>\n<p><span style=\"font-family: arial, helvetica, sans-serif; font-size: 10pt;\">Nejni\u017e\u0161\u00ed cena platn\u00e1 ve 30 dnech p\u0159ed platnost\u00ed sou\u010dasn\u00e9 ceny byla 350 K\u010d.<\/span><\/p>\n","protected":false},"featured_media":326,"comment_status":"open","ping_status":"closed","template":"","meta":[],"pwb-brand":[27],"product_brand":[91],"product_cat":[39,30],"product_tag":[],"class_list":{"0":"post-325","1":"product","2":"type-product","3":"status-publish","4":"has-post-thumbnail","6":"pwb-brand-https-cz-oriflame-com-cataloguesstorebeautyobchod","7":"product_brand-oriflame","8":"product_cat-nocni-pece","9":"product_cat-pece-o-plet","11":"first","12":"instock","13":"sale","14":"taxable","15":"shipping-taxable","16":"purchasable","17":"product-type-simple"},"brands":[{"id":27,"name":"Oriflame","slug":"https-cz-oriflame-com-cataloguesstorebeautyobchod"}],"_links":{"self":[{"href":"https:\/\/priroda-uvadi.cz\/beauty\/wp-json\/wp\/v2\/product\/325","targetHints":{"allow":["GET"]}}],"collection":[{"href":"https:\/\/priroda-uvadi.cz\/beauty\/wp-json\/wp\/v2\/product"}],"about":[{"href":"https:\/\/priroda-uvadi.cz\/beauty\/wp-json\/wp\/v2\/types\/product"}],"replies":[{"embeddable":true,"href":"https:\/\/priroda-uvadi.cz\/beauty\/wp-json\/wp\/v2\/comments?post=325"}],"wp:featuredmedia":[{"embeddable":true,"href":"https:\/\/priroda-uvadi.cz\/beauty\/wp-json\/wp\/v2\/media\/326"}],"wp:attachment":[{"href":"https:\/\/priroda-uvadi.cz\/beauty\/wp-json\/wp\/v2\/media?parent=325"}],"wp:term":[{"taxonomy":"pwb-brand","embeddable":true,"href":"https:\/\/priroda-uvadi.cz\/beauty\/wp-json\/wp\/v2\/pwb-brand?post=325"},{"taxonomy":"product_brand","embeddable":true,"href":"https:\/\/priroda-uvadi.cz\/beauty\/wp-json\/wp\/v2\/product_brand?post=325"},{"taxonomy":"product_cat","embeddable":true,"href":"https:\/\/priroda-uvadi.cz\/beauty\/wp-json\/wp\/v2\/product_cat?post=325"},{"taxonomy":"product_tag","embeddable":true,"href":"https:\/\/priroda-uvadi.cz\/beauty\/wp-json\/wp\/v2\/product_tag?post=325"}],"curies":[{"name":"wp","href":"https:\/\/api.w.org\/{rel}","templated":true}]}}