{"id":3144,"date":"2022-05-05T14:33:52","date_gmt":"2022-05-05T12:33:52","guid":{"rendered":"https:\/\/priroda-uvadi.cz\/beauty\/?post_type=product&#038;p=3144"},"modified":"2026-03-03T16:42:34","modified_gmt":"2026-03-03T15:42:34","slug":"objemovy-balzam-na-rty-the-one-lip-spa-pink","status":"publish","type":"product","link":"https:\/\/priroda-uvadi.cz\/beauty\/produkt\/objemovy-balzam-na-rty-the-one-lip-spa-pink\/","title":{"rendered":"Objemov\u00fd balz\u00e1m na rty The ONE Lip Spa &#8211; Pink"},"content":{"rendered":"<div class=\"Wysiwyg_wysiwyg__2s0pn\">\n<p><strong><span style=\"font-family: arial, helvetica, sans-serif; color: #000000;\">V\u00fdta\u017eek z mo\u0159sk\u00fdch \u0159as<\/span><\/strong><\/p>\n<p><span style=\"font-family: arial, helvetica, sans-serif; color: #000000;\">P\u0159irozen\u011b hydratuje rty a posiluje jejich schopnost si vlhkost udr\u017eet, podtrhuje hebkost a m\u011bkkost rt\u016f. Poskytuje 8 hodin klinicky prok\u00e1zan\u00e9 soustavn\u00e9 hydratace.<\/span><\/p>\n<p><span style=\"font-family: arial, helvetica, sans-serif; color: #000000;\">Peptid dod\u00e1vaj\u00edc\u00ed objem <\/span><\/p>\n<p><span style=\"font-family: arial, helvetica, sans-serif; color: #000000;\">Peptid dod\u00e1vaj\u00edc\u00ed objem stimuluje tvorbu kolagenu a kyseliny hyaluronov\u00e9 pro pln\u011bj\u0161\u00ed, m\u011bk\u010d\u00ed vzhled rt\u016f.<\/span><\/p>\n<p><span style=\"font-family: arial, helvetica, sans-serif; color: #000000;\"><strong>Vitam\u00edn E<\/strong> <\/span><\/p>\n<p><span style=\"font-family: arial, helvetica, sans-serif; color: #000000;\">Vitam\u00edn E je zn\u00e1m\u00fd svou schopnost\u00ed neutralizovat \u00fa\u010dinky \u0161kodliv\u00fdch voln\u00fdch radik\u00e1l\u016f, pom\u00e1h\u00e1 o rty pe\u010dovat a udr\u017eovat je zdrav\u00e9.<\/span><\/p>\n<p><em><strong><span style=\"font-family: arial, helvetica, sans-serif; color: #000000;\">Technologie dvoj\u00ed vrstvy<\/span><\/strong><\/em><\/p>\n<p><span style=\"font-family: arial, helvetica, sans-serif; color: #000000;\"><strong>Vnit\u0159n\u00ed j\u00e1dro:<\/strong> <\/span><\/p>\n<p><span style=\"font-family: arial, helvetica, sans-serif; color: #000000;\">Obsahuje v\u00fdta\u017eek z mo\u0159sk\u00fdch \u0159as, technologii Lip Plumping a vitam\u00edn E.<\/span><\/p>\n<p><span style=\"font-family: arial, helvetica, sans-serif; color: #000000;\"><strong>Vn\u011bj\u0161\u00ed vrstva:<\/strong> <\/span><\/p>\n<p><span style=\"font-family: arial, helvetica, sans-serif; color: #000000;\">Pr\u016fsvitn\u00e9, decentn\u00ed barvy ve t\u0159ech odst\u00ednech, kter\u00e9 podtrhnou jak\u00fdkoli t\u00f3n pleti.<\/span><\/p>\n<p>&#8212;&#8212;&#8212;&#8212;&#8212;&#8212;&#8212;&#8212;&#8212;&#8212;&#8212;&#8212;&#8212;&#8212;&#8212;&#8212;&#8212;&#8212;&#8212;&#8212;&#8212;&#8212;&#8212;&#8212;&#8212;&#8212;&#8212;&#8212;&#8212;&#8212;&#8212;&#8212;&#8212;&#8212;&#8212;&#8212;&#8212;&#8211;<\/p>\n<\/div>\n<div class=\"Ingredients_ingredients__description__3kp1n\">\n<div><span style=\"font-family: arial, helvetica, sans-serif; font-size: 10pt; color: #000000;\">V\u0161echny slo\u017eky<\/span><\/div>\n<div><span style=\"font-family: arial, helvetica, sans-serif; font-size: 10pt; color: #000000;\">OCTYLDODECANOL, RICINUS COMMUNIS SEED OIL, BIS-DIGLYCERYL POLYACYLADIPATE-2, PENTAERYTHRITYL TETRAISOSTEARATE, POLYETHYLENE, PENTAERYTHRITYL TETRACAPRYLATE\/TETRACAPRATE, CERA MICROCRISTALLINA, ETHYLHEXYL METHOXYCINNAMATE, CAPRYLIC\/CAPRIC TRIGLYCERIDE, HELIANTHUS ANNUUS SEED CERA, COPERNICIA CERIFERA CERA, PARFUM, BUTYL METHOXYDIBENZOYLMETHANE, ETHYLHEXYL PALMITATE, TOCOPHERYL ACETATE, SHOREA ROBUSTA RESIN, RHUS VERNICIFLUA PEEL CERA, TRIBEHENIN, GLYCERYL CAPRYLATE, SORBITAN ISOSTEARATE, BHT, TOCOPHEROL, SIMMONDSIA CHINENSIS SEED OIL, LACTIC ACID, ASCORBYL PALMITATE, PALMITOYL TRIPEPTIDE-1, PADINA PAVONICA THALLUS EXTRACT, +\/-: CI 77891, CI 19140, CI 15850, CI 77492, CI 77491, CI 42090, CI 77499<\/span><\/div>\n<\/div>\n","protected":false},"excerpt":{"rendered":"<p><span style=\"font-family: arial, helvetica, sans-serif; color: #000000;\">Dvouvrstv\u00fd balz\u00e1m na rty s nov\u00fdm slo\u017een\u00edm, kter\u00e9 hydratuje, vypl\u0148uje a chr\u00e1n\u00ed. T\u0159i odst\u00edny podtrhnou jak\u00fdkoli t\u00f3n pleti a dodaj\u00ed zdrav\u00fd, p\u0159irozen\u00fd jas. 2,1g<\/span><\/p>\n<div class=\"woocommerce-product-details__short-description\">\n<div class=\"woocommerce-product-details__short-description\">\n<p><span style=\"font-family: arial, helvetica, sans-serif; font-size: 10pt;\">Nejni\u017e\u0161\u00ed cena platn\u00e1 ve 30 dnech p\u0159ed platnost\u00ed sou\u010dasn\u00e9 ceny byla 170 K\u010d.<\/span><\/p>\n<\/div>\n<\/div>\n","protected":false},"featured_media":3146,"comment_status":"closed","ping_status":"closed","template":"","meta":[],"pwb-brand":[27],"product_brand":[],"product_cat":[55,46],"product_tag":[],"class_list":{"0":"post-3144","1":"product","2":"type-product","3":"status-publish","4":"has-post-thumbnail","6":"pwb-brand-https-cz-oriflame-com-cataloguesstorebeautyobchod","7":"product_cat-balzamy","8":"product_cat-dekorativni-kosmetika","10":"first","11":"instock","12":"sale","13":"taxable","14":"shipping-taxable","15":"purchasable","16":"product-type-simple"},"brands":[{"id":27,"name":"Oriflame","slug":"https-cz-oriflame-com-cataloguesstorebeautyobchod"}],"_links":{"self":[{"href":"https:\/\/priroda-uvadi.cz\/beauty\/wp-json\/wp\/v2\/product\/3144","targetHints":{"allow":["GET"]}}],"collection":[{"href":"https:\/\/priroda-uvadi.cz\/beauty\/wp-json\/wp\/v2\/product"}],"about":[{"href":"https:\/\/priroda-uvadi.cz\/beauty\/wp-json\/wp\/v2\/types\/product"}],"replies":[{"embeddable":true,"href":"https:\/\/priroda-uvadi.cz\/beauty\/wp-json\/wp\/v2\/comments?post=3144"}],"wp:featuredmedia":[{"embeddable":true,"href":"https:\/\/priroda-uvadi.cz\/beauty\/wp-json\/wp\/v2\/media\/3146"}],"wp:attachment":[{"href":"https:\/\/priroda-uvadi.cz\/beauty\/wp-json\/wp\/v2\/media?parent=3144"}],"wp:term":[{"taxonomy":"pwb-brand","embeddable":true,"href":"https:\/\/priroda-uvadi.cz\/beauty\/wp-json\/wp\/v2\/pwb-brand?post=3144"},{"taxonomy":"product_brand","embeddable":true,"href":"https:\/\/priroda-uvadi.cz\/beauty\/wp-json\/wp\/v2\/product_brand?post=3144"},{"taxonomy":"product_cat","embeddable":true,"href":"https:\/\/priroda-uvadi.cz\/beauty\/wp-json\/wp\/v2\/product_cat?post=3144"},{"taxonomy":"product_tag","embeddable":true,"href":"https:\/\/priroda-uvadi.cz\/beauty\/wp-json\/wp\/v2\/product_tag?post=3144"}],"curies":[{"name":"wp","href":"https:\/\/api.w.org\/{rel}","templated":true}]}}