{"id":3063,"date":"2022-04-21T16:25:42","date_gmt":"2022-04-21T14:25:42","guid":{"rendered":"https:\/\/priroda-uvadi.cz\/beauty\/?post_type=product&#038;p=3063"},"modified":"2026-03-03T16:14:52","modified_gmt":"2026-03-03T15:14:52","slug":"obocenka-the-one-dark-brown","status":"publish","type":"product","link":"https:\/\/priroda-uvadi.cz\/beauty\/produkt\/obocenka-the-one-dark-brown\/","title":{"rendered":"Obo\u010denka The ONE &#8211; Dark Brown"},"content":{"rendered":"<div class=\"Wysiwyg_wysiwyg__2s0pn\">\n<p><span style=\"font-family: arial, helvetica, sans-serif; color: #000000;\">Vl\u00e1kna v receptu\u0159e dodaj\u00ed trojrozm\u011brn\u00fd objem, prodlou\u017e\u00ed a pos\u00edl\u00ed, pro dokonal\u00e1 obo\u010d\u00ed po cel\u00fd den.<\/span><\/p>\n<p><strong><span style=\"font-family: arial, helvetica, sans-serif; color: #000000;\">POU\u017dIT\u00cd<\/span><\/strong><\/p>\n<\/div>\n<div class=\"AppShell-pdp86 AppShell-pdp87\">\n<div class=\"AppShell-pdp89\">\n<div class=\"AppShell-pdp90\">\n<div role=\"region\">\n<div class=\"AppShell-pdp92 AppShell-pdp91\">\n<div class=\"Wysiwyg_wysiwyg__2s0pn\">\n<ul>\n<li><span style=\"font-family: arial, helvetica, sans-serif; color: #000000;\">\u0160pi\u010dkou kart\u00e1\u010dku pro\u010de\u0161te obo\u010d\u00ed kr\u00e1tk\u00fdmi, hladiv\u00fdmi pohyby.<\/span><\/li>\n<li><span style=\"font-family: arial, helvetica, sans-serif; color: #000000;\">Kart\u00e1\u010dkem naneste gel kamkoli, kde pot\u0159ebujete p\u0159idat objem.<\/span><\/li>\n<li><span style=\"font-family: arial, helvetica, sans-serif; color: #000000;\">Jemn\u00fdm pro\u010des\u00e1n\u00edm obo\u010d\u00ed dotvarujte a upravte.<\/span><\/li>\n<\/ul>\n<p><span style=\"font-family: arial, helvetica, sans-serif; color: #000000;\">Inovativn\u00ed technologie a nejnov\u011bj\u0161\u00ed slo\u017een\u00ed, d\u00edky kter\u00fdm budete vy\u010dn\u00edvat z davu! A to d\u00edky trendy odst\u00edn\u016fm, vysok\u00e9 pigmentaci a designov\u00fdm produkt\u016fm. Zna\u010dka THE ONE byla navr\u017eena ve Stockholmu \u2013 jednom ze sv\u011btov\u00fdch m\u011bst inovac\u00ed, kde se rod\u00ed trendy. Vyj\u00e1d\u0159ete sv\u00e9 j\u00e1 \u0161irokou \u0161k\u00e1lou dekorativn\u00ed kosmetiky pro ple\u0165, o\u010di, rty i nehty. Stylov\u00e9 modern\u00ed odst\u00edny a p\u0159\u00edjemn\u00e9 textury. <\/span><\/p>\n<p><span style=\"font-family: arial, helvetica, sans-serif; color: #000000;\">Vyzkou\u0161ejte je pr\u00e1v\u011b te\u010f!<\/span><\/p>\n<\/div>\n<\/div>\n<\/div>\n<\/div>\n<\/div>\n<\/div>\n<div class=\"Wysiwyg_wysiwyg__2s0pn\">\n<p><span style=\"color: #000000;\">&#8212;&#8212;&#8212;&#8212;&#8212;&#8212;&#8212;&#8212;&#8212;&#8212;&#8212;&#8212;&#8212;&#8212;&#8212;&#8212;&#8212;&#8212;&#8212;&#8212;&#8212;&#8212;&#8212;&#8212;&#8212;&#8212;&#8212;&#8212;&#8212;&#8212;&#8212;&#8212;&#8212;&#8212;&#8212;&#8212;&#8212;&#8212;&#8212;&#8212;-<\/span><\/p>\n<\/div>\n<div class=\"Ingredients_ingredients__description__3kp1n\">\n<div><span style=\"font-family: arial, helvetica, sans-serif; color: #000000; font-size: 10pt;\">V\u0161echny slo\u017eky<\/span><\/div>\n<div><span style=\"font-family: arial, helvetica, sans-serif; color: #000000; font-size: 10pt;\">ISODODECANE, ETHYLHEXYL PALMITATE, POLYETHYLENE, PARAFFIN, CERA MICROCRISTALLINA, TALC, SILICA DIMETHYL SILYLATE, ETHYLENE\/PROPYLENE\/STYRENE COPOLYMER, BUTYLENE\/ETHYLENE\/STYRENE COPOLYMER, ORYZA SATIVA CERA, BEHENYL BEESWAX, STEARYL BEESWAX, PERSEA GRATISSIMA OIL, PROPYLPARABEN, NYLON-6, ALUMINA, TRIETHOXYCAPRYLYLSILANE, BHT, SILICA, +\/-: CI 77891, CI 77499, CI 77492, CI 77491<\/span><\/div>\n<\/div>\n","protected":false},"excerpt":{"rendered":"<div class=\"Description_description__content__GhYzs Description_description__content--is-expanded__25XuA\">\n<div>\n<p><span style=\"font-family: arial, helvetica, sans-serif; color: #000000;\">Gel pro dokonal\u00e9 obo\u010d\u00ed, kter\u00e9 vydr\u017e\u00ed. D\u00edky precizn\u00ed \u0161pi\u010dce kart\u00e1\u010dku obo\u010d\u00ed snadno vytvarujete k dokonalosti, jedine\u010dn\u00e1 receptura s vl\u00e1kny zajist\u00ed trvanlivost, objem a intenzivn\u011bj\u0161\u00ed vzhled *, je vod\u011bodoln\u00e1 a vzdoruje vlhkosti *, obsahuje vy\u017eivuj\u00edc\u00ed avok\u00e1dov\u00fd olej.\u00a0 5ml<\/span><\/p>\n<p><span style=\"font-family: arial, helvetica, sans-serif; color: #000000;\">* Spot\u0159ebitelsky testov\u00e1no.<\/span><\/p>\n<div class=\"woocommerce-product-details__short-description\">\n<div class=\"woocommerce-product-details__short-description\">\n<p><span style=\"font-family: arial, helvetica, sans-serif; font-size: 10pt;\">Nejni\u017e\u0161\u00ed cena platn\u00e1 ve 30 dnech p\u0159ed platnost\u00ed sou\u010dasn\u00e9 ceny byla 130 K\u010d.<\/span><\/p>\n<\/div>\n<\/div>\n<\/div>\n<\/div>\n","protected":false},"featured_media":3064,"comment_status":"closed","ping_status":"closed","template":"","meta":[],"pwb-brand":[27],"product_brand":[91],"product_cat":[46,50],"product_tag":[],"class_list":{"0":"post-3063","1":"product","2":"type-product","3":"status-publish","4":"has-post-thumbnail","6":"pwb-brand-https-cz-oriflame-com-cataloguesstorebeautyobchod","7":"product_brand-oriflame","8":"product_cat-dekorativni-kosmetika","9":"product_cat-rasenky","11":"first","12":"instock","13":"sale","14":"taxable","15":"shipping-taxable","16":"purchasable","17":"product-type-simple"},"brands":[{"id":27,"name":"Oriflame","slug":"https-cz-oriflame-com-cataloguesstorebeautyobchod"}],"_links":{"self":[{"href":"https:\/\/priroda-uvadi.cz\/beauty\/wp-json\/wp\/v2\/product\/3063","targetHints":{"allow":["GET"]}}],"collection":[{"href":"https:\/\/priroda-uvadi.cz\/beauty\/wp-json\/wp\/v2\/product"}],"about":[{"href":"https:\/\/priroda-uvadi.cz\/beauty\/wp-json\/wp\/v2\/types\/product"}],"replies":[{"embeddable":true,"href":"https:\/\/priroda-uvadi.cz\/beauty\/wp-json\/wp\/v2\/comments?post=3063"}],"wp:featuredmedia":[{"embeddable":true,"href":"https:\/\/priroda-uvadi.cz\/beauty\/wp-json\/wp\/v2\/media\/3064"}],"wp:attachment":[{"href":"https:\/\/priroda-uvadi.cz\/beauty\/wp-json\/wp\/v2\/media?parent=3063"}],"wp:term":[{"taxonomy":"pwb-brand","embeddable":true,"href":"https:\/\/priroda-uvadi.cz\/beauty\/wp-json\/wp\/v2\/pwb-brand?post=3063"},{"taxonomy":"product_brand","embeddable":true,"href":"https:\/\/priroda-uvadi.cz\/beauty\/wp-json\/wp\/v2\/product_brand?post=3063"},{"taxonomy":"product_cat","embeddable":true,"href":"https:\/\/priroda-uvadi.cz\/beauty\/wp-json\/wp\/v2\/product_cat?post=3063"},{"taxonomy":"product_tag","embeddable":true,"href":"https:\/\/priroda-uvadi.cz\/beauty\/wp-json\/wp\/v2\/product_tag?post=3063"}],"curies":[{"name":"wp","href":"https:\/\/api.w.org\/{rel}","templated":true}]}}