{"id":3001,"date":"2022-04-13T14:57:01","date_gmt":"2022-04-13T12:57:01","guid":{"rendered":"https:\/\/priroda-uvadi.cz\/beauty\/?post_type=product&#038;p=3001"},"modified":"2026-01-31T17:01:41","modified_gmt":"2026-01-31T16:01:41","slug":"vyzivujici-telovy-krem-s-bio-kakaovym-maslem-a-kokosovym-olejem-love-nature","status":"publish","type":"product","link":"https:\/\/priroda-uvadi.cz\/beauty\/produkt\/vyzivujici-telovy-krem-s-bio-kakaovym-maslem-a-kokosovym-olejem-love-nature\/","title":{"rendered":"Vy\u017eivuj\u00edc\u00ed t\u011blov\u00fd kr\u00e9m s bio kakaov\u00fdm m\u00e1slem a kokosov\u00fdm olejem Love Nature 200ml"},"content":{"rendered":"<div class=\"Wysiwyg_wysiwyg__2s0pn\">\n<p><span style=\"font-family: arial, helvetica, sans-serif; color: #000000;\">Tento v\u00fd\u017eivn\u00fd t\u011blov\u00fd kr\u00e9m obsahuje 94 % slo\u017eek p\u0159\u00edrodn\u00edho p\u016fvodu, v\u010detn\u011b bio kakaov\u00e9ho m\u00e1sla a kokosov\u00e9ho oleje.<\/span><\/p>\n<p><span style=\"font-family: arial, helvetica, sans-serif; color: #000000;\"><strong>P\u0159\u00edrodn\u00ed bio kakaov\u00e9 m\u00e1slo<\/strong><\/span><br \/>\n<span style=\"font-family: arial, helvetica, sans-serif; color: #000000;\">Kakaov\u00e9 m\u00e1slo zn\u00e1 jist\u011b ka\u017ed\u00fd, kdo se se zaj\u00edm\u00e1 o p\u0159irozenou hydrataci pleti \u2013 je zn\u00e1m\u00e9 jako dokonal\u00fd hydrata\u010dn\u00ed p\u0159\u00edpravek, kter\u00fd se b\u00e1je\u010dn\u011b vst\u0159eb\u00e1v\u00e1 do poko\u017eky. A nav\u00edc \u00fa\u017easn\u011b von\u00ed!<\/span><\/p>\n<p><span style=\"font-family: arial, helvetica, sans-serif; color: #000000;\"><strong>P\u0159\u00edrodn\u00ed bio kokosov\u00fd olej<\/strong><\/span><br \/>\n<span style=\"font-family: arial, helvetica, sans-serif; color: #000000;\">Olej z t\u00e9to exotick\u00e9 lah\u016fdky je sou\u010d\u00e1st\u00ed j\u00eddeln\u00ed\u010dku i p\u00e9\u010de o ple\u0165 u\u017e cel\u00e1 stalet\u00ed. M\u00e1 vysok\u00fd obsah mastn\u00fdch kyselin a p\u0159i myt\u00ed i v r\u00e1mci hydrata\u010dn\u00ed p\u00e9\u010de poko\u017eku pom\u00e1h\u00e1 vy\u017eivovat.<\/span><\/p>\n<p>&#8212;&#8212;&#8212;&#8212;&#8212;&#8212;&#8212;&#8212;&#8212;&#8212;&#8212;&#8212;&#8212;&#8212;&#8212;&#8212;&#8212;&#8212;&#8212;&#8212;&#8212;&#8212;&#8212;&#8212;&#8212;&#8212;&#8212;&#8212;&#8212;&#8212;&#8212;&#8212;&#8212;&#8212;&#8212;&#8212;&#8212;&#8212;&#8212;&#8211;<\/p>\n<\/div>\n<div class=\"Ingredients_ingredients__description__3kp1n\">\n<div><span style=\"font-family: arial, helvetica, sans-serif; color: #000000; font-size: 10pt;\">V\u0161echny slo\u017eky<\/span><\/div>\n<div><span style=\"font-family: arial, helvetica, sans-serif; color: #000000; font-size: 10pt;\">AQUA, GLYCERIN, BUTYROSPERMUM PARKII BUTTER, CANOLA OIL, STEARIC ACID, SODIUM POLYACRYLATE, PALMITIC ACID, CETYL ALCOHOL, PARFUM, PHENOXYETHANOL, CAPRYLYL GLYCOL, DISODIUM EDTA, BENZYL SALICYLATE, ARACHIDIC ACID, LAURIC ACID, MYRISTIC ACID, COCOS NUCIFERA OIL, THEOBROMA CACAO SEED BUTTER, COUMARIN, LIMONENE, CI 19140, CI 16035, CI 42090<\/span><\/div>\n<div>\n<p class=\"MuiTypography-root MuiTypography-body1 css-qhldfo\" data-testid=\"Presentation-product-detail-dimensions\"><span style=\"font-family: arial, helvetica, sans-serif; font-size: 10pt;\">Rozm\u011bry: D\u00e9lka 98mm, V\u00fd\u0161ka 58mm, Hloubka 58mm, Hmotnost 242g<\/span><\/p>\n<p class=\"MuiTypography-root MuiTypography-body1 css-qhldfo\" data-testid=\"Presentation-product-detail-full-product-name\"><span style=\"font-family: arial, helvetica, sans-serif; font-size: 10pt;\">\u00dapln\u00fd n\u00e1zev produktu: Vy\u017eivuj\u00edc\u00ed t\u011blov\u00fd kr\u00e9m s bio kakaov\u00fdm m\u00e1slem a kokosov\u00fdm olejem Love Nature<\/span><\/p>\n<p class=\"MuiTypography-root MuiTypography-body1 css-z53mru\"><span style=\"font-family: arial, helvetica, sans-serif; font-size: 10pt;\">N\u00e1zev a adresa v\u00fdrobce(\u016f) a zem\u011b p\u016fvodu<\/span><\/p>\n<div class=\"MuiBox-root css-p1vtja\">\n<div class=\"MuiBox-root css-0\"><span style=\"font-family: arial, helvetica, sans-serif; font-size: 10pt;\">V\u00fdrobcem produktu je jeden z n\u00ed\u017ee uveden\u00fdch subjekt\u016f. Pro p\u0159esn\u00e9 informace pros\u00edm vyhledejte konkr\u00e9tn\u00ed produkt.<\/span><\/div>\n<div class=\"MuiBox-root css-0\">\n<p class=\"MuiTypography-root MuiTypography-body1 css-1lg9s02\"><span style=\"font-family: arial, helvetica, sans-serif; font-size: 10pt;\">Cetes Cosmetics Poland Sp. z o. o.<\/span><\/p>\n<p class=\"MuiTypography-root MuiTypography-body1 css-1lg9s02\"><span style=\"font-family: arial, helvetica, sans-serif; font-size: 10pt;\">ul. Bohater\u00f3w Warszawy 2<\/span><\/p>\n<p class=\"MuiTypography-root MuiTypography-body1 css-1lg9s02\"><span style=\"font-family: arial, helvetica, sans-serif; font-size: 10pt;\">Warszawa\u00a002-495<\/span><\/p>\n<p class=\"MuiTypography-root MuiTypography-body1 css-1lg9s02\"><span style=\"font-family: arial, helvetica, sans-serif; font-size: 10pt;\">POLAND<\/span><\/p>\n<p class=\"MuiTypography-root MuiTypography-body1 css-1lg9s02\"><span style=\"font-family: arial, helvetica, sans-serif; font-size: 10pt;\">Zem\u011b p\u016fvodu\u00a0POLAND<\/span><\/p>\n<\/div>\n<div class=\"MuiBox-root css-0\">\n<p class=\"MuiTypography-root MuiTypography-body1 css-1lg9s02\"><span style=\"font-family: arial, helvetica, sans-serif; font-size: 10pt;\">Oriflame India Private Limited<\/span><\/p>\n<p class=\"MuiTypography-root MuiTypography-body1 css-1lg9s02\"><span style=\"font-family: arial, helvetica, sans-serif; font-size: 10pt;\">B-44, Phase II, Post Office &#8211; NSEZ<\/span><\/p>\n<p class=\"MuiTypography-root MuiTypography-body1 css-1lg9s02\"><span style=\"font-family: arial, helvetica, sans-serif; font-size: 10pt;\">Gautam Budh Nagar<\/span><\/p>\n<p class=\"MuiTypography-root MuiTypography-body1 css-1lg9s02\"><span style=\"font-family: arial, helvetica, sans-serif; font-size: 10pt;\">Uttar Pradesh, 201305\u00a0INDIA<\/span><\/p>\n<p class=\"MuiTypography-root MuiTypography-body1 css-1lg9s02\"><span style=\"font-family: arial, helvetica, sans-serif; font-size: 10pt;\">Zem\u011b p\u016fvodu\u00a0INDIA<\/span><\/p>\n<\/div>\n<\/div>\n<\/div>\n<\/div>\n","protected":false},"excerpt":{"rendered":"<div class=\"Summary_summary__info__2YZJ6\"><span style=\"font-family: arial, helvetica, sans-serif; color: #000000;\">Bohat\u00fd a kr\u00e9mov\u00fd t\u011blov\u00fd kr\u00e9m s p\u0159\u00edrodn\u00edm bio kakaov\u00fdm m\u00e1slem a kokosov\u00fdm olejem vy\u017eiv\u00ed a hydratuje poko\u017eku.<\/span><\/div>\n<div>\n<div class=\"Description_description__content__GhYzs Description_description__content--is-expanded__25XuA\">\n<div>\n<p><span style=\"font-family: arial, helvetica, sans-serif; color: #000000;\">T\u011blov\u00fd kr\u00e9m s p\u0159\u00edrodn\u00edm bio kakaov\u00fdm m\u00e1slem a kokosov\u00fdm olejem intenzivn\u011b vy\u017eiv\u00ed va\u0161i poko\u017eku. Je klinicky prok\u00e1z\u00e1no, \u017ee jeho bohat\u00e9 a kr\u00e9mov\u00e9 slo\u017een\u00ed poskytuje 48hodinovou hydrataci i t\u00e9 nejsu\u0161\u0161\u00ed poko\u017ece. Slo\u017een\u00ed obsahuje 98 % slo\u017eek p\u0159\u00edrodn\u00edho p\u016fvodu a je dermatologicky testov\u00e1no. Obal je vyroben z 50% PCR plastu.\u00a0 200ml<\/span><\/p>\n<div class=\"woocommerce-product-details__short-description\">\n<div class=\"woocommerce-product-details__short-description\">\n<div class=\"woocommerce-product-details__short-description\">\n<div class=\"woocommerce-product-details__short-description\">\n<div class=\"woocommerce-product-details__short-description\">\n<div class=\"woocommerce-product-details__short-description\">\n<div class=\"woocommerce-product-details__short-description\">\n<div class=\"product-detail-1buwlw5\">\n<div class=\"product-detail-uyp0pw\">\n<div class=\"product-detail-v4i4af\">\n<div class=\"woocommerce-product-details__short-description\">\n<div class=\"woocommerce-product-details__short-description\">\n<div class=\"Summary_summary__benefits__8ar3s\">\n<div class=\"Benefits_benefits__3OGwl\">\n<div>\n<div class=\"woocommerce-product-details__short-description\">\n<div class=\"product-detail-vdfylx\">\n<div class=\"product-detail-d0oxj1\">\n<div class=\"product-detail-1yhj3ra\">\n<p class=\"product-detail-17mztir\" data-testid=\"Presentation-product-detail-LowestPreviousPrice\"><span style=\"font-family: arial, helvetica, sans-serif; font-size: 10pt;\">Nejni\u017e\u0161\u00ed cena platn\u00e1 ve 30 dnech p\u0159ed platnost\u00ed sou\u010dasn\u00e9 ceny byla 130 K\u010d<\/span><\/p>\n<\/div>\n<\/div>\n<\/div>\n<\/div>\n<\/div>\n<\/div>\n<\/div>\n<\/div>\n<\/div>\n<\/div>\n<\/div>\n<\/div>\n<\/div>\n<\/div>\n<\/div>\n<\/div>\n<\/div>\n<\/div>\n<\/div>\n<\/div>\n<\/div>\n<\/div>\n","protected":false},"featured_media":3002,"comment_status":"closed","ping_status":"closed","template":"","meta":[],"pwb-brand":[27],"product_brand":[91],"product_cat":[15,42],"product_tag":[],"class_list":{"0":"post-3001","1":"product","2":"type-product","3":"status-publish","4":"has-post-thumbnail","6":"pwb-brand-https-cz-oriflame-com-cataloguesstorebeautyobchod","7":"product_brand-oriflame","8":"product_cat-nezarazene","9":"product_cat-telove-mleka","11":"first","12":"instock","13":"sale","14":"taxable","15":"shipping-taxable","16":"purchasable","17":"product-type-simple"},"brands":[{"id":27,"name":"Oriflame","slug":"https-cz-oriflame-com-cataloguesstorebeautyobchod"}],"_links":{"self":[{"href":"https:\/\/priroda-uvadi.cz\/beauty\/wp-json\/wp\/v2\/product\/3001","targetHints":{"allow":["GET"]}}],"collection":[{"href":"https:\/\/priroda-uvadi.cz\/beauty\/wp-json\/wp\/v2\/product"}],"about":[{"href":"https:\/\/priroda-uvadi.cz\/beauty\/wp-json\/wp\/v2\/types\/product"}],"replies":[{"embeddable":true,"href":"https:\/\/priroda-uvadi.cz\/beauty\/wp-json\/wp\/v2\/comments?post=3001"}],"wp:featuredmedia":[{"embeddable":true,"href":"https:\/\/priroda-uvadi.cz\/beauty\/wp-json\/wp\/v2\/media\/3002"}],"wp:attachment":[{"href":"https:\/\/priroda-uvadi.cz\/beauty\/wp-json\/wp\/v2\/media?parent=3001"}],"wp:term":[{"taxonomy":"pwb-brand","embeddable":true,"href":"https:\/\/priroda-uvadi.cz\/beauty\/wp-json\/wp\/v2\/pwb-brand?post=3001"},{"taxonomy":"product_brand","embeddable":true,"href":"https:\/\/priroda-uvadi.cz\/beauty\/wp-json\/wp\/v2\/product_brand?post=3001"},{"taxonomy":"product_cat","embeddable":true,"href":"https:\/\/priroda-uvadi.cz\/beauty\/wp-json\/wp\/v2\/product_cat?post=3001"},{"taxonomy":"product_tag","embeddable":true,"href":"https:\/\/priroda-uvadi.cz\/beauty\/wp-json\/wp\/v2\/product_tag?post=3001"}],"curies":[{"name":"wp","href":"https:\/\/api.w.org\/{rel}","templated":true}]}}