{"id":2682,"date":"2024-10-26T16:41:13","date_gmt":"2024-10-26T14:41:13","guid":{"rendered":"https:\/\/priroda-uvadi.cz\/beauty\/?post_type=product&#038;p=2682"},"modified":"2026-02-10T12:08:06","modified_gmt":"2026-02-10T11:08:06","slug":"sprchovy-krem-milk-honey-gold","status":"publish","type":"product","link":"https:\/\/priroda-uvadi.cz\/beauty\/produkt\/sprchovy-krem-milk-honey-gold\/","title":{"rendered":"Sprchov\u00fd kr\u00e9m Milk Honey Gold 250 ml"},"content":{"rendered":"<ul>\n<li><span style=\"font-family: arial, helvetica, sans-serif;\"><strong>Ml\u00e9ko<\/strong> je bohat\u00e9 na vitam\u00edny, miner\u00e1ly a proteiny, kter\u00e9 pe\u010duj\u00ed o poko\u017eku, d\u00edky \u010demu\u017e je vl\u00e1\u010dn\u00e1 a jemn\u00e1.<\/span><\/li>\n<li><span style=\"font-family: arial, helvetica, sans-serif;\">\u00a0<strong>Med<\/strong> obsahuje vitam\u00edny, miner\u00e1ly a kyselinu listovou. Obnovuje, zjem\u0148uje a dod\u00e1v\u00e1 poko\u017ece jas.<\/span><\/li>\n<\/ul>\n<hr \/>\n<p><span style=\"font-family: arial, helvetica, sans-serif; font-size: 10pt;\">V\u0161echny slo\u017eky<\/span><\/p>\n<div class=\"AppShell-pdp86 AppShell-pdp87\">\n<div class=\"AppShell-pdp89\">\n<div class=\"AppShell-pdp90\">\n<div role=\"region\">\n<div class=\"AppShell-pdp92 AppShell-pdp91\">\n<div class=\"Ingredients_ingredients__1bDwl\">\n<div class=\"Wysiwyg_wysiwyg__2s0pn\"><span style=\"font-family: arial, helvetica, sans-serif; font-size: 10pt;\">AQUA, SODIUM LAURETH SULFATE, GLYCERIN, COCAMIDOPROPYL BETAINE, LAURETH-3, GLYCOL DISTEARATE, SODIUM CHLORIDE, SODIUM LAUROYL SARCOSINATE, PHENOXYETHANOL, LAURETH-4, PARFUM, CITRIC ACID, SODIUM BENZOATE, LINALOOL, SODIUM CITRATE, POLYQUATERNIUM-39, HEXYL CINNAMAL, DISODIUM EDTA, MEL, SINE ADIPE LAC, FORMIC ACID, CI 47005, CI 14700<\/span><\/div>\n<\/div>\n<\/div>\n<\/div>\n<\/div>\n<\/div>\n<\/div>\n","protected":false},"excerpt":{"rendered":"<p class=\"product-desc\"><span style=\"font-family: arial, helvetica, sans-serif; color: #000000;\"><span class=\"goog-text-highlight\">Pokro\u010dil\u00e9 hydrata\u010dn\u00ed slo\u017een\u00ed s organick\u00fdmi v\u00fdta\u017eky z ml\u00e9ka a medu jemn\u011b \u010dist\u00ed a zjem\u0148uje poko\u017eku. <\/span><\/span><\/p>\n<p><span style=\"font-family: arial, helvetica, sans-serif; color: #000000;\">\u25cf Jemn\u00e1 kr\u00e9mov\u00e1 textura snadno tvo\u0159\u00ed vzdu\u0161nou p\u011bnu; <\/span><\/p>\n<p><span style=\"font-family: arial, helvetica, sans-serif; color: #000000;\">\u25cf Legend\u00e1rn\u00ed ml\u00e9\u010dn\u011b-medov\u00e1 v\u016fn\u011b d\u011bl\u00e1 z ka\u017edodenn\u00ed p\u00e9\u010de pot\u011b\u0161en\u00ed.<\/span><\/p>\n<p><span style=\"font-family: arial, helvetica, sans-serif; color: #000000;\">250 ml<\/span><\/p>\n<div class=\"woocommerce-product-details__short-description\">\n<div class=\"product-detail-v4i4af\" data-testid=\"Presentation-product-detail-benefits\">\n<div class=\"product-detail-o40nju\" data-testid=\"Presentation-product-detail-price-section\"><span class=\"MuiTypography-root MuiTypography-caption product-detail-8q5iga\" style=\"font-family: arial, helvetica, sans-serif; font-size: 10pt;\" data-testid=\"Presentation-product-detail-LowestPreviousPrice\">Nejni\u017e\u0161\u00ed cena platn\u00e1 ve 30 dnech p\u0159ed platnost\u00ed sou\u010dasn\u00e9 ceny byla 130 K\u010d<\/span><\/div>\n<\/div>\n<\/div>\n","protected":false},"featured_media":2683,"comment_status":"closed","ping_status":"closed","template":"","meta":[],"pwb-brand":[27],"product_brand":[91],"product_cat":[15,33],"product_tag":[],"class_list":{"0":"post-2682","1":"product","2":"type-product","3":"status-publish","4":"has-post-thumbnail","6":"pwb-brand-https-cz-oriflame-com-cataloguesstorebeautyobchod","7":"product_brand-oriflame","8":"product_cat-nezarazene","9":"product_cat-sprchove-gely","11":"first","12":"instock","13":"sale","14":"taxable","15":"shipping-taxable","16":"purchasable","17":"product-type-simple"},"brands":[{"id":27,"name":"Oriflame","slug":"https-cz-oriflame-com-cataloguesstorebeautyobchod"}],"_links":{"self":[{"href":"https:\/\/priroda-uvadi.cz\/beauty\/wp-json\/wp\/v2\/product\/2682","targetHints":{"allow":["GET"]}}],"collection":[{"href":"https:\/\/priroda-uvadi.cz\/beauty\/wp-json\/wp\/v2\/product"}],"about":[{"href":"https:\/\/priroda-uvadi.cz\/beauty\/wp-json\/wp\/v2\/types\/product"}],"replies":[{"embeddable":true,"href":"https:\/\/priroda-uvadi.cz\/beauty\/wp-json\/wp\/v2\/comments?post=2682"}],"wp:featuredmedia":[{"embeddable":true,"href":"https:\/\/priroda-uvadi.cz\/beauty\/wp-json\/wp\/v2\/media\/2683"}],"wp:attachment":[{"href":"https:\/\/priroda-uvadi.cz\/beauty\/wp-json\/wp\/v2\/media?parent=2682"}],"wp:term":[{"taxonomy":"pwb-brand","embeddable":true,"href":"https:\/\/priroda-uvadi.cz\/beauty\/wp-json\/wp\/v2\/pwb-brand?post=2682"},{"taxonomy":"product_brand","embeddable":true,"href":"https:\/\/priroda-uvadi.cz\/beauty\/wp-json\/wp\/v2\/product_brand?post=2682"},{"taxonomy":"product_cat","embeddable":true,"href":"https:\/\/priroda-uvadi.cz\/beauty\/wp-json\/wp\/v2\/product_cat?post=2682"},{"taxonomy":"product_tag","embeddable":true,"href":"https:\/\/priroda-uvadi.cz\/beauty\/wp-json\/wp\/v2\/product_tag?post=2682"}],"curies":[{"name":"wp","href":"https:\/\/api.w.org\/{rel}","templated":true}]}}