{"id":2589,"date":"2022-02-03T11:06:39","date_gmt":"2022-02-03T10:06:39","guid":{"rendered":"https:\/\/priroda-uvadi.cz\/beauty\/?post_type=product&#038;p=2589"},"modified":"2023-08-19T09:03:01","modified_gmt":"2023-08-19T07:03:01","slug":"pouzdro-na-rtenku-plisse","status":"publish","type":"product","link":"https:\/\/priroda-uvadi.cz\/beauty\/produkt\/pouzdro-na-rtenku-plisse\/","title":{"rendered":"Pouzdro na rt\u011bnku Plisse"},"content":{"rendered":"","protected":false},"excerpt":{"rendered":"<p><span style=\"font-family: arial, helvetica, sans-serif; color: #000000;\">Nechte svou obl\u00edbenou rt\u011bnku cestovat stylov\u011b \u2013 v roztomil\u00e9m pouzd\u0159e s kombinac\u00ed dvou odst\u00edn\u016f m\u011bkce \u010derven\u00e9 um\u011bl\u00e9 saffiano k\u016f\u017ee s plastick\u00fdm vzorkem. Ocen\u00edte i praktick\u00e9 zlatav\u00e9 zav\u00edr\u00e1n\u00ed na patentku, \u0159et\u00edzek s krou\u017ekem a karabinku. P\u0159izp\u016fsob\u00ed se velikosti rt\u011bnky.<\/span><\/p>\n<p><span style=\"font-family: arial, helvetica, sans-serif; color: #000000;\">Rozm\u011bry: 3,5 x 2 x 9 cm<\/span><\/p>\n","protected":false},"featured_media":2591,"comment_status":"closed","ping_status":"closed","template":"","meta":[],"pwb-brand":[27],"product_brand":[],"product_cat":[31],"product_tag":[],"class_list":{"0":"post-2589","1":"product","2":"type-product","3":"status-publish","4":"has-post-thumbnail","6":"pwb-brand-https-cz-oriflame-com-cataloguesstorebeautyobchod","7":"product_cat-nekosmeticke-vyrobky","9":"first","10":"instock","11":"taxable","12":"shipping-taxable","13":"purchasable","14":"product-type-simple"},"brands":[{"id":27,"name":"Oriflame","slug":"https-cz-oriflame-com-cataloguesstorebeautyobchod"}],"_links":{"self":[{"href":"https:\/\/priroda-uvadi.cz\/beauty\/wp-json\/wp\/v2\/product\/2589","targetHints":{"allow":["GET"]}}],"collection":[{"href":"https:\/\/priroda-uvadi.cz\/beauty\/wp-json\/wp\/v2\/product"}],"about":[{"href":"https:\/\/priroda-uvadi.cz\/beauty\/wp-json\/wp\/v2\/types\/product"}],"replies":[{"embeddable":true,"href":"https:\/\/priroda-uvadi.cz\/beauty\/wp-json\/wp\/v2\/comments?post=2589"}],"wp:featuredmedia":[{"embeddable":true,"href":"https:\/\/priroda-uvadi.cz\/beauty\/wp-json\/wp\/v2\/media\/2591"}],"wp:attachment":[{"href":"https:\/\/priroda-uvadi.cz\/beauty\/wp-json\/wp\/v2\/media?parent=2589"}],"wp:term":[{"taxonomy":"pwb-brand","embeddable":true,"href":"https:\/\/priroda-uvadi.cz\/beauty\/wp-json\/wp\/v2\/pwb-brand?post=2589"},{"taxonomy":"product_brand","embeddable":true,"href":"https:\/\/priroda-uvadi.cz\/beauty\/wp-json\/wp\/v2\/product_brand?post=2589"},{"taxonomy":"product_cat","embeddable":true,"href":"https:\/\/priroda-uvadi.cz\/beauty\/wp-json\/wp\/v2\/product_cat?post=2589"},{"taxonomy":"product_tag","embeddable":true,"href":"https:\/\/priroda-uvadi.cz\/beauty\/wp-json\/wp\/v2\/product_tag?post=2589"}],"curies":[{"name":"wp","href":"https:\/\/api.w.org\/{rel}","templated":true}]}}