{"id":2432,"date":"2022-01-22T10:58:09","date_gmt":"2022-01-22T09:58:09","guid":{"rendered":"https:\/\/priroda-uvadi.cz\/beauty\/?post_type=product&#038;p=2432"},"modified":"2026-04-01T21:35:09","modified_gmt":"2026-04-01T19:35:09","slug":"obnovujici-nocni-olej-na-vlasy-eleo","status":"publish","type":"product","link":"https:\/\/priroda-uvadi.cz\/beauty\/produkt\/obnovujici-nocni-olej-na-vlasy-eleo\/","title":{"rendered":"Obnovuj\u00edc\u00ed no\u010dn\u00ed olej na vlasy Eleo 50ml"},"content":{"rendered":"<p><strong><span style=\"font-family: arial, helvetica, sans-serif; color: #000000;\">Pou\u017eit\u00ed<\/span><\/strong><\/p>\n<div class=\"product-detail-MuiCollapse-root product-detail-MuiCollapse-entered\">\n<div class=\"product-detail-MuiCollapse-wrapper\">\n<div class=\"product-detail-MuiCollapse-wrapperInner\">\n<div role=\"region\">\n<div class=\"product-detail-MuiAccordionDetails-root product-detail-pdp7\">\n<div class=\"wysiwyg_rcqSs\">\n<p><span style=\"font-family: arial, helvetica, sans-serif; color: #000000;\">Naneste p\u00e1r kapek oleje na vlhk\u00e9 nebo such\u00e9 vlasy. Promn\u011bte v dlan\u00edch a rovnom\u011brn\u011b vet\u0159ete do cel\u00e9 d\u00e9lky vlas\u016f. Neoplachujte.<\/span><\/p>\n<\/div>\n<\/div>\n<\/div>\n<\/div>\n<\/div>\n<\/div>\n<p>&nbsp;<\/p>\n<p><span style=\"font-family: arial, helvetica, sans-serif;\"><span style=\"color: #000000;\">Obsahuje<\/span> <strong>olej z kam\u00e9lie <\/strong>a <strong>Zlat\u00fd elix\u00edr Eleo<\/strong> \u2013 pe\u010dliv\u011b vybranou sm\u011bs \u0161esti z nej\u00fa\u010dinn\u011bj\u0161\u00edch olej\u016f na sv\u011bt\u011b s mnoha p\u0159\u00ednosy pro zdrav\u00ed vlas\u016f a poko\u017eky, jim\u017e dod\u00e1vaj\u00ed pevnost a jas.<\/span><\/p>\n<p><span style=\"font-family: arial, helvetica, sans-serif; color: #000000;\"><strong>P\u0159\u00edrodn\u00ed olej z kam\u00e9lie<\/strong> m\u00e1 velmi vysok\u00fd obsah omega 9 mastn\u00fdch kyselin, d\u00edky nim\u017e jsou vlasy heb\u010d\u00ed a zvladateln\u011bj\u0161\u00ed, nav\u00edc podporuj\u00ed dlouhodobou hydrataci a regeneraci. Omega 3 a 6 tak\u00e9 pom\u00e1haj\u00ed vytvo\u0159it ochrann\u00fd \u0161t\u00edt, kter\u00fd vlasy revitalizuje od ko\u0159\u00ednk\u016f ke kone\u010dk\u016fm.<\/span><\/p>\n<p><span style=\"font-family: arial, helvetica, sans-serif; color: #000000;\"><strong>P\u0159\u00edrodn\u00ed arganov\u00fd olej <\/strong>je vz\u00e1cn\u00fd vy\u017eivuj\u00edc\u00ed olej s vysok\u00fdm obsahem omega 6 a vitaminu E, kter\u00e9 pom\u00e1haj\u00ed obnovit lipidov\u00fd povrch vlasu a vytv\u00e1\u0159\u00ed p\u0159irozen\u00fd ochrann\u00fd \u0161t\u00edt. Pronik\u00e1 i do t\u011bla vlasu a pom\u00e1h\u00e1 jej od ko\u0159\u00ednk\u016f ke kone\u010dk\u016fm revitalizovat.<\/span><\/p>\n<p><span style=\"font-family: arial, helvetica, sans-serif; color: #000000;\"><strong>P\u0159\u00edrodn\u00ed jojobov\u00fd olej<\/strong> pronik\u00e1 vn\u011bj\u0161\u00ed vlasovou kutikulou, kde p\u0159isp\u00edv\u00e1 k hydrataci a zvl\u00e1\u010dn\u011bn\u00ed vlasu, nav\u00edc podporuje udr\u017een\u00ed hydrata\u010dn\u00ed bari\u00e9ry poko\u017eky hlavy.<\/span><\/p>\n<p><span style=\"font-family: arial, helvetica, sans-serif; color: #000000;\"><strong>P\u0159\u00edrodn\u00ed olej z makadamiov\u00fdch o\u0159ech\u016f<\/strong> m\u00e1 vysok\u00fd obsah esenci\u00e1ln\u00edch mastn\u00fdch kyselin, kter\u00e9 jsou zn\u00e1m\u00e9 sv\u00fdmi hydratuj\u00edc\u00edmi a vy\u017eivuj\u00edc\u00edmi \u00fa\u010dinky i svou schopnost\u00ed obnovit lipidov\u00fd povrch vlas\u016f, a tak dostat pod kontrolu cuchav\u00e9, rozevl\u00e1t\u00e9 vlasy.<\/span><\/p>\n<p><span style=\"font-family: arial, helvetica, sans-serif; color: #000000;\"><strong>P\u0159\u00edrodn\u00ed r\u016f\u017eov\u00fd olej <\/strong>obsahuje velk\u00e9 mno\u017estv\u00ed mastn\u00fdch kyselin, vitamin\u016f E a C a miner\u00e1l\u016f. D\u00edky nim jsou vlasy chr\u00e1n\u011bn\u00e9, hladk\u00e9 a do hloubky vy\u017eiven\u00e9, co\u017e jim dod\u00e1 pru\u017enost a poddajnost.<\/span><\/p>\n<p><span style=\"font-family: arial, helvetica, sans-serif; color: #000000;\"><strong>P\u0159\u00edrodn\u00ed lopuchov\u00fd olej<\/strong> vlasy vy\u017eivuje a zjem\u0148uje, dod\u00e1v\u00e1 jim hladkost a lesk a pom\u00e1h\u00e1 regulovat tvorbu ko\u017en\u00edho mazu pro zdravou poko\u017eku hlavy.<\/span><\/p>\n<p><span style=\"font-family: arial, helvetica, sans-serif; color: #000000;\"><strong>P\u0159\u00edrodn\u00ed olej tamanu<\/strong> pom\u00e1h\u00e1 vlasy hydratovat, zjem\u0148ovat a pos\u00edlit. Vytv\u00e1\u0159\u00ed na povrchu vlasu bari\u00e9ru, kter\u00e1 pom\u00e1h\u00e1 uvnit\u0159 uzamknout vlhkost a vlasy zpev\u0148uje<\/span>.<\/p>\n<hr \/>\n<div><span style=\"font-family: arial, helvetica, sans-serif; font-size: 10pt;\">V\u0161echny slo\u017eky<\/span><\/div>\n<div><span style=\"font-family: arial, helvetica, sans-serif; font-size: 10pt;\">CYCLOPENTASILOXANE, CYCLOHEXASILOXANE, C12-15 ALKYL BENZOATE, DIMETHICONOL, AMODIMETHICONE, PARFUM, ETHYLHEXYLGLYCERIN, GLYCINE SOJA OIL, HEXYL CINNAMAL, LINALOOL, ISOPROPYL PALMITATE, BENZYL SALICYLATE, CITRONELLOL, COUMARIN, LIMONENE, ALPHA-ISOMETHYL IONONE, ARGANIA SPINOSA KERNEL OIL, CALOPHYLLUM INOPHYLLUM SEED OIL, CAMELLIA JAPONICA SEED OIL, MACADAMIA INTEGRIFOLIA SEED OIL, SIMMONDSIA CHINENSIS SEED OIL, HELIANTHUS ANNUUS SEED OIL, BETA-CAROTENE, DAUCUS CAROTA SATIVA SEED OIL, ARCTIUM LAPPA ROOT EXTRACT, TOCOPHEROL, ROSA DAMASCENA FLOWER OIL<\/span><\/div>\n<p>&nbsp;<\/p>\n","protected":false},"excerpt":{"rendered":"<div class=\"description__content_I0dkn description__content--is-expanded_fLsfD\">\n<div>\n<div class=\"Y3BBE\"><span style=\"font-family: arial, helvetica, sans-serif; color: #000000;\"><strong class=\"Yjhzub\">Mrz\u00ed n\u00e1s to, ale produkt je zde moment\u00e1ln\u011b vyprodan\u00fd.<\/strong><\/span><\/div>\n<div class=\"Y3BBE\"><span style=\"font-family: arial, helvetica, sans-serif; color: #000000;\">Pokud na produkt sp\u011bch\u00e1te, doporu\u010dujeme objednat p\u0159\u00edmo p\u0159es \ud83d\udc49 <span style=\"color: #ff0000;\"><em><a style=\"color: #ff0000;\" title=\"Obnovuj\u00edc\u00ed no\u010dn\u00ed olej na vlasy Eleo\" href=\"https:\/\/cz.oriflame.com\/products\/product?code=38602&amp;query=38602&amp;store=CZ-beautyobchod\" target=\"_blank\" rel=\"nofollow noopener noreferrer\"><strong>ORIFLAME<\/strong><\/a><\/em>.<\/span><\/span><\/div>\n<div><\/div>\n<div class=\"Y3BBE\"><span style=\"font-family: arial, helvetica, sans-serif; color: #000000;\"><em> Pro nov\u00e9 z\u00e1kazn\u00edky je te\u010f p\u0159ipraven\u00a0bal\u00ed\u010dek v\u00fdhod<\/em>: <\/span><\/div>\n<div class=\"Y3BBE\"><span style=\"font-family: arial, helvetica, sans-serif; color: #000000;\"><span style=\"background-color: #f0f2f5; font-size: 14px;\">\u2705<\/span>\u00a0<strong class=\"Yjhzub\">15% UV\u00cdTAC\u00cd SLEVA<\/strong>\u00a0na prvn\u00ed n\u00e1kup<\/span><\/div>\n<div class=\"Y3BBE\"><span style=\"color: #000000; font-family: arial, helvetica, sans-serif; font-size: 15px; white-space-collapse: preserve;\"> \ud83d\udc47\ud83d\udc47\ud83d\udc47\ud83d\udc47<\/span><\/div>\n<div class=\"Y3BBE\"><span style=\"font-family: arial, helvetica, sans-serif; color: #000000;\"><span style=\"background-color: #f0f2f5; font-size: 14px;\">\u2705 <\/span><span style=\"font-size: 12pt;\">Sta\u010d\u00ed vlo\u017eit produkt do ko\u0161\u00edku\u00a0\ud83d\uded2\u00a0\u00a0a sleva se v\u00e1m okam\u017eit\u011b ode\u010dte.<\/span><\/span><\/div>\n<div class=\"Y3BBE\"><span style=\"font-family: arial, helvetica, sans-serif; color: #000000;\"><span style=\"font-size: 14px; background-color: #f0f2f5;\">\u2705<\/span>\u00a0<strong class=\"Yjhzub\">15% CASHBACK<\/strong>\u00a0z ka\u017ed\u00e9 objedn\u00e1vky<\/span><br \/>\n<span style=\"font-family: arial, helvetica, sans-serif; color: #000000;\"><span style=\"font-size: 14px; background-color: #f0f2f5;\">\u2705<\/span>\u00a0<strong class=\"Yjhzub\">DOPRAVA ZDARMA<\/strong> nad 750 K\u010d<\/span><\/div>\n<div><\/div>\n<div>*<\/div>\n<div>*<\/div>\n<p><span style=\"font-family: arial, helvetica, sans-serif; color: #000000;\">Mimo\u0159\u00e1dn\u011b vy\u017eivuj\u00edc\u00ed vlasov\u00fd olej pro luxusn\u00ed no\u010dn\u00ed p\u00e9\u010di.<\/span><\/p>\n<p><span style=\"font-family: arial, helvetica, sans-serif; color: #000000;\"> Vlasy jsou po probuzen\u00ed intenzivn\u011b regenerovan\u00e9. Obsahuje Zlat\u00fd elix\u00edr Eleo, bohatou sm\u011bs \u0161esti mocn\u00fdch olej\u016f, a olej z kam\u00e9lie, kter\u00fd vlasy pom\u00e1h\u00e1 p\u0159es noc vy\u017eivit. <\/span><\/p>\n<p><span style=\"font-family: arial, helvetica, sans-serif; color: #000000;\">Hebk\u00e1 receptura hladce zahal\u00ed v\u0161echny typy vlas\u016f.\u00a0 50ml<\/span><\/p>\n<div class=\"woocommerce-product-details__short-description\">\n<div>\n<div class=\"product-detail-o40nju\" data-testid=\"Presentation-product-detail-price-section\"><span class=\"MuiTypography-root MuiTypography-caption product-detail-8q5iga\" style=\"font-family: arial, helvetica, sans-serif; font-size: 10pt;\" data-testid=\"Presentation-product-detail-LowestPreviousPrice\">Nejni\u017e\u0161\u00ed cena platn\u00e1 ve 30 dnech p\u0159ed platnost\u00ed sou\u010dasn\u00e9 ceny byla 120 <\/span><span class=\"MuiTypography-root MuiTypography-caption product-detail-8q5iga\" style=\"font-family: arial, helvetica, sans-serif; font-size: 10pt;\" data-testid=\"Presentation-product-detail-LowestPreviousPrice\">K\u010d<\/span><\/div>\n<div class=\"product-detail-3hwh7p\">\n<div class=\"product-detail-1ft5wox\" data-testid=\"Presentation-product-detail-cashback-text\"><\/div>\n<\/div>\n<\/div>\n<div><\/div>\n<\/div>\n<\/div>\n<\/div>\n","protected":false},"featured_media":2433,"comment_status":"closed","ping_status":"closed","template":"","meta":[],"pwb-brand":[27],"product_brand":[91],"product_cat":[15,32],"product_tag":[],"class_list":{"0":"post-2432","1":"product","2":"type-product","3":"status-publish","4":"has-post-thumbnail","6":"pwb-brand-https-cz-oriflame-com-cataloguesstorebeautyobchod","7":"product_brand-oriflame","8":"product_cat-nezarazene","9":"product_cat-pece-o-vlasy","11":"first","12":"outofstock","13":"taxable","14":"shipping-taxable","15":"purchasable","16":"product-type-simple"},"brands":[{"id":27,"name":"Oriflame","slug":"https-cz-oriflame-com-cataloguesstorebeautyobchod"}],"_links":{"self":[{"href":"https:\/\/priroda-uvadi.cz\/beauty\/wp-json\/wp\/v2\/product\/2432","targetHints":{"allow":["GET"]}}],"collection":[{"href":"https:\/\/priroda-uvadi.cz\/beauty\/wp-json\/wp\/v2\/product"}],"about":[{"href":"https:\/\/priroda-uvadi.cz\/beauty\/wp-json\/wp\/v2\/types\/product"}],"replies":[{"embeddable":true,"href":"https:\/\/priroda-uvadi.cz\/beauty\/wp-json\/wp\/v2\/comments?post=2432"}],"wp:featuredmedia":[{"embeddable":true,"href":"https:\/\/priroda-uvadi.cz\/beauty\/wp-json\/wp\/v2\/media\/2433"}],"wp:attachment":[{"href":"https:\/\/priroda-uvadi.cz\/beauty\/wp-json\/wp\/v2\/media?parent=2432"}],"wp:term":[{"taxonomy":"pwb-brand","embeddable":true,"href":"https:\/\/priroda-uvadi.cz\/beauty\/wp-json\/wp\/v2\/pwb-brand?post=2432"},{"taxonomy":"product_brand","embeddable":true,"href":"https:\/\/priroda-uvadi.cz\/beauty\/wp-json\/wp\/v2\/product_brand?post=2432"},{"taxonomy":"product_cat","embeddable":true,"href":"https:\/\/priroda-uvadi.cz\/beauty\/wp-json\/wp\/v2\/product_cat?post=2432"},{"taxonomy":"product_tag","embeddable":true,"href":"https:\/\/priroda-uvadi.cz\/beauty\/wp-json\/wp\/v2\/product_tag?post=2432"}],"curies":[{"name":"wp","href":"https:\/\/api.w.org\/{rel}","templated":true}]}}