{"id":2413,"date":"2022-01-22T10:18:37","date_gmt":"2022-01-22T09:18:37","guid":{"rendered":"https:\/\/priroda-uvadi.cz\/beauty\/?post_type=product&#038;p=2413"},"modified":"2026-03-17T10:58:39","modified_gmt":"2026-03-17T09:58:39","slug":"kosmeticka-celenka","status":"publish","type":"product","link":"https:\/\/priroda-uvadi.cz\/beauty\/produkt\/kosmeticka-celenka\/","title":{"rendered":"Kosmetick\u00e1 \u010delenka"},"content":{"rendered":"","protected":false},"excerpt":{"rendered":"<p><span style=\"font-family: arial, helvetica, sans-serif; color: #000000;\"><span class=\"goog-text-highlight\">\u010celenka pro fixaci vlas\u016f p\u0159i kosmetick\u00fdch procedur\u00e1ch.<\/span><\/span><\/p>\n<p><span style=\"font-family: arial, helvetica, sans-serif; color: #000000;\">Materi\u00e1l polyester barva b\u00edl\u00e1.<\/span><\/p>\n<p><span style=\"font-family: arial, helvetica, sans-serif; color: #000000;\">Velikost: 24 x 8 cm<\/span><\/p>\n<div class=\"woocommerce-product-details__short-description\">\n<div class=\"product-detail-1dv05e4\" data-testid=\"Presentation-product-detail-info-and-benefits\">\n<div class=\"product-detail-v4i4af\" data-testid=\"Presentation-product-detail-benefits\">\n<div class=\"woocommerce-product-details__short-description\">\n<div class=\"product-detail-v4i4af\" data-testid=\"Presentation-product-detail-benefits\">\n<div>\n<div class=\"woocommerce-product-details__short-description\">\n<div class=\"product-detail-v4i4af\" data-testid=\"Presentation-product-detail-benefits\">\n<div class=\"woocommerce-product-details__short-description\">\n<div class=\"product-detail-v4i4af\" data-testid=\"Presentation-product-detail-benefits\">\n<div class=\"woocommerce-product-details__short-description\">\n<div class=\"product-detail-v4i4af\" data-testid=\"Presentation-product-detail-benefits\">\n<div class=\"woocommerce-product-details__short-description\">\n<div class=\"product-detail-v4i4af\" data-testid=\"Presentation-product-detail-benefits\">\n<div class=\"woocommerce-product-details__short-description\">\n<div class=\"product-detail-v4i4af\" data-testid=\"Presentation-product-detail-benefits\">\n<div class=\"product-detail-o40nju\" data-testid=\"Presentation-product-detail-price-section\"><span class=\"MuiTypography-root MuiTypography-caption product-detail-8q5iga\" style=\"font-family: arial, helvetica, sans-serif; font-size: 10pt;\" data-testid=\"Presentation-product-detail-LowestPreviousPrice\">Nejni\u017e\u0161\u00ed cena platn\u00e1 ve 30 dnech p\u0159ed platnost\u00ed sou\u010dasn\u00e9 ceny byla 75 K\u010d<\/span><\/div>\n<\/div>\n<\/div>\n<\/div>\n<\/div>\n<\/div>\n<\/div>\n<\/div>\n<\/div>\n<\/div>\n<\/div>\n<\/div>\n<\/div>\n<\/div>\n<\/div>\n<\/div>\n<\/div>\n","protected":false},"featured_media":2414,"comment_status":"closed","ping_status":"closed","template":"","meta":[],"pwb-brand":[27],"product_brand":[],"product_cat":[31],"product_tag":[],"class_list":{"0":"post-2413","1":"product","2":"type-product","3":"status-publish","4":"has-post-thumbnail","6":"pwb-brand-https-cz-oriflame-com-cataloguesstorebeautyobchod","7":"product_cat-nekosmeticke-vyrobky","9":"first","10":"instock","11":"sale","12":"taxable","13":"shipping-taxable","14":"purchasable","15":"product-type-simple"},"brands":[{"id":27,"name":"Oriflame","slug":"https-cz-oriflame-com-cataloguesstorebeautyobchod"}],"_links":{"self":[{"href":"https:\/\/priroda-uvadi.cz\/beauty\/wp-json\/wp\/v2\/product\/2413","targetHints":{"allow":["GET"]}}],"collection":[{"href":"https:\/\/priroda-uvadi.cz\/beauty\/wp-json\/wp\/v2\/product"}],"about":[{"href":"https:\/\/priroda-uvadi.cz\/beauty\/wp-json\/wp\/v2\/types\/product"}],"replies":[{"embeddable":true,"href":"https:\/\/priroda-uvadi.cz\/beauty\/wp-json\/wp\/v2\/comments?post=2413"}],"wp:featuredmedia":[{"embeddable":true,"href":"https:\/\/priroda-uvadi.cz\/beauty\/wp-json\/wp\/v2\/media\/2414"}],"wp:attachment":[{"href":"https:\/\/priroda-uvadi.cz\/beauty\/wp-json\/wp\/v2\/media?parent=2413"}],"wp:term":[{"taxonomy":"pwb-brand","embeddable":true,"href":"https:\/\/priroda-uvadi.cz\/beauty\/wp-json\/wp\/v2\/pwb-brand?post=2413"},{"taxonomy":"product_brand","embeddable":true,"href":"https:\/\/priroda-uvadi.cz\/beauty\/wp-json\/wp\/v2\/product_brand?post=2413"},{"taxonomy":"product_cat","embeddable":true,"href":"https:\/\/priroda-uvadi.cz\/beauty\/wp-json\/wp\/v2\/product_cat?post=2413"},{"taxonomy":"product_tag","embeddable":true,"href":"https:\/\/priroda-uvadi.cz\/beauty\/wp-json\/wp\/v2\/product_tag?post=2413"}],"curies":[{"name":"wp","href":"https:\/\/api.w.org\/{rel}","templated":true}]}}