{"id":2373,"date":"2022-01-19T20:49:33","date_gmt":"2022-01-19T19:49:33","guid":{"rendered":"https:\/\/priroda-uvadi.cz\/beauty\/?post_type=product&#038;p=2373"},"modified":"2023-10-03T19:31:42","modified_gmt":"2023-10-03T17:31:42","slug":"houbicka-na-make-up-dual","status":"publish","type":"product","link":"https:\/\/priroda-uvadi.cz\/beauty\/produkt\/houbicka-na-make-up-dual\/","title":{"rendered":"Houbi\u010dka na make-up Dual"},"content":{"rendered":"<p><span style=\"font-family: arial, helvetica, sans-serif; color: #000000;\">Vrchn\u00ed \u010d\u00e1st je pota\u017een\u00e1 silikonem, \u010d\u00edm\u017e \u0161et\u0159\u00ed v\u00e1\u0161 tekut\u00fd make-up \u2013 m\u016f\u017eete pou\u017e\u00edt p\u0159esn\u011b tu spr\u00e1vnou d\u00e1vku. Spodn\u00ed \u010d\u00e1st b\u00e1je\u010dn\u011b poslou\u017e\u00ed k rovnom\u011brn\u00e9mu nan\u00e1\u0161en\u00ed pudrov\u00fdch p\u0159\u00edpravk\u016f, pou\u017e\u00edt ji ale m\u016f\u017eete i pro tekut\u00fd make-up.<\/span><\/p>\n<p><span style=\"font-family: arial, helvetica, sans-serif; color: #000000;\">Neobsahuje latex, prateln\u00e1.<\/span><\/p>\n","protected":false},"excerpt":{"rendered":"<p><span style=\"font-family: arial, helvetica, sans-serif; color: #000000;\">Dokonal\u00e1 aplikace make-upu.<\/span><\/p>\n<p><span style=\"font-family: arial, helvetica, sans-serif; color: #000000;\">Oboustrann\u00e1 m\u011bkk\u00e1 houbi\u010dka na make-up pro tekut\u00e9 i pudrov\u00e9 p\u0159\u00edpravky.<\/span><\/p>\n<p>&nbsp;<\/p>\n","protected":false},"featured_media":2374,"comment_status":"closed","ping_status":"closed","template":"","meta":[],"pwb-brand":[27],"product_brand":[],"product_cat":[31],"product_tag":[],"class_list":{"0":"post-2373","1":"product","2":"type-product","3":"status-publish","4":"has-post-thumbnail","6":"pwb-brand-https-cz-oriflame-com-cataloguesstorebeautyobchod","7":"product_cat-nekosmeticke-vyrobky","9":"first","10":"instock","11":"taxable","12":"shipping-taxable","13":"purchasable","14":"product-type-simple"},"brands":[{"id":27,"name":"Oriflame","slug":"https-cz-oriflame-com-cataloguesstorebeautyobchod"}],"_links":{"self":[{"href":"https:\/\/priroda-uvadi.cz\/beauty\/wp-json\/wp\/v2\/product\/2373","targetHints":{"allow":["GET"]}}],"collection":[{"href":"https:\/\/priroda-uvadi.cz\/beauty\/wp-json\/wp\/v2\/product"}],"about":[{"href":"https:\/\/priroda-uvadi.cz\/beauty\/wp-json\/wp\/v2\/types\/product"}],"replies":[{"embeddable":true,"href":"https:\/\/priroda-uvadi.cz\/beauty\/wp-json\/wp\/v2\/comments?post=2373"}],"wp:featuredmedia":[{"embeddable":true,"href":"https:\/\/priroda-uvadi.cz\/beauty\/wp-json\/wp\/v2\/media\/2374"}],"wp:attachment":[{"href":"https:\/\/priroda-uvadi.cz\/beauty\/wp-json\/wp\/v2\/media?parent=2373"}],"wp:term":[{"taxonomy":"pwb-brand","embeddable":true,"href":"https:\/\/priroda-uvadi.cz\/beauty\/wp-json\/wp\/v2\/pwb-brand?post=2373"},{"taxonomy":"product_brand","embeddable":true,"href":"https:\/\/priroda-uvadi.cz\/beauty\/wp-json\/wp\/v2\/product_brand?post=2373"},{"taxonomy":"product_cat","embeddable":true,"href":"https:\/\/priroda-uvadi.cz\/beauty\/wp-json\/wp\/v2\/product_cat?post=2373"},{"taxonomy":"product_tag","embeddable":true,"href":"https:\/\/priroda-uvadi.cz\/beauty\/wp-json\/wp\/v2\/product_tag?post=2373"}],"curies":[{"name":"wp","href":"https:\/\/api.w.org\/{rel}","templated":true}]}}