{"id":2371,"date":"2022-01-19T20:35:25","date_gmt":"2022-01-19T19:35:25","guid":{"rendered":"https:\/\/priroda-uvadi.cz\/beauty\/?post_type=product&#038;p=2371"},"modified":"2023-04-03T17:15:10","modified_gmt":"2023-04-03T15:15:10","slug":"houbicka-na-pudrovy-make-up","status":"publish","type":"product","link":"https:\/\/priroda-uvadi.cz\/beauty\/produkt\/houbicka-na-pudrovy-make-up\/","title":{"rendered":"Houbi\u010dka na pudrov\u00fd make-up"},"content":{"rendered":"<p><span style=\"font-family: arial, helvetica, sans-serif; color: #000000;\">Smo\u010dte suchou houbi\u010dku v pudru a naneste pru\u017en\u00fdm po\u0165uk\u00e1v\u00e1n\u00edm. Pro nanesen\u00ed na kontury tv\u00e1\u0159e vyu\u017eijte \u0161pi\u010dku houbi\u010dky, pro vyhlazen\u00ed do ztracena vyu\u017eijte zaoblenou stranu.<\/span><\/p>\n<p><span style=\"font-family: arial, helvetica, sans-serif; color: #000000;\">Tekut\u00fd a kr\u00e9mov\u00fd make-up a make-up v ty\u010dince<\/span><\/p>\n<p><span style=\"font-family: arial, helvetica, sans-serif; color: #000000;\">Houbi\u010dku namo\u010dte a vym\u00e1\u010dkn\u011bte z n\u00ed p\u0159ebyte\u010dnou vodu. Naneste na tv\u00e1\u0159 \u010di na ruku make-up a po\u0165uk\u00e1v\u00e1n\u00edm \u010di jemn\u00fdm p\u0159ej\u00ed\u017ed\u011bn\u00edm rozet\u0159ete na celou plochu obli\u010deje. Pro kontury tv\u00e1\u0159e vyu\u017eijte \u0161pi\u010dku houbi\u010dky, pro vyhlazen\u00ed do ztracena vyu\u017eijte zaoblenou stranu.<\/span><\/p>\n","protected":false},"excerpt":{"rendered":"<div class=\"description__content_I0dkn description__content--is-expanded_fLsfD\">\n<div><span style=\"font-family: arial, helvetica, sans-serif;\">Mimo\u0159\u00e1dn\u011b hebk\u00e1, v\u00edce\u00fa\u010delov\u00e1 kosmetick\u00e1 houbi\u010dka se sametovou vn\u011bj\u0161\u00ed vrstvou a jedine\u010dn\u011b navr\u017een\u00fdm tvarem pro optim\u00e1ln\u00ed nan\u00e1\u0161en\u00ed pudru, make-upu a bronzeru. Dos\u00e1hn\u011bte bezchybn\u00fdch v\u00fdsledk\u016f s efektem, kter\u00fd chcete, d\u00edky pou\u017eit\u00ed vlhk\u00e9 \u010di such\u00e9 houbi\u010dky a vyu\u017eit\u00ed jej\u00edch r\u016fzn\u00fdch kontur.<\/span><\/div>\n<\/div>\n","protected":false},"featured_media":2372,"comment_status":"closed","ping_status":"closed","template":"","meta":[],"pwb-brand":[27],"product_brand":[],"product_cat":[31],"product_tag":[],"class_list":{"0":"post-2371","1":"product","2":"type-product","3":"status-publish","4":"has-post-thumbnail","6":"pwb-brand-https-cz-oriflame-com-cataloguesstorebeautyobchod","7":"product_cat-nekosmeticke-vyrobky","9":"first","10":"instock","11":"taxable","12":"shipping-taxable","13":"purchasable","14":"product-type-simple"},"brands":[{"id":27,"name":"Oriflame","slug":"https-cz-oriflame-com-cataloguesstorebeautyobchod"}],"_links":{"self":[{"href":"https:\/\/priroda-uvadi.cz\/beauty\/wp-json\/wp\/v2\/product\/2371","targetHints":{"allow":["GET"]}}],"collection":[{"href":"https:\/\/priroda-uvadi.cz\/beauty\/wp-json\/wp\/v2\/product"}],"about":[{"href":"https:\/\/priroda-uvadi.cz\/beauty\/wp-json\/wp\/v2\/types\/product"}],"replies":[{"embeddable":true,"href":"https:\/\/priroda-uvadi.cz\/beauty\/wp-json\/wp\/v2\/comments?post=2371"}],"wp:featuredmedia":[{"embeddable":true,"href":"https:\/\/priroda-uvadi.cz\/beauty\/wp-json\/wp\/v2\/media\/2372"}],"wp:attachment":[{"href":"https:\/\/priroda-uvadi.cz\/beauty\/wp-json\/wp\/v2\/media?parent=2371"}],"wp:term":[{"taxonomy":"pwb-brand","embeddable":true,"href":"https:\/\/priroda-uvadi.cz\/beauty\/wp-json\/wp\/v2\/pwb-brand?post=2371"},{"taxonomy":"product_brand","embeddable":true,"href":"https:\/\/priroda-uvadi.cz\/beauty\/wp-json\/wp\/v2\/product_brand?post=2371"},{"taxonomy":"product_cat","embeddable":true,"href":"https:\/\/priroda-uvadi.cz\/beauty\/wp-json\/wp\/v2\/product_cat?post=2371"},{"taxonomy":"product_tag","embeddable":true,"href":"https:\/\/priroda-uvadi.cz\/beauty\/wp-json\/wp\/v2\/product_tag?post=2371"}],"curies":[{"name":"wp","href":"https:\/\/api.w.org\/{rel}","templated":true}]}}