{"id":2322,"date":"2022-01-18T20:30:31","date_gmt":"2022-01-18T19:30:31","guid":{"rendered":"https:\/\/priroda-uvadi.cz\/beauty\/?post_type=product&#038;p=2322"},"modified":"2025-11-13T10:32:16","modified_gmt":"2025-11-13T09:32:16","slug":"ovalny-stetec-na-make-up-giordani-gold","status":"publish","type":"product","link":"https:\/\/priroda-uvadi.cz\/beauty\/produkt\/ovalny-stetec-na-make-up-giordani-gold\/","title":{"rendered":"Ov\u00e1ln\u00fd \u0161t\u011btec na make-up Giordani Gold"},"content":{"rendered":"<div class=\"product-detail-MuiCollapse-root product-detail-MuiCollapse-entered\">\n<div class=\"product-detail-MuiCollapse-wrapper\">\n<div class=\"product-detail-MuiCollapse-wrapperInner\">\n<div role=\"region\">\n<div class=\"product-detail-MuiAccordionDetails-root product-detail-pdp7\">\n<div class=\"ingredients_s3Y2l\">\n<div class=\"wysiwyg_rcqSs\">\n<p><strong><span style=\"font-family: arial, helvetica, sans-serif; color: #000000;\">Pou\u017eit\u00ed<\/span><\/strong><\/p>\n<div class=\"product-detail-MuiCollapse-root product-detail-MuiCollapse-entered\">\n<div class=\"product-detail-MuiCollapse-wrapper\">\n<div class=\"product-detail-MuiCollapse-wrapperInner\">\n<div role=\"region\">\n<div class=\"product-detail-MuiAccordionDetails-root product-detail-pdp7\">\n<div class=\"wysiwyg_rcqSs\">\n<p><span style=\"font-family: arial, helvetica, sans-serif; color: #000000;\">Mal\u00e9 mno\u017estv\u00ed make-upu naneste na h\u0159bet ruky.<\/span><\/p>\n<p><span style=\"font-family: arial, helvetica, sans-serif; color: #000000;\">\u0160t\u011btec v n\u011bm jemn\u011b smo\u010dte a nan\u00e1\u0161ejte na tv\u00e1\u0159, za\u010dn\u011bte nosem a l\u00edcemi.<\/span><\/p>\n<p><span style=\"font-family: arial, helvetica, sans-serif; color: #000000;\">Opakujte na zbytku obli\u010deje.<\/span><\/p>\n<\/div>\n<\/div>\n<\/div>\n<\/div>\n<\/div>\n<\/div>\n<p>&nbsp;<\/p>\n<p><span style=\"font-family: arial, helvetica, sans-serif; color: #000000;\">Hybridn\u00ed dokonalost<\/span><\/p>\n<p><span style=\"font-family: arial, helvetica, sans-serif; color: #000000;\">\u0160t\u011btec je stvo\u0159en na m\u00edru na\u0161im pr\u00e9miov\u00fdm make-up\u016fm obohacen\u00fdm o pleti prosp\u011b\u0161n\u00e9 l\u00e1tky: dlouhotrvaj\u00edc\u00ed, Liquid Silk a MasterCreation.<\/span><\/p>\n<\/div>\n<\/div>\n<\/div>\n<\/div>\n<\/div>\n<\/div>\n<\/div>\n","protected":false},"excerpt":{"rendered":"<div class=\"description__content_I0dkn description__content--is-expanded_fLsfD\">\n<div>\n<p><span style=\"font-family: arial, helvetica, sans-serif;\">O\u017eivte sv\u016fj obl\u00edben\u00fd hybridn\u00ed make-up na\u0161\u00edm nov\u00fdm ov\u00e1ln\u00fdm \u0161t\u011btcem<\/span><\/p>\n<p><span style=\"font-family: arial, helvetica, sans-serif;\">Luxusn\u011b hebk\u00fd ov\u00e1ln\u00fd \u0161t\u011btec na make-up z limitovan\u00e9 edice se b\u00e1je\u010dn\u011b hod\u00ed k va\u0161emu obl\u00edben\u00e9mu make-upu Giordani Gold. Jeho velmi m\u011bkk\u00e9 \u0161t\u011btinky a zkosen\u00e9 okraje pom\u00e1haj\u00ed l\u00e9pe dotv\u00e1\u0159et plastick\u00fd efekt a p\u0159irozen\u011b make-up rozet\u0159\u00edt do ztracena.<\/span><\/p>\n<p><span style=\"font-family: arial, helvetica, sans-serif;\">Pohodln\u00fd \u00fachop pro v\u011bt\u0161\u00ed p\u0159esnost. Snadn\u00e9 \u010di\u0161t\u011bn\u00ed.<\/span><\/p>\n<div class=\"woocommerce-product-details__short-description\">\n<div>\n<div class=\"woocommerce-product-details__short-description\">\n<div class=\"products-app-emotion-1dv05e4\" data-testid=\"Presentation-product-detail-info-and-benefits\">\n<div class=\"MuiTypography-root MuiTypography-body1 products-app-emotion-fifwsr\">\n<div data-testid=\"Presentation-product-detail-benefit\">\n<div class=\"woocommerce-product-details__short-description\">\n<div class=\"woocommerce-product-details__short-description\">\n<div class=\"woocommerce-product-details__short-description\">\n<div class=\"woocommerce-product-details__short-description\">\n<div class=\"product-detail-vdfylx\">\n<div class=\"product-detail-d0oxj1\">\n<div class=\"product-detail-1yhj3ra\">\n<p class=\"product-detail-17mztir\" data-testid=\"Presentation-product-detail-LowestPreviousPrice\"><span style=\"font-family: arial, helvetica, sans-serif; font-size: 10pt;\">Nejni\u017e\u0161\u00ed cena platn\u00e1 ve 30 dnech p\u0159ed platnost\u00ed sou\u010dasn\u00e9 ceny byla 99 K\u010d<\/span><\/p>\n<\/div>\n<\/div>\n<\/div>\n<\/div>\n<\/div>\n<\/div>\n<\/div>\n<\/div>\n<\/div>\n<\/div>\n<\/div>\n<\/div>\n<div><\/div>\n<div><\/div>\n<\/div>\n<\/div>\n<\/div>\n","protected":false},"featured_media":2323,"comment_status":"closed","ping_status":"closed","template":"","meta":[],"pwb-brand":[27],"product_brand":[],"product_cat":[29],"product_tag":[],"class_list":{"0":"post-2322","1":"product","2":"type-product","3":"status-publish","4":"has-post-thumbnail","6":"pwb-brand-https-cz-oriflame-com-cataloguesstorebeautyobchod","7":"product_cat-kosmeticke-tasticky-a-kufriky","9":"first","10":"outofstock","11":"sale","12":"taxable","13":"shipping-taxable","14":"purchasable","15":"product-type-simple"},"brands":[{"id":27,"name":"Oriflame","slug":"https-cz-oriflame-com-cataloguesstorebeautyobchod"}],"_links":{"self":[{"href":"https:\/\/priroda-uvadi.cz\/beauty\/wp-json\/wp\/v2\/product\/2322","targetHints":{"allow":["GET"]}}],"collection":[{"href":"https:\/\/priroda-uvadi.cz\/beauty\/wp-json\/wp\/v2\/product"}],"about":[{"href":"https:\/\/priroda-uvadi.cz\/beauty\/wp-json\/wp\/v2\/types\/product"}],"replies":[{"embeddable":true,"href":"https:\/\/priroda-uvadi.cz\/beauty\/wp-json\/wp\/v2\/comments?post=2322"}],"wp:featuredmedia":[{"embeddable":true,"href":"https:\/\/priroda-uvadi.cz\/beauty\/wp-json\/wp\/v2\/media\/2323"}],"wp:attachment":[{"href":"https:\/\/priroda-uvadi.cz\/beauty\/wp-json\/wp\/v2\/media?parent=2322"}],"wp:term":[{"taxonomy":"pwb-brand","embeddable":true,"href":"https:\/\/priroda-uvadi.cz\/beauty\/wp-json\/wp\/v2\/pwb-brand?post=2322"},{"taxonomy":"product_brand","embeddable":true,"href":"https:\/\/priroda-uvadi.cz\/beauty\/wp-json\/wp\/v2\/product_brand?post=2322"},{"taxonomy":"product_cat","embeddable":true,"href":"https:\/\/priroda-uvadi.cz\/beauty\/wp-json\/wp\/v2\/product_cat?post=2322"},{"taxonomy":"product_tag","embeddable":true,"href":"https:\/\/priroda-uvadi.cz\/beauty\/wp-json\/wp\/v2\/product_tag?post=2322"}],"curies":[{"name":"wp","href":"https:\/\/api.w.org\/{rel}","templated":true}]}}