{"id":1783,"date":"2021-09-16T16:28:36","date_gmt":"2021-09-16T14:28:36","guid":{"rendered":"https:\/\/priroda-uvadi.cz\/beauty\/?post_type=product&#038;p=1783"},"modified":"2026-02-25T09:31:06","modified_gmt":"2026-02-25T08:31:06","slug":"ochranny-myci-gel-pro-intimni-hygienu-feminelle-s-brusinkami","status":"publish","type":"product","link":"https:\/\/priroda-uvadi.cz\/beauty\/produkt\/ochranny-myci-gel-pro-intimni-hygienu-feminelle-s-brusinkami\/","title":{"rendered":"Ochrann\u00fd myc\u00ed gel pro intimn\u00ed hygienu Feminelle s brusinkami"},"content":{"rendered":"<p><span style=\"font-family: arial, helvetica, sans-serif; color: #000000;\">O Feminelle<\/span><\/p>\n<p><span style=\"font-family: arial, helvetica, sans-serif; color: #000000;\">Ve slo\u017een\u00ed na\u0161ich produkt\u016f intimn\u00ed p\u00e9\u010de nenajdete m\u00fddlo, zato obsahuj\u00ed p\u0159irozenou kyselinu ml\u00e9\u010dnou, kter\u00e1 obnovuje pH rovnov\u00e1hu va\u0161eho t\u011bla a posiluje v\u00e1\u0161 obrann\u00fd syst\u00e9m proti podr\u00e1\u017ed\u011bn\u00edm. Obsahuje v\u00fdta\u017eek z r\u016f\u017eov\u00e9ho ibi\u0161ku, kter\u00fd v\u00e1s cel\u00fd den udr\u017e\u00ed \u010dist\u00e9 a sv\u011b\u017e\u00ed.<\/span><\/p>\n","protected":false},"excerpt":{"rendered":"<div class=\"Description_description__content__GhYzs Description_description__content--is-expanded__25XuA\">\n<div><span style=\"font-family: arial, helvetica, sans-serif; color: #000000;\">P\u0159\u00edjemn\u011b parf\u00e9movan\u00fd \u010distic\u00ed gel s v\u00fdta\u017ekem z brusinek. Obsahuje kyselinu ml\u00e9\u010dnou a extrakt z prebiotik na podporu a ochranu zdrav\u00e9ho prost\u0159ed\u00ed intimn\u00edch parti\u00ed. Dermatologicky a gynekologicky testov\u00e1no. Biologicky odbourateln\u00e9 slo\u017een\u00ed.\u00a0 300 ml<\/span><\/div>\n<div><\/div>\n<div><span style=\"font-family: arial, helvetica, sans-serif; font-size: 10pt; color: #000000;\">Nejni\u017e\u0161\u00ed cena platn\u00e1 ve 30 dnech p\u0159ed platnost\u00ed sou\u010dasn\u00e9 ceny byla 95 K\u010d.<\/span><\/div>\n<\/div>\n","protected":false},"featured_media":1785,"comment_status":"closed","ping_status":"closed","template":"","meta":[],"pwb-brand":[27],"product_brand":[91],"product_cat":[72,15,33],"product_tag":[],"class_list":{"0":"post-1783","1":"product","2":"type-product","3":"status-publish","4":"has-post-thumbnail","6":"pwb-brand-https-cz-oriflame-com-cataloguesstorebeautyobchod","7":"product_brand-oriflame","8":"product_cat-feminelle","9":"product_cat-nezarazene","10":"product_cat-sprchove-gely","12":"first","13":"instock","14":"sale","15":"taxable","16":"shipping-taxable","17":"purchasable","18":"product-type-simple"},"brands":[{"id":27,"name":"Oriflame","slug":"https-cz-oriflame-com-cataloguesstorebeautyobchod"}],"_links":{"self":[{"href":"https:\/\/priroda-uvadi.cz\/beauty\/wp-json\/wp\/v2\/product\/1783","targetHints":{"allow":["GET"]}}],"collection":[{"href":"https:\/\/priroda-uvadi.cz\/beauty\/wp-json\/wp\/v2\/product"}],"about":[{"href":"https:\/\/priroda-uvadi.cz\/beauty\/wp-json\/wp\/v2\/types\/product"}],"replies":[{"embeddable":true,"href":"https:\/\/priroda-uvadi.cz\/beauty\/wp-json\/wp\/v2\/comments?post=1783"}],"wp:featuredmedia":[{"embeddable":true,"href":"https:\/\/priroda-uvadi.cz\/beauty\/wp-json\/wp\/v2\/media\/1785"}],"wp:attachment":[{"href":"https:\/\/priroda-uvadi.cz\/beauty\/wp-json\/wp\/v2\/media?parent=1783"}],"wp:term":[{"taxonomy":"pwb-brand","embeddable":true,"href":"https:\/\/priroda-uvadi.cz\/beauty\/wp-json\/wp\/v2\/pwb-brand?post=1783"},{"taxonomy":"product_brand","embeddable":true,"href":"https:\/\/priroda-uvadi.cz\/beauty\/wp-json\/wp\/v2\/product_brand?post=1783"},{"taxonomy":"product_cat","embeddable":true,"href":"https:\/\/priroda-uvadi.cz\/beauty\/wp-json\/wp\/v2\/product_cat?post=1783"},{"taxonomy":"product_tag","embeddable":true,"href":"https:\/\/priroda-uvadi.cz\/beauty\/wp-json\/wp\/v2\/product_tag?post=1783"}],"curies":[{"name":"wp","href":"https:\/\/api.w.org\/{rel}","templated":true}]}}