{"id":1589,"date":"2021-08-05T11:55:35","date_gmt":"2021-08-05T09:55:35","guid":{"rendered":"https:\/\/priroda-uvadi.cz\/beauty\/?post_type=product&#038;p=1589"},"modified":"2026-02-03T15:10:00","modified_gmt":"2026-02-03T14:10:00","slug":"toaletni-voda-joyce-turquoise","status":"publish","type":"product","link":"https:\/\/priroda-uvadi.cz\/beauty\/produkt\/toaletni-voda-joyce-turquoise\/","title":{"rendered":"Toaletn\u00ed voda Joyce Turquoise W EDT 50ml"},"content":{"rendered":"<p><span style=\"font-family: arial, helvetica, sans-serif; color: #000000;\">\u0160\u0165avnat\u00e9 svrchn\u00ed t\u00f3ny pikantn\u00edch \u010derven\u00fdch bobul\u00ed, citronu a sladk\u00e9, k\u0159ehou\u010dk\u00e9 hru\u0161ky pozdrav\u00ed zajisk\u0159en\u00edm sv\u011b\u017eesti. S n\u00e1stupem srdce se medov\u00fd nektar modern\u00edho kv\u011btinov\u00e9ho akordu Nymphaea roztan\u010d\u00ed ve v\u00edru jasm\u00ednov\u00fdch kv\u00edtk\u016f a sladk\u00e9, pudrov\u00e9 fialky a spole\u010dn\u011b vytv\u00e1\u0159ej\u00ed pocit klidu a pokoje. V\u0161e zavr\u0161\u00ed hebk\u00e9, konej\u0161iv\u011b d\u0159evit\u00e9, zemit\u00e9 t\u00f3ny cedru, pi\u017ema a jantarov\u00fdch d\u0159evin.<\/span><\/p>\n<p><strong><span style=\"font-family: arial, helvetica, sans-serif; color: #000000;\">Kv\u011btinov\u00e1 \u2013 ovocn\u00e1 \u2013 pi\u017emov\u00e1 \u2013 zelen\u00e1<\/span><\/strong><\/p>\n<p><span style=\"font-family: arial, helvetica, sans-serif; color: #000000;\"><strong>\u00davodn\u00ed t\u00f3ny:<\/strong> \u010derven\u00e9 bobule, hru\u0161ka, citron<\/span><\/p>\n<p><span style=\"font-family: arial, helvetica, sans-serif; color: #000000;\"><strong>Srdce:<\/strong> akord Nymphaea, fialka, jasm\u00edn<\/span><\/p>\n<p><span style=\"font-family: arial, helvetica, sans-serif; color: #000000;\"><strong>Z\u00e1v\u011bre\u010dn\u00e9 t\u00f3ny:<\/strong> cedr, pi\u017emo, jantarov\u00e9 d\u0159eviny <\/span><\/p>\n<p><span style=\"font-family: arial, helvetica, sans-serif; color: #000000;\">Lahodn\u011b sladk\u00fd, l\u00e1kav\u011b medov\u00fd nektar akordu Nymphaea do v\u016fn\u011b vn\u00e1\u0161\u00ed intenzivn\u00ed explozi sv\u011b\u017eesti a jemn\u011b kv\u011btinov\u00fd, ovocn\u00fd n\u00e1dech. Jako p\u0159ekr\u00e1sn\u00fd kv\u011bt na hladin\u011b jezera ve v\u00e1s rozv\u00edj\u00ed pokojnou, klidnou inspiraci v m\u011bkce pastelov\u00fdch t\u00f3nech.<\/span><\/p>\n<p>&nbsp;<\/p>\n","protected":false},"excerpt":{"rendered":"<div class=\"Description_description__content__GhYzs Description_description__content--is-expanded__25XuA\">\n<div>\n<p><span style=\"font-family: arial, helvetica, sans-serif; color: #000000;\">Nevzd\u00e1vejte se sv\u00e9 zv\u011bdavosti a nechte se inspirovat touto k\u0159ehce jisk\u0159ivou toaletn\u00ed vodou.<\/span><\/p>\n<p><span style=\"font-family: arial, helvetica, sans-serif; color: #000000;\">Jej\u00ed lehk\u00fd, vzdu\u0161n\u00fd dotek rozhost\u00ed poklidnou atmosf\u00e9ru, zat\u00edmco \u0161\u0165avnat\u00e9 svrchn\u00ed t\u00f3ny roztan\u010d\u00ed tich\u00e9 jezero melodi\u00ed modern\u00edho akordu Nymphaea.<\/span><\/p>\n<p><span style=\"font-family: arial, helvetica, sans-serif; color: #000000;\">Klidn\u00e1 a p\u0159itom povzbudiv\u00e1 v\u016fn\u011b rozkv\u00e9t\u00e1 sladk\u00fdm, hebou\u010dk\u00fdm oparem, kter\u00fd evokuje jemn\u00e9, pastelov\u00e9 barvy. \u00a0 50ml<\/span><\/p>\n<div class=\"woocommerce-product-details__short-description\">\n<div class=\"products-app-emotion-1xez6c\">\n<div class=\"woocommerce-product-details__short-description\">\n<p><span class=\"MuiTypography-root MuiTypography-caption product-detail-8q5iga\" style=\"font-family: arial, helvetica, sans-serif; font-size: 10pt; color: #000000;\" data-testid=\"Presentation-product-detail-LowestPreviousPrice\">Nejni\u017e\u0161\u00ed cena platn\u00e1 ve 30 dnech p\u0159ed platnost\u00ed sou\u010dasn\u00e9 ceny byla 199 K\u010d<\/span><\/p>\n<\/div>\n<\/div>\n<\/div>\n<\/div>\n<\/div>\n","protected":false},"featured_media":1590,"comment_status":"closed","ping_status":"closed","template":"","meta":[],"pwb-brand":[27],"product_brand":[91],"product_cat":[17],"product_tag":[],"class_list":{"0":"post-1589","1":"product","2":"type-product","3":"status-publish","4":"has-post-thumbnail","6":"pwb-brand-https-cz-oriflame-com-cataloguesstorebeautyobchod","7":"product_brand-oriflame","8":"product_cat-vune-zeny","10":"first","11":"instock","12":"sale","13":"taxable","14":"shipping-taxable","15":"purchasable","16":"product-type-simple"},"brands":[{"id":27,"name":"Oriflame","slug":"https-cz-oriflame-com-cataloguesstorebeautyobchod"}],"_links":{"self":[{"href":"https:\/\/priroda-uvadi.cz\/beauty\/wp-json\/wp\/v2\/product\/1589","targetHints":{"allow":["GET"]}}],"collection":[{"href":"https:\/\/priroda-uvadi.cz\/beauty\/wp-json\/wp\/v2\/product"}],"about":[{"href":"https:\/\/priroda-uvadi.cz\/beauty\/wp-json\/wp\/v2\/types\/product"}],"replies":[{"embeddable":true,"href":"https:\/\/priroda-uvadi.cz\/beauty\/wp-json\/wp\/v2\/comments?post=1589"}],"wp:featuredmedia":[{"embeddable":true,"href":"https:\/\/priroda-uvadi.cz\/beauty\/wp-json\/wp\/v2\/media\/1590"}],"wp:attachment":[{"href":"https:\/\/priroda-uvadi.cz\/beauty\/wp-json\/wp\/v2\/media?parent=1589"}],"wp:term":[{"taxonomy":"pwb-brand","embeddable":true,"href":"https:\/\/priroda-uvadi.cz\/beauty\/wp-json\/wp\/v2\/pwb-brand?post=1589"},{"taxonomy":"product_brand","embeddable":true,"href":"https:\/\/priroda-uvadi.cz\/beauty\/wp-json\/wp\/v2\/product_brand?post=1589"},{"taxonomy":"product_cat","embeddable":true,"href":"https:\/\/priroda-uvadi.cz\/beauty\/wp-json\/wp\/v2\/product_cat?post=1589"},{"taxonomy":"product_tag","embeddable":true,"href":"https:\/\/priroda-uvadi.cz\/beauty\/wp-json\/wp\/v2\/product_tag?post=1589"}],"curies":[{"name":"wp","href":"https:\/\/api.w.org\/{rel}","templated":true}]}}