{"id":1577,"date":"2021-08-05T10:46:52","date_gmt":"2021-08-05T08:46:52","guid":{"rendered":"https:\/\/priroda-uvadi.cz\/beauty\/?post_type=product&#038;p=1577"},"modified":"2026-04-23T10:58:22","modified_gmt":"2026-04-23T08:58:22","slug":"parfemovana-voda-magnetista","status":"publish","type":"product","link":"https:\/\/priroda-uvadi.cz\/beauty\/produkt\/parfemovana-voda-magnetista\/","title":{"rendered":"Magnetista W EDP 50 ml"},"content":{"rendered":"<div class=\"Wysiwyg_wysiwyg__2s0pn\">\n<p><span style=\"font-family: arial, helvetica, sans-serif; color: #000000;\">V\u016fn\u011b Magnetista se rozv\u00edj\u00ed jako vzr\u016fstaj\u00edc\u00ed p\u0159ita\u017elivost mezi dv\u011bma lidmi. Otev\u00edraj\u00ed ji sv\u011b\u017e\u00ed \u0161armantn\u00ed t\u00f3ny orosen\u00fdch kv\u011bt\u016f pomeran\u010dovn\u00edku, r\u016f\u017eov\u00e9ho pep\u0159e a \u010dern\u00e9ho ryb\u00edzu, kter\u00e9 p\u0159ech\u00e1zej\u00ed do omamn\u00e9ho kv\u011btinov\u00e9ho srdce, jemu\u017e dominuje akord mu\u010denky. V dozn\u011bn\u00ed vynikaj\u00ed v\u0159el\u00e9, smysln\u00e9 t\u00f3ny smetanov\u00fdch d\u0159evin, pi\u017ema, santalov\u00e9ho d\u0159eva a n\u00e1vykov\u00e9 vanilky.<\/span><\/p>\n<p><strong><span style=\"font-family: arial, helvetica, sans-serif; color: #000000;\">RODINA V\u016eN\u011a<\/span><\/strong><\/p>\n<p><span style=\"font-family: arial, helvetica, sans-serif; color: #000000;\">Orient\u00e1ln\u00ed kv\u011btinov\u00e1<\/span><\/p>\n<p><strong><span style=\"font-family: arial, helvetica, sans-serif; color: #000000;\">KL\u00cd\u010cOV\u00dd T\u00d3N<\/span><\/strong><\/p>\n<p><span style=\"font-family: arial, helvetica, sans-serif; color: #000000;\">Akord kv\u011btu mu\u010denky<\/span><\/p>\n<p><strong><span style=\"font-family: arial, helvetica, sans-serif; color: #000000;\">P\u0158\u00cdB\u011aH KL\u00cd\u010cOV\u00c9HO T\u00d3NU<\/span><\/strong><\/p>\n<p><span style=\"font-family: arial, helvetica, sans-serif; color: #000000;\">Akord mu\u010denky tvo\u0159\u00ed z\u00e1\u0159iv\u00e9 sametov\u00e9 t\u00f3ny inspirovan\u00e9 elektrizuj\u00edc\u00edm\u00ed hypnotick\u00fdmi barvami t\u00e9to n\u00e1dhern\u00e9 kv\u011btiny. Na\u0161im dv\u011bma mistryn\u00edm parfum\u00e9rk\u00e1m, Alienor a Emilie, se poda\u0159ilo zachytit neuv\u011b\u0159itelnou v\u016fni t\u00e9to kv\u011btiny a vyvinout akord, kter\u00fd se stal tajemstv\u00edm t\u00e9to v\u016fn\u011b. Obsahuje chrysin, rostlinnou slou\u010deninu zvy\u0161uj\u00edc\u00ed testosteronovou odezvu, d\u00edky kter\u00e9 pom\u00e1h\u00e1 probudit a stimulovat smysly.<\/span><\/p>\n<p><strong><span style=\"font-family: arial, helvetica, sans-serif; color: #000000;\">PYRAMIDA V\u016eN\u011a<\/span><\/strong><\/p>\n<p><span style=\"font-family: arial, helvetica, sans-serif; color: #000000;\"><strong>Hlava:<\/strong> \u010dern\u00fd ryb\u00edz<\/span><\/p>\n<p><span style=\"font-family: arial, helvetica, sans-serif; color: #000000;\"><strong>Srdce:<\/strong> akord kv\u011btu mu\u010denky<\/span><\/p>\n<p><span style=\"font-family: arial, helvetica, sans-serif; color: #000000;\"><strong>T\u011blo:<\/strong> santalov\u00e9 d\u0159evo<\/span><\/p>\n<p><span style=\"font-family: arial, helvetica, sans-serif; color: #000000;\"><strong>\u00daVODN\u00cd T\u00d3NY:<\/strong> orosen\u00fd kv\u011bt pomeran\u010dovn\u00edku, r\u016f\u017eov\u00fd pep\u0159, \u010dern\u00fd ryb\u00edz<\/span><\/p>\n<p><span style=\"font-family: arial, helvetica, sans-serif; color: #000000;\"><strong>SRDCE V\u016eN\u011a:<\/strong> akord kv\u011btu mu\u010denky, jasm\u00edn kv\u011bt broskvon\u011b<\/span><\/p>\n<p><span style=\"font-family: arial, helvetica, sans-serif; color: #000000;\"><strong>DOZN\u011aN\u00cd:<\/strong> pi\u017emo, santalov\u00e9 d\u0159evo, vanilka<\/span><\/p>\n<\/div>\n","protected":false},"excerpt":{"rendered":"<p><span style=\"font-family: arial, helvetica, sans-serif; color: #000000;\">Odhalte s\u00edlu p\u0159ita\u017elivosti s touto mimo\u0159\u00e1dnou parf\u00e9movanou vodou. <\/span><\/p>\n<p><span style=\"font-family: arial, helvetica, sans-serif; color: #000000;\">Modern\u00ed a skute\u010dn\u011b okouzluj\u00edc\u00ed v\u016fni Magnetista vyvinuly dv\u011b mistryn\u011b parfum\u00e9rky specificky tak, abyste se s n\u00ed c\u00edtila neodolateln\u011b. Jde o historicky prvn\u00ed v\u016fni, u kter\u00e9 neurobiologie prok\u00e1zala zv\u00fd\u0161enou p\u0159ita\u017elivost u mu\u017e\u016f. 50ml<\/span><\/p>\n<div class=\"woocommerce-product-details__short-description\">\n<div class=\"product-detail-o40nju\" data-testid=\"Presentation-product-detail-price-section\"><span class=\"MuiTypography-root MuiTypography-caption product-detail-8q5iga\" style=\"font-family: arial, helvetica, sans-serif; font-size: 10pt;\" data-testid=\"Presentation-product-detail-LowestPreviousPrice\">Nejni\u017e\u0161\u00ed cena platn\u00e1 ve 30 dnech p\u0159ed platnost\u00ed sou\u010dasn\u00e9 ceny byla 529 K\u010d<\/span><\/div>\n<div class=\"product-detail-3hwh7p\">\n<div class=\"product-detail-7uumlc\">\n<div class=\"OriMuiSplitButton-content product-detail-ek14be\">\n<div class=\"OriMuiCounter-root OriMuiCounter-sizeLarge OriMuiCounter-colorDefault OriMuiCounter-variantText OriMuiCounter-textDefaultLarge OriMuiCounter-textDefault product-detail-1klbuux\" data-testid=\"Presentation-product-detail-buy-button-counter\"><\/div>\n<\/div>\n<\/div>\n<\/div>\n<\/div>\n","protected":false},"featured_media":1578,"comment_status":"closed","ping_status":"closed","template":"","meta":[],"pwb-brand":[27],"product_brand":[91],"product_cat":[17],"product_tag":[],"class_list":{"0":"post-1577","1":"product","2":"type-product","3":"status-publish","4":"has-post-thumbnail","6":"pwb-brand-https-cz-oriflame-com-cataloguesstorebeautyobchod","7":"product_brand-oriflame","8":"product_cat-vune-zeny","10":"first","11":"outofstock","12":"sale","13":"taxable","14":"shipping-taxable","15":"purchasable","16":"product-type-simple"},"brands":[{"id":27,"name":"Oriflame","slug":"https-cz-oriflame-com-cataloguesstorebeautyobchod"}],"_links":{"self":[{"href":"https:\/\/priroda-uvadi.cz\/beauty\/wp-json\/wp\/v2\/product\/1577","targetHints":{"allow":["GET"]}}],"collection":[{"href":"https:\/\/priroda-uvadi.cz\/beauty\/wp-json\/wp\/v2\/product"}],"about":[{"href":"https:\/\/priroda-uvadi.cz\/beauty\/wp-json\/wp\/v2\/types\/product"}],"replies":[{"embeddable":true,"href":"https:\/\/priroda-uvadi.cz\/beauty\/wp-json\/wp\/v2\/comments?post=1577"}],"wp:featuredmedia":[{"embeddable":true,"href":"https:\/\/priroda-uvadi.cz\/beauty\/wp-json\/wp\/v2\/media\/1578"}],"wp:attachment":[{"href":"https:\/\/priroda-uvadi.cz\/beauty\/wp-json\/wp\/v2\/media?parent=1577"}],"wp:term":[{"taxonomy":"pwb-brand","embeddable":true,"href":"https:\/\/priroda-uvadi.cz\/beauty\/wp-json\/wp\/v2\/pwb-brand?post=1577"},{"taxonomy":"product_brand","embeddable":true,"href":"https:\/\/priroda-uvadi.cz\/beauty\/wp-json\/wp\/v2\/product_brand?post=1577"},{"taxonomy":"product_cat","embeddable":true,"href":"https:\/\/priroda-uvadi.cz\/beauty\/wp-json\/wp\/v2\/product_cat?post=1577"},{"taxonomy":"product_tag","embeddable":true,"href":"https:\/\/priroda-uvadi.cz\/beauty\/wp-json\/wp\/v2\/product_tag?post=1577"}],"curies":[{"name":"wp","href":"https:\/\/api.w.org\/{rel}","templated":true}]}}