{"id":1534,"date":"2021-07-31T10:42:15","date_gmt":"2021-07-31T08:42:15","guid":{"rendered":"https:\/\/priroda-uvadi.cz\/beauty\/?post_type=product&#038;p=1534"},"modified":"2025-11-26T12:24:02","modified_gmt":"2025-11-26T11:24:02","slug":"tekute-mydlo-s-citronem-a-verbenou-essense-co","status":"publish","type":"product","link":"https:\/\/priroda-uvadi.cz\/beauty\/produkt\/tekute-mydlo-s-citronem-a-verbenou-essense-co\/","title":{"rendered":"Tekut\u00e9 m\u00fddlo s citr\u00f3nem a verbenou Essense &#038; Co, 300ml"},"content":{"rendered":"<p><span style=\"font-family: arial, helvetica, sans-serif; color: #000000;\">Essence&amp;Co. kombinuje nejkvalitn\u011bj\u0161\u00ed p\u0159\u00edrodn\u00ed esenci\u00e1ln\u00ed oleje, pr\u00e9miov\u00e9 v\u016fn\u011b, p\u0159epychov\u00e9 textury, elegantn\u00ed balen\u00ed a p\u0159edstavuje \u010dist\u00fd po\u017eitek. Objevte novou kolekci napln\u011bnou smyslnou kombinac\u00ed m\u00e1ku a vanilky. <\/span><\/p>\n<p><span style=\"font-family: arial, helvetica, sans-serif; color: #000000;\">Dokonal\u00e9 pot\u011b\u0161en\u00ed pro poko\u017eku i smysly!<\/span><\/p>\n<p>&#8212;&#8212;&#8212;&#8212;&#8212;&#8212;&#8212;&#8212;&#8212;&#8212;&#8212;&#8212;&#8212;&#8212;&#8212;&#8212;&#8212;&#8212;&#8212;&#8212;&#8212;&#8212;&#8212;&#8212;&#8212;&#8212;&#8212;&#8212;&#8212;&#8212;&#8212;&#8212;&#8212;&#8212;&#8212;&#8212;&#8212;<\/p>\n<p><span style=\"font-family: arial, helvetica, sans-serif; font-size: 10pt;\">INGREDIENCE<\/span><\/p>\n<p><span style=\"font-family: arial, helvetica, sans-serif; font-size: 10pt;\">AQUA, SODIUM LAURETH SULFATE, GLYCERIN, SODIUM CHLORIDE, COCAMIDOPROPYL BETAINE, LAURETH-3, PARFUM, LIMONENE, HEXYL CINNAMAL, CITRIC ACID, CITRAL, LINALOOL, 2-BROMO-2-NITROPROPANE-1,3-DIOL, HYDROXYCITRONELLAL, CUPRESSUS SEMPERVIRENS OIL, SODIUM CITRATE, VERBENA OFFICINALIS LEAF EXTRACT, CITRUS LIMON PEEL OIL, PHENOXYETHANOL, POTASSIUM SORBATE, SODIUM BENZOATE<\/span><\/p>\n","protected":false},"excerpt":{"rendered":"<div class=\"Description_description__content__GhYzs Description_description__content--is-expanded__25XuA\">\n<div><span style=\"font-family: arial, helvetica, sans-serif; color: #000000;\">Tekut\u00e9 m\u00fddlo s energickou v\u016fn\u00ed obsahuje p\u0159\u00edrodn\u00ed esenci\u00e1ln\u00ed oleje. Slo\u017een\u00ed hydratuje poko\u017eku a provon\u00ed ji povzbuzuj\u00edc\u00edmi t\u00f3ny citr\u00f3nu a verbeny. Luxusn\u00ed zvl\u00e1\u010d\u0148uj\u00edc\u00ed receptura je vhodn\u00e1 pro suchou poko\u017eku a dostate\u010dn\u011b jemn\u00e1 pro ka\u017edodenn\u00ed pou\u017eit\u00ed. <\/span><\/div>\n<div><span style=\"font-family: arial, helvetica, sans-serif; color: #000000;\">Dermatologicky testov\u00e1no.\u00a0 300ml<\/span><\/div>\n<div>\n<div class=\"woocommerce-product-details__short-description\">\n<div class=\"woocommerce-product-details__short-description\">\n<p><span style=\"font-family: arial, helvetica, sans-serif; font-size: 10pt;\">Nejni\u017e\u0161\u00ed cena platn\u00e1 ve 30 dnech p\u0159ed platnost\u00ed sou\u010dasn\u00e9 ceny byla 180 K\u010d.<\/span><\/p>\n<\/div>\n<\/div>\n<\/div>\n<\/div>\n","protected":false},"featured_media":1535,"comment_status":"closed","ping_status":"closed","template":"","meta":[],"pwb-brand":[27],"product_brand":[],"product_cat":[15,33],"product_tag":[],"class_list":{"0":"post-1534","1":"product","2":"type-product","3":"status-publish","4":"has-post-thumbnail","6":"pwb-brand-https-cz-oriflame-com-cataloguesstorebeautyobchod","7":"product_cat-nezarazene","8":"product_cat-sprchove-gely","10":"first","11":"instock","12":"sale","13":"taxable","14":"shipping-taxable","15":"purchasable","16":"product-type-simple"},"brands":[{"id":27,"name":"Oriflame","slug":"https-cz-oriflame-com-cataloguesstorebeautyobchod"}],"_links":{"self":[{"href":"https:\/\/priroda-uvadi.cz\/beauty\/wp-json\/wp\/v2\/product\/1534","targetHints":{"allow":["GET"]}}],"collection":[{"href":"https:\/\/priroda-uvadi.cz\/beauty\/wp-json\/wp\/v2\/product"}],"about":[{"href":"https:\/\/priroda-uvadi.cz\/beauty\/wp-json\/wp\/v2\/types\/product"}],"replies":[{"embeddable":true,"href":"https:\/\/priroda-uvadi.cz\/beauty\/wp-json\/wp\/v2\/comments?post=1534"}],"wp:featuredmedia":[{"embeddable":true,"href":"https:\/\/priroda-uvadi.cz\/beauty\/wp-json\/wp\/v2\/media\/1535"}],"wp:attachment":[{"href":"https:\/\/priroda-uvadi.cz\/beauty\/wp-json\/wp\/v2\/media?parent=1534"}],"wp:term":[{"taxonomy":"pwb-brand","embeddable":true,"href":"https:\/\/priroda-uvadi.cz\/beauty\/wp-json\/wp\/v2\/pwb-brand?post=1534"},{"taxonomy":"product_brand","embeddable":true,"href":"https:\/\/priroda-uvadi.cz\/beauty\/wp-json\/wp\/v2\/product_brand?post=1534"},{"taxonomy":"product_cat","embeddable":true,"href":"https:\/\/priroda-uvadi.cz\/beauty\/wp-json\/wp\/v2\/product_cat?post=1534"},{"taxonomy":"product_tag","embeddable":true,"href":"https:\/\/priroda-uvadi.cz\/beauty\/wp-json\/wp\/v2\/product_tag?post=1534"}],"curies":[{"name":"wp","href":"https:\/\/api.w.org\/{rel}","templated":true}]}}