{"id":1443,"date":"2021-07-06T10:34:50","date_gmt":"2021-07-06T08:34:50","guid":{"rendered":"https:\/\/priroda-uvadi.cz\/beauty\/?post_type=product&#038;p=1443"},"modified":"2026-01-06T18:08:39","modified_gmt":"2026-01-06T17:08:39","slug":"nocni-intenzivne-revitalizacni-pletova-maska-novage","status":"publish","type":"product","link":"https:\/\/priroda-uvadi.cz\/beauty\/produkt\/nocni-intenzivne-revitalizacni-pletova-maska-novage\/","title":{"rendered":"No\u010dn\u00ed intenzivn\u011b revitaliza\u010dn\u00ed ple\u0165ov\u00e1 maska NovAge+ 50ml"},"content":{"rendered":"<div class=\"Gallery_gallery__24Qt_\">\n<div class=\"swiper-container swiper-container-initialized swiper-container-horizontal swiper-container-pointer-events\">\n<div class=\"swiper-wrapper\">\n<div class=\"swiper-slide\">\n<div class=\"AppShell-pdp16 AppShell-pdp12 AppShell-pdp11 AppShell-pdp14 AppShell-pdp10 AppShell-pdp13 AppShell-pdp20 AppShell-pdp17\">\n<p><span style=\"font-family: arial, helvetica, sans-serif;\">No\u010dn\u00ed intenzivn\u011b revitaliza\u010dn\u00ed ple\u0165ov\u00e1 maska Novage+ je omlazuj\u00edc\u00ed maska sn\u016f, kter\u00e1 v\u00fdrazn\u011b redukuje zn\u00e1mky \u00fanavy a st\u00e1rnut\u00ed a nav\u00edc p\u0159es noc okam\u017eit\u011b podpo\u0159\u00ed hydrataci \u2013 poko\u017eka je r\u00e1no vy\u017eiven\u00e1 a nabit\u00e1 novou energi\u00ed. Jako osmihodinov\u00fd sp\u00e1nek pro kr\u00e1su a mladistv\u011bj\u0161\u00ed ple\u0165, kter\u00e1 z\u00e1\u0159\u00ed zdrav\u00edm.<\/span><\/p>\n<p><span style=\"font-family: arial, helvetica, sans-serif;\"><strong>Po 1.<\/strong>\u00a0pou\u017eit\u00ed:<\/span><br \/>\n<span style=\"font-family: arial, helvetica, sans-serif;\">95 % souhlas\u00ed, \u017ee ple\u0165 je pocitov\u011b heb\u010d\u00ed*<\/span><\/p>\n<p><span style=\"font-family: arial, helvetica, sans-serif;\">91 % souhlas\u00ed, \u017ee ple\u0165 je do hloubky vy\u017eiven\u00e1*<\/span><\/p>\n<p><span style=\"font-family: arial, helvetica, sans-serif;\">89 % souhlas\u00ed, \u017ee ple\u0165 je celou noc intenzivn\u011b hydratovan\u00e1*<\/span><\/p>\n<p>&nbsp;<\/p>\n<p><span style=\"font-family: arial, helvetica, sans-serif;\">S\u00edlu masce dod\u00e1v\u00e1 kyselina hyaluronov\u00e1, do hloubky vy\u017eivuj\u00edc\u00ed olej Inca Inchi a m\u00e1slo cupua\u00e7u. Bohat\u00e1, kr\u00e9mov\u00e1 textura se do pleti vp\u00edj\u00ed jako sen a rychle se vst\u0159eb\u00e1v\u00e1 (jin\u00fdmi slovy: \u017e\u00e1dn\u00e9 mastn\u00e9 otisky na pol\u0161t\u00e1\u0159i).<\/span><\/p>\n<p><span style=\"font-family: arial, helvetica, sans-serif;\">Vhodn\u00e9 pro v\u0161echny typy pleti. Dermatologicky testo\u00e1no. S n\u00e1dhernou v\u016fn\u00ed, kter\u00e1 pom\u00e1h\u00e1 vytvo\u0159it v\u011bdom\u00fd okam\u017eik p\u00e9\u010de o sebe.<\/span><\/p>\n<p><span style=\"font-family: arial, helvetica, sans-serif; color: #000000;\"><strong>IKONA Novage+<\/strong><\/span><br \/>\n<span style=\"font-family: arial, helvetica, sans-serif; color: #000000;\">Tento omlazuj\u00edc\u00ed zachr\u00e1nce pleti proslul intenzivn\u011b p\u011bstic\u00ed p\u00e9\u010d\u00ed o stresovanou, unavenou poko\u017eku d\u00edky hloubkov\u00e9 hydrataci a svou schopnost\u00ed ple\u0165 p\u0159es noc proz\u00e1\u0159it dos\u00e1hl kultovn\u00edho statusu.<\/span><\/p>\n<p><span style=\"font-family: arial, helvetica, sans-serif; color: #000000;\"><strong>Co o sv\u00e9 Novage+ IKON\u011a \u0159\u00edkaj\u00ed ostatn\u00ed:<\/strong><\/span><br \/>\n<span style=\"font-family: arial, helvetica, sans-serif; color: #000000;\"><em>\u201eJe to kosmetick\u00fd z\u00e1zrak&#8230; Moje ple\u0165 je\u0161t\u011b nikdy nebyla tak hladk\u00e1 a sv\u011b\u017e\u00ed! Tuhle masku miluji!\u201c\u2028\u201eJe fantastick\u00e9, probouzet se s je\u0161t\u011b proz\u00e1\u0159en\u011bj\u0161\u00ed, mladistv\u011bj\u0161\u00ed plet\u00ed!\u201c\u2028\u201e\u00da\u017easn\u00e1 no\u010dn\u00ed maska s rychl\u00fdmi v\u00fdsledky \u2013 a s ka\u017ed\u00fdm pou\u017eit\u00edm je zlep\u0161en\u00ed je\u0161t\u011b v\u00fdrazn\u011bj\u0161\u00ed, miluju j\u00ed!\u201c<\/em><\/span><\/p>\n<p><span style=\"font-family: arial, helvetica, sans-serif;\"><small>*Spot\u0159ebitelsky testov\u00e1no na 117 \u017een\u00e1ch ve v\u011bku 35-50 let, kter\u00e9 masku pou\u017e\u00edvaly 14 dn\u00ed<\/small><\/span><br \/>\n<span style=\"font-family: arial, helvetica, sans-serif;\"><sup>\u0394<\/sup><small>\u00a0Klinicky testov\u00e1no na 20 \u017een\u00e1ch ve v\u011bku 26-65 let<\/small><\/span><br \/>\n<span style=\"font-family: arial, helvetica, sans-serif;\"><small>Nevy\u017e\u00e1dan\u00fd koment\u00e1\u0159 spot\u0159ebitele<\/small><\/span><\/p>\n<\/div>\n<\/div>\n<div><\/div>\n<div><strong><span style=\"font-family: arial, helvetica, sans-serif; color: #000000;\">POU\u017dIT\u00cd<\/span><\/strong><\/div>\n<div>\n<p><span style=\"font-family: arial, helvetica, sans-serif; color: #000000;\">Pou\u017e\u00edvejte dvakr\u00e1t t\u00fddn\u011b po aplikaci no\u010dn\u00edho kr\u00e9mu. Rozet\u0159ete \u0161pi\u010dkami prst\u016f (nebo \u0161pachtli\u010dkou) a pak vmas\u00edrujte do pleti tv\u00e1\u0159e a krku jemn\u00fdmi pohyby sm\u011brem ven. Vyh\u00fdbejte se o\u010dn\u00edmu okol\u00ed. Neoplachujte.<\/span><\/p>\n<p><span style=\"font-family: arial, helvetica, sans-serif; color: #000000;\">Nejlep\u0161\u00edch v\u00fdsledk\u016f dos\u00e1hnete p\u0159i pou\u017e\u00edv\u00e1n\u00ed no\u010dn\u00ed intenzivn\u011b revitaliza\u010dn\u00ed ple\u0165ov\u00e9 masky Novage+ spolu s ritu\u00e1lem p\u00e9\u010de o ple\u0165 Novage+.<\/span><\/p>\n<div class=\"products-app-emotion-oj2xir\" data-testid=\"Presentation-product-detail-wysiwyg\">\n<p><span style=\"font-family: arial, helvetica, sans-serif; color: #000000;\">S\u00cdLA KYSELINY HYALURONOV\u00c9, OLEJE INCA INCHI, M\u00c1SLA CUPUA\u00c7U + BETAINU<\/span><\/p>\n<p><span style=\"font-family: arial, helvetica, sans-serif; color: #000000;\">Vy\u017eivuj\u00edc\u00ed kr\u00e9m na b\u00e1zi vody vytv\u00e1\u0159\u00ed ochrannou vrstvu, kter\u00e1 ple\u0165 vyhlazuje a dod\u00e1v\u00e1 j\u00ed hebkost.<\/span><\/p>\n<p><span style=\"font-family: arial, helvetica, sans-serif; color: #000000;\"><strong>+ Kyselina hyaluronov\u00e1<\/strong>\u00a0vypl\u0148uje a vyhlazuje texturu pleti a p\u0159in\u00e1\u0161\u00ed hloubkovou hydrataci pro jemnou, vl\u00e1\u010dnou, mladistvou poko\u017eku. Tato \u0161pi\u010dkov\u00e1 omlazuj\u00edc\u00ed a zvlh\u010duj\u00edc\u00ed p\u0159\u00edsada tak\u00e9 udr\u017euje pru\u017enost, pevnost a s\u00edlu pleti a pom\u00e1h\u00e1 redukovat viditelnost jemn\u00fdch linek a vr\u00e1sek.<\/span><\/p>\n<p><span style=\"font-family: arial, helvetica, sans-serif;\"><strong>+ Olej Inca Inchi<\/strong>\u00a0obnovuje pru\u017enost pleti a b\u011bhem noci ji vy\u017eivuje a obnovuje vy\u010derpan\u00e9 z\u00e1soby. Obsahuje bohatstv\u00ed \u017eivin, mastn\u00fdch kyselin (omega 3 a omega 6) a siln\u00fd antioxidant vitamin E. Tento bio olej ple\u0165 posiluje a udr\u017euje ji pru\u017enou a nav\u00edc chr\u00e1n\u00ed i ko\u017en\u00ed bari\u00e9ru \u2013 zlep\u0161uje hladinu zvlh\u010den\u00ed a p\u0159edch\u00e1z\u00ed projev\u016fm p\u0159ed\u010dasn\u00e9ho st\u00e1rnut\u00ed.<\/span><\/p>\n<p><span style=\"font-family: arial, helvetica, sans-serif;\"><strong>+ M\u00e1slo cupua\u00e7u<\/strong>\u00a0se postar\u00e1 o hloubkovou v\u00fd\u017eivu pleti, kterou vypl\u0148uje a proz\u00e1\u0159\u00ed. Je bohat\u00fdm zdrojem esenci\u00e1ln\u00edch mastn\u00fdch kyselin, ochrann\u00fdch antioxidant\u016f a fytosterol\u016f a pom\u00e1h\u00e1 na bun\u011b\u010dn\u00e9 \u00farovni posilovat ko\u017en\u00ed bari\u00e9ru, uzamyk\u00e1 v pleti hydrataci a tak podporuje jej\u00ed pru\u017enost.<\/span><\/p>\n<p><span style=\"font-family: arial, helvetica, sans-serif;\"><strong>+ Betain<\/strong>\u00a0vyva\u017euje hydrataci pleti a br\u00e1n\u00ed jej\u00edmu \u00faniku. Tato zvlh\u010duj\u00edc\u00ed p\u0159\u00edsada odvozen\u00e1 od aminokyseliny otimalizuje vyv\u00e1\u017eenost vodn\u00edho hospod\u00e1\u0159stv\u00ed pleti a pom\u00e1h\u00e1 chr\u00e1nit integritu ko\u017en\u00edch bun\u011bk. Betain je udr\u017eiteln\u00fdm zp\u016fsobem z\u00edsk\u00e1v\u00e1n z cukrov\u00e9 \u0159epy a proch\u00e1z\u00ed intenzivn\u00edm pro\u010di\u0161t\u011bn\u00edm, je zn\u00e1m\u00fd jako\u00a0<em>osmoprotektant<\/em>.<\/span><\/p>\n<p><span style=\"font-family: arial, helvetica, sans-serif;\">ETICK\u00c1 RECEPTURA<\/span><\/p>\n<p><span style=\"font-family: arial, helvetica, sans-serif;\">Bez paraben\u016f a miner\u00e1ln\u00edch olej\u016f<\/span><\/p>\n<p><span style=\"font-family: arial, helvetica, sans-serif;\">Sklen\u011bn\u00e1 n\u00e1doba tvo\u0159ena z 25 % PCR.<\/span><\/p>\n<p><strong><span style=\"font-family: arial, helvetica, sans-serif; color: #000000;\">O NOVAGE+<\/span><\/strong><\/p>\n<p><span style=\"font-family: arial, helvetica, sans-serif; color: #000000;\">Ritu\u00e1ly Novage+ posouvaj\u00ed vrstven\u00ed produkt\u016f na dal\u0161\u00ed \u00farove\u0148 a poskytuj\u00ed va\u0161\u00ed pleti v\u00edce. Ka\u017ed\u00fd produkt je navr\u017een tak, aby fungoval v dokonal\u00e9 synchronizaci s va\u0161\u00ed poko\u017ekou \u2013 a navz\u00e1jem \u2013 pro optim\u00e1ln\u00ed v\u00fdsledky. Celkov\u00fd v\u00fdkon pleti v pouh\u00fdch \u010dty\u0159ech kroc\u00edch. Postupujte podle ritu\u00e1lu dvakr\u00e1t denn\u011b ka\u017ed\u00fd den, a uvid\u00edte v\u00edce v\u00fdsledk\u016f \u2013 rychleji.<\/span><\/p>\n<p>&#8212;&#8212;&#8212;&#8212;&#8212;&#8212;&#8212;&#8212;&#8212;&#8212;&#8212;&#8212;&#8212;&#8212;&#8212;&#8212;&#8212;&#8212;&#8212;&#8212;&#8212;&#8212;&#8212;&#8212;&#8212;&#8212;&#8212;&#8212;&#8212;&#8212;&#8212;&#8212;&#8212;&#8212;&#8212;&#8212;&#8212;&#8212;&#8211;<\/p>\n<\/div>\n<div class=\"MuiBox-root products-app-emotion-1sqbo69\">\n<div data-testid=\"Presentation-product-detail-additional-description-title\"><span style=\"font-family: arial, helvetica, sans-serif; font-size: 10pt;\">V\u0161echny slo\u017eky<\/span><\/div>\n<div data-testid=\"Presentation-product-detail-additional-description-text\"><span style=\"font-family: arial, helvetica, sans-serif; font-size: 10pt;\">AQUA, COCO-CAPRYLATE\/CAPRATE, ISONONYL ISONONANOATE, GLYCERIN, ALCOHOL DENAT., DICAPRYLYL CARBONATE, DISTARCH PHOSPHATE, GLYCERYL STEARATE CITRATE, AMMONIUM ACRYLOYLDIMETHYLTAURATE\/VP COPOLYMER, THEOBROMA GRANDIFLORUM SEED BUTTER, CETEARYL ALCOHOL, PLUKENETIA VOLUBILIS SEED OIL, XANTHAN GUM, SODIUM HYALURONATE, TOCOPHEROL, BENZYL ALCOHOL, TETRASODIUM GLUTAMATE DIACETATE, PARFUM, BENZOIC ACID, DEHYDROACETIC ACID, PHENOXYETHANOL<\/span><\/div>\n<\/div>\n<\/div>\n<\/div>\n<\/div>\n<\/div>\n","protected":false},"excerpt":{"rendered":"<div class=\"products-app-emotion-dbszwy\" data-testid=\"Presentation-product-detail-info\"><span style=\"font-family: arial, helvetica, sans-serif; color: #000000;\">Omlazuj\u00edc\u00ed no\u010dn\u00ed maska pro intenzivn\u00ed v\u00fd\u017eivu a mimo\u0159\u00e1dnou hydrataci, kter\u00e1 pleti vdechne novou energii. Jako 8 hodin sp\u00e1nku pro kr\u00e1sn\u011bj\u0161\u00ed, mladistv\u011bj\u0161\u00ed ple\u0165.<\/span><\/div>\n<div class=\"products-app-emotion-1xez6c\">\n<ul>\n<li class=\"products-app-emotion-1nbawnw\" data-testid=\"Presentation-product-detail-benefit\"><span style=\"font-family: arial, helvetica, sans-serif; color: #000000;\">V\u00fdrazn\u011b zm\u00edr\u0148uje zn\u00e1mky \u00fanavy*<\/span><\/li>\n<li class=\"products-app-emotion-1nbawnw\" data-testid=\"Presentation-product-detail-benefit\"><span style=\"font-family: arial, helvetica, sans-serif; color: #000000;\">Okam\u017eit\u00fd p\u0159\u00edliv hydratace, kter\u00e1 vydr\u017e\u00ed 24 hodin \u2013 klinicky prok\u00e1z\u00e1no<\/span><\/li>\n<li class=\"products-app-emotion-1nbawnw\" data-testid=\"Presentation-product-detail-benefit\"><span style=\"font-family: arial, helvetica, sans-serif; color: #000000;\">Viditeln\u011b pevn\u011bj\u0161\u00ed ple\u0165 a redukovan\u00e9 jemn\u00e9 linky ji\u017e po 2 t\u00fddnech pou\u017e\u00edv\u00e1n\u00ed<\/span><\/li>\n<\/ul>\n<p><span style=\"font-family: arial, helvetica, sans-serif; color: #000000;\">50ml<\/span><\/p>\n<\/div>\n<div class=\"woocommerce-product-details__short-description\">\n<p><span style=\"font-family: arial, helvetica, sans-serif; font-size: 10pt;\">Nejni\u017e\u0161\u00ed cena platn\u00e1 ve 30 dnech p\u0159ed platnost\u00ed sou\u010dasn\u00e9 ceny byla 370 K\u010d.<\/span><\/p>\n<\/div>\n","protected":false},"featured_media":6068,"comment_status":"closed","ping_status":"closed","template":"","meta":[],"pwb-brand":[27],"product_brand":[91],"product_cat":[39,30],"product_tag":[],"class_list":{"0":"post-1443","1":"product","2":"type-product","3":"status-publish","4":"has-post-thumbnail","6":"pwb-brand-https-cz-oriflame-com-cataloguesstorebeautyobchod","7":"product_brand-oriflame","8":"product_cat-nocni-pece","9":"product_cat-pece-o-plet","11":"first","12":"instock","13":"sale","14":"taxable","15":"shipping-taxable","16":"purchasable","17":"product-type-simple"},"brands":[{"id":27,"name":"Oriflame","slug":"https-cz-oriflame-com-cataloguesstorebeautyobchod"}],"_links":{"self":[{"href":"https:\/\/priroda-uvadi.cz\/beauty\/wp-json\/wp\/v2\/product\/1443","targetHints":{"allow":["GET"]}}],"collection":[{"href":"https:\/\/priroda-uvadi.cz\/beauty\/wp-json\/wp\/v2\/product"}],"about":[{"href":"https:\/\/priroda-uvadi.cz\/beauty\/wp-json\/wp\/v2\/types\/product"}],"replies":[{"embeddable":true,"href":"https:\/\/priroda-uvadi.cz\/beauty\/wp-json\/wp\/v2\/comments?post=1443"}],"wp:featuredmedia":[{"embeddable":true,"href":"https:\/\/priroda-uvadi.cz\/beauty\/wp-json\/wp\/v2\/media\/6068"}],"wp:attachment":[{"href":"https:\/\/priroda-uvadi.cz\/beauty\/wp-json\/wp\/v2\/media?parent=1443"}],"wp:term":[{"taxonomy":"pwb-brand","embeddable":true,"href":"https:\/\/priroda-uvadi.cz\/beauty\/wp-json\/wp\/v2\/pwb-brand?post=1443"},{"taxonomy":"product_brand","embeddable":true,"href":"https:\/\/priroda-uvadi.cz\/beauty\/wp-json\/wp\/v2\/product_brand?post=1443"},{"taxonomy":"product_cat","embeddable":true,"href":"https:\/\/priroda-uvadi.cz\/beauty\/wp-json\/wp\/v2\/product_cat?post=1443"},{"taxonomy":"product_tag","embeddable":true,"href":"https:\/\/priroda-uvadi.cz\/beauty\/wp-json\/wp\/v2\/product_tag?post=1443"}],"curies":[{"name":"wp","href":"https:\/\/api.w.org\/{rel}","templated":true}]}}