{"id":1090,"date":"2021-04-07T12:50:14","date_gmt":"2021-04-07T10:50:14","guid":{"rendered":"https:\/\/priroda-uvadi.cz\/beauty\/?post_type=product&#038;p=1090"},"modified":"2026-04-14T18:15:06","modified_gmt":"2026-04-14T16:15:06","slug":"cestovni-parfemovana-voda-possess-s-rozprasovacem","status":"publish","type":"product","link":"https:\/\/priroda-uvadi.cz\/beauty\/produkt\/cestovni-parfemovana-voda-possess-s-rozprasovacem\/","title":{"rendered":"Cestovn\u00ed Parf\u00e9movan\u00e1 voda Possess s rozpra\u0161ova\u010dem, 8ml"},"content":{"rendered":"<p><strong><span style=\"font-family: arial, helvetica, sans-serif; color: #000000;\">Slo\u017een\u00ed v\u016fn\u011b:<\/span><\/strong><\/p>\n<p><span style=\"font-family: arial, helvetica, sans-serif; color: #000000;\"><strong>HLAVA:<\/strong> ananas, fr\u00e9zie, grapefruit<\/span><br \/>\n<span style=\"font-family: arial, helvetica, sans-serif; color: #000000;\"><strong>SRDCE:<\/strong> maliny, pomeran\u010dov\u00e9 kv\u011bty, ylang ylang<\/span><br \/>\n<span style=\"font-family: arial, helvetica, sans-serif; color: #000000;\"><strong>T\u011aLO:<\/strong> santalov\u00e9 d\u0159evo, pa\u010duli, tonkov\u00e9 boby<\/span><\/p>\n","protected":false},"excerpt":{"rendered":"<p><span style=\"font-family: arial, helvetica, sans-serif; color: #000000;\">Nad\u010dasov\u00e1, jisk\u0159iv\u00e1, ale intenzivn\u011b sv\u016fdn\u00e1 parf\u00e9movan\u00e1 voda Possess v praktick\u00e9m spreji velikosti kabelky je ide\u00e1ln\u00ed pro \u017eenu v pohybu. Tato sexy z\u00e1\u0159iv\u00e1 v\u016fn\u011b, opojn\u011b l\u00e1kav\u00e1 s t\u00f3ny ylang ylang, vrh\u00e1 hypnotick\u00e9 kouzlo p\u0159ita\u017elivosti. <\/span><\/p>\n<p><span style=\"font-family: arial, helvetica, sans-serif; color: #000000;\">8ml<\/span><\/p>\n<div class=\"woocommerce-product-details__short-description\">\n<div class=\"woocommerce-product-details__short-description\">\n<div class=\"woocommerce-product-details__short-description\">\n<div class=\"woocommerce-product-details__short-description\">\n<p><span style=\"font-family: arial, helvetica, sans-serif; font-size: 10pt;\">Nejni\u017e\u0161\u00ed cena platn\u00e1 ve 30 dnech p\u0159ed platnost\u00ed sou\u010dasn\u00e9 ceny byla 139 K\u010d.<\/span><\/p>\n<\/div>\n<\/div>\n<\/div>\n<\/div>\n","protected":false},"featured_media":1091,"comment_status":"closed","ping_status":"closed","template":"","meta":[],"pwb-brand":[27],"product_brand":[91],"product_cat":[17],"product_tag":[],"class_list":{"0":"post-1090","1":"product","2":"type-product","3":"status-publish","4":"has-post-thumbnail","6":"pwb-brand-https-cz-oriflame-com-cataloguesstorebeautyobchod","7":"product_brand-oriflame","8":"product_cat-vune-zeny","10":"first","11":"instock","12":"sale","13":"taxable","14":"shipping-taxable","15":"purchasable","16":"product-type-simple"},"brands":[{"id":27,"name":"Oriflame","slug":"https-cz-oriflame-com-cataloguesstorebeautyobchod"}],"_links":{"self":[{"href":"https:\/\/priroda-uvadi.cz\/beauty\/wp-json\/wp\/v2\/product\/1090","targetHints":{"allow":["GET"]}}],"collection":[{"href":"https:\/\/priroda-uvadi.cz\/beauty\/wp-json\/wp\/v2\/product"}],"about":[{"href":"https:\/\/priroda-uvadi.cz\/beauty\/wp-json\/wp\/v2\/types\/product"}],"replies":[{"embeddable":true,"href":"https:\/\/priroda-uvadi.cz\/beauty\/wp-json\/wp\/v2\/comments?post=1090"}],"wp:featuredmedia":[{"embeddable":true,"href":"https:\/\/priroda-uvadi.cz\/beauty\/wp-json\/wp\/v2\/media\/1091"}],"wp:attachment":[{"href":"https:\/\/priroda-uvadi.cz\/beauty\/wp-json\/wp\/v2\/media?parent=1090"}],"wp:term":[{"taxonomy":"pwb-brand","embeddable":true,"href":"https:\/\/priroda-uvadi.cz\/beauty\/wp-json\/wp\/v2\/pwb-brand?post=1090"},{"taxonomy":"product_brand","embeddable":true,"href":"https:\/\/priroda-uvadi.cz\/beauty\/wp-json\/wp\/v2\/product_brand?post=1090"},{"taxonomy":"product_cat","embeddable":true,"href":"https:\/\/priroda-uvadi.cz\/beauty\/wp-json\/wp\/v2\/product_cat?post=1090"},{"taxonomy":"product_tag","embeddable":true,"href":"https:\/\/priroda-uvadi.cz\/beauty\/wp-json\/wp\/v2\/product_tag?post=1090"}],"curies":[{"name":"wp","href":"https:\/\/api.w.org\/{rel}","templated":true}]}}