{"id":1079,"date":"2021-04-07T11:34:16","date_gmt":"2021-04-07T09:34:16","guid":{"rendered":"https:\/\/priroda-uvadi.cz\/beauty\/?post_type=product&#038;p=1079"},"modified":"2026-04-27T14:12:23","modified_gmt":"2026-04-27T12:12:23","slug":"telovy-sprej-giordani-gold-essenza","status":"publish","type":"product","link":"https:\/\/priroda-uvadi.cz\/beauty\/produkt\/telovy-sprej-giordani-gold-essenza\/","title":{"rendered":"T\u011blov\u00fd sprej Giordani Gold Essenza, 75ml"},"content":{"rendered":"<p><strong><span style=\"font-family: arial, helvetica, sans-serif; font-size: 12pt; color: #000000;\">Slo\u017een\u00ed v\u016fn\u011b:<\/span><\/strong><\/p>\n<p><strong><span style=\"font-family: arial, helvetica, sans-serif; font-size: 12pt; color: #000000;\">HLAVA:<\/span><\/strong> <span style=\"font-family: arial, helvetica, sans-serif; font-size: 12pt; color: #000000;\"><span class=\"notranslate\">p\u0159\u00edrodn\u00ed bergamot, citron, mandarinka<\/span><\/span><\/p>\n<p><strong><span style=\"font-family: arial, helvetica, sans-serif; font-size: 12pt; color: #000000;\">SRDCE:<\/span><\/strong><span style=\"font-family: arial, helvetica, sans-serif; font-size: 12pt; color: #000000;\"><span class=\"notranslate\"> pomeran\u010dov\u00e9 kv\u011bty, jasm\u00ednu, zelen\u00e9 mandle<\/span><\/span><\/p>\n<p><strong><span style=\"font-family: arial, helvetica, sans-serif; font-size: 12pt; color: #000000;\">T\u011aLO: <\/span><\/strong><span style=\"font-family: arial, helvetica, sans-serif; font-size: 12pt; color: #000000;\"><span class=\"notranslate\">tosk\u00e1nsk\u00e9 d\u0159evo, jantar, pi\u017emo<\/span><\/span><\/p>\n","protected":false},"excerpt":{"rendered":"<p><span style=\"font-family: arial, helvetica, sans-serif; color: #000000;\">Srdcem z\u00e1\u0159iv\u00e9 kompozice Giordani Gold Essenza je exkluzivn\u00ed t\u00f3n esence z pomeran\u010dov\u00fdch kv\u00edtk\u016f. P\u0159epychov\u00e1 ovocn\u00e1 kv\u011btinov\u00e1 v\u016fn\u011b pln\u00e1 inspirace pro kr\u00e1sn\u00fd \u017eivot. <\/span><\/p>\n<p><span style=\"font-family: arial, helvetica, sans-serif; color: #000000;\">75ml<\/span><\/p>\n<div class=\"woocommerce-product-details__short-description\">\n<div class=\"woocommerce-product-details__short-description\">\n<div class=\"woocommerce-product-details__short-description\">\n<div class=\"product-detail-1vqfu33\">\n<div class=\"product-detail-uyp0pw\">\n<div class=\"woocommerce-product-details__short-description\">\n<div class=\"product-detail-yv4fe8\">\n<div class=\"product-detail-v4i4af\">\n<div>\n<div class=\"woocommerce-product-details__short-description\">\n<div class=\"woocommerce-product-details__short-description\">\n<div class=\"product-detail-1yhj3ra\">\n<p class=\"product-detail-17mztir\" data-testid=\"Presentation-product-detail-LowestPreviousPrice\"><span style=\"font-family: arial, helvetica, sans-serif; font-size: 10pt;\">Nejni\u017e\u0161\u00ed cena platn\u00e1 ve 30 dnech p\u0159ed platnost\u00ed sou\u010dasn\u00e9 ceny byla 140 K\u010d<\/span><\/p>\n<\/div>\n<\/div>\n<\/div>\n<\/div>\n<\/div>\n<\/div>\n<\/div>\n<\/div>\n<\/div>\n<\/div>\n<\/div>\n<\/div>\n","protected":false},"featured_media":1080,"comment_status":"closed","ping_status":"closed","template":"","meta":[],"pwb-brand":[27],"product_brand":[91],"product_cat":[65,17],"product_tag":[],"class_list":{"0":"post-1079","1":"product","2":"type-product","3":"status-publish","4":"has-post-thumbnail","6":"pwb-brand-https-cz-oriflame-com-cataloguesstorebeautyobchod","7":"product_brand-oriflame","8":"product_cat-telovy-sprej","9":"product_cat-vune-zeny","11":"first","12":"instock","13":"sale","14":"taxable","15":"shipping-taxable","16":"purchasable","17":"product-type-simple"},"brands":[{"id":27,"name":"Oriflame","slug":"https-cz-oriflame-com-cataloguesstorebeautyobchod"}],"_links":{"self":[{"href":"https:\/\/priroda-uvadi.cz\/beauty\/wp-json\/wp\/v2\/product\/1079","targetHints":{"allow":["GET"]}}],"collection":[{"href":"https:\/\/priroda-uvadi.cz\/beauty\/wp-json\/wp\/v2\/product"}],"about":[{"href":"https:\/\/priroda-uvadi.cz\/beauty\/wp-json\/wp\/v2\/types\/product"}],"replies":[{"embeddable":true,"href":"https:\/\/priroda-uvadi.cz\/beauty\/wp-json\/wp\/v2\/comments?post=1079"}],"wp:featuredmedia":[{"embeddable":true,"href":"https:\/\/priroda-uvadi.cz\/beauty\/wp-json\/wp\/v2\/media\/1080"}],"wp:attachment":[{"href":"https:\/\/priroda-uvadi.cz\/beauty\/wp-json\/wp\/v2\/media?parent=1079"}],"wp:term":[{"taxonomy":"pwb-brand","embeddable":true,"href":"https:\/\/priroda-uvadi.cz\/beauty\/wp-json\/wp\/v2\/pwb-brand?post=1079"},{"taxonomy":"product_brand","embeddable":true,"href":"https:\/\/priroda-uvadi.cz\/beauty\/wp-json\/wp\/v2\/product_brand?post=1079"},{"taxonomy":"product_cat","embeddable":true,"href":"https:\/\/priroda-uvadi.cz\/beauty\/wp-json\/wp\/v2\/product_cat?post=1079"},{"taxonomy":"product_tag","embeddable":true,"href":"https:\/\/priroda-uvadi.cz\/beauty\/wp-json\/wp\/v2\/product_tag?post=1079"}],"curies":[{"name":"wp","href":"https:\/\/api.w.org\/{rel}","templated":true}]}}