{"id":5941,"date":"2024-05-20T16:20:20","date_gmt":"2024-05-20T14:20:20","guid":{"rendered":"https:\/\/priroda-uvadi.cz\/beauty\/?page_id=5941"},"modified":"2024-05-20T16:23:14","modified_gmt":"2024-05-20T14:23:14","slug":"oriflame-zakaznicky-ucet","status":"publish","type":"page","link":"https:\/\/priroda-uvadi.cz\/beauty\/oriflame-zakaznicky-ucet\/","title":{"rendered":"ORIFLAME Z\u00c1KAZNICK\u00dd \u00da\u010cET"},"content":{"rendered":"<p style=\"text-align: center;\"><span style=\"color: #000000;\"><strong><span style=\"font-family: arial, helvetica, sans-serif;\">P\u0159idejte se pr\u00e1v\u011b te\u010f k nad\u0161en\u00fdm p\u0159\u00edznivc\u016fm kosmetiky Oriflame!<\/span><\/strong><\/span><\/p>\n<p style=\"text-align: center;\"><span style=\"font-family: arial, helvetica, sans-serif; color: #000000;\">Sta\u0148te se z\u00e1kazn\u00edkem a objedn\u00e1vejte v\u0161echny produkty Oriflame z pohodl\u00ed domova.<\/span><\/p>\n<p style=\"text-align: center;\"><span style=\"font-family: arial, helvetica, sans-serif; color: #000000;\">Na uv\u00edtanou z\u00edsk\u00e1te 15% slevu na svoji objedn\u00e1vku.<\/span><br \/>\n<span style=\"font-family: arial, helvetica, sans-serif; color: #000000;\">To, ale nen\u00ed v\u0161e, z t\u00e9 stejn\u00e9 objedn\u00e1vky i dal\u0161\u00edch objedn\u00e1vek, kter\u00e9 v budoucnu uskute\u010dn\u00edte z\u00edsk\u00e1te 15% cashback.<\/span><br \/>\n<span style=\"font-family: arial, helvetica, sans-serif; color: #000000;\">\u00a0\u00a0<\/span><br \/>\n<span style=\"font-family: arial, helvetica, sans-serif; color: #000000;\">Program V\u00edtejte v Oriflame je p\u0159ipraven pro ka\u017ed\u00e9ho nov\u00e9ho z\u00e1kazn\u00edka.<\/span><\/p>\n<p style=\"text-align: center;\"><span style=\"font-family: arial, helvetica, sans-serif; color: #000000;\">Doporu\u010dte sv\u00fdm kamar\u00e1d\u016fm, zn\u00e1m\u00fdm, aby se tak\u00e9 stali z\u00e1kazn\u00edky Oriflame a z\u00edsk\u00e1te 10% z \u010dist\u00e9 hodnoty ka\u017ed\u00e9ho nov\u00e9ho z\u00e1kazn\u00edka, kter\u00e9ho p\u0159ivedete.<\/span><\/p>\n<p>&nbsp;<\/p>\n<table style=\"border-collapse: collapse; width: 100%;\">\n<tbody>\n<tr>\n<td style=\"width: 33.3333%;\"><a href=\"https:\/\/cz.oriflame.com\/member-benefits?store=beautyobchod\" target=\"_blank\" rel=\"noopener\"><img loading=\"lazy\" decoding=\"async\" class=\"aligncenter wp-image-27182\" src=\"https:\/\/priroda-uvadi.cz\/wp-content\/uploads\/2024\/01\/uvitaci-sleva_1.jpg\" alt=\"Uv\u00edtac\u00ed sleva 15%\" width=\"400\" height=\"712\" \/><\/a><\/td>\n<td style=\"width: 33.3333%;\"><a href=\"https:\/\/cz.oriflame.com\/member-benefits?store=beautyobchod\" target=\"_blank\" rel=\"noopener\"><img loading=\"lazy\" decoding=\"async\" class=\"alignright wp-image-27184\" src=\"https:\/\/priroda-uvadi.cz\/wp-content\/uploads\/2024\/01\/cashback-15.jpg\" alt=\"15% cashback z ka\u017ed\u00e9 svoji objedn\u00e1vky\" width=\"400\" height=\"712\" \/><\/a><\/td>\n<td style=\"width: 33.3333%;\"><a href=\"https:\/\/cz.oriflame.com\/member-benefits?store=beautyobchod\" target=\"_blank\" rel=\"noopener\"><img loading=\"lazy\" decoding=\"async\" class=\"aligncenter wp-image-27183\" src=\"https:\/\/priroda-uvadi.cz\/wp-content\/uploads\/2024\/01\/doprava.jpg\" alt=\"Doprava zdarma s vybran\u00fdmi produkty\" width=\"400\" height=\"712\" \/><\/a><\/td>\n<\/tr>\n<tr>\n<td style=\"width: 33.3333%;\"><a href=\"https:\/\/cz.oriflame.com\/member-benefits?store=beautyobchod\" target=\"_blank\" rel=\"noopener\"><img loading=\"lazy\" decoding=\"async\" class=\"aligncenter wp-image-27185 size-full\" src=\"https:\/\/priroda-uvadi.cz\/wp-content\/uploads\/2024\/01\/cashback_1.jpg\" alt=\"15%cashback , jak funguje\" width=\"464\" height=\"826\" \/><\/a><\/td>\n<td style=\"width: 33.3333%;\"><a href=\"https:\/\/cz.oriflame.com\/member-benefits?store=beautyobchod\" target=\"_blank\" rel=\"noopener\"><img loading=\"lazy\" decoding=\"async\" class=\"aligncenter wp-image-27187 size-full\" src=\"https:\/\/priroda-uvadi.cz\/wp-content\/uploads\/2024\/01\/sleva-za-doporuceni.jpg\" alt=\"Sleva za doporu\u010den\u00ed\" width=\"464\" height=\"826\" \/><\/a><\/td>\n<td style=\"width: 33.3333%;\"><a href=\"https:\/\/cz.oriflame.com\/member-benefits?store=beautyobchod\" target=\"_blank\" rel=\"noopener\"><img loading=\"lazy\" decoding=\"async\" class=\"aligncenter wp-image-27188 size-full\" src=\"https:\/\/priroda-uvadi.cz\/wp-content\/uploads\/2024\/01\/vitejte-v-oriflame.jpg\" alt=\"Program V\u00edtejte v Oriflame\" width=\"464\" height=\"826\" \/><\/a><\/td>\n<\/tr>\n<\/tbody>\n<\/table>\n","protected":false},"excerpt":{"rendered":"<p>P\u0159idejte se pr\u00e1v\u011b te\u010f k nad\u0161en\u00fdm p\u0159\u00edznivc\u016fm kosmetiky Oriflame! Sta\u0148te se z\u00e1kazn\u00edkem a objedn\u00e1vejte v\u0161echny produkty Oriflame z pohodl\u00ed domova. Na uv\u00edtanou z\u00edsk\u00e1te 15% slevu na svoji objedn\u00e1vku. To, ale nen\u00ed v\u0161e, z t\u00e9 stejn\u00e9 objedn\u00e1vky i dal\u0161\u00edch objedn\u00e1vek, kter\u00e9 v budoucnu uskute\u010dn\u00edte z\u00edsk\u00e1te 15% cashback. \u00a0\u00a0 Program V\u00edtejte v Oriflame je p\u0159ipraven pro ka\u017ed\u00e9ho &hellip; <\/p>\n<p class=\"link-more\"><a href=\"https:\/\/priroda-uvadi.cz\/beauty\/oriflame-zakaznicky-ucet\/\" class=\"more-link\">Continue reading<span class=\"screen-reader-text\"> &#8222;ORIFLAME Z\u00c1KAZNICK\u00dd \u00da\u010cET&#8220;<\/span><\/a><\/p>\n","protected":false},"author":1,"featured_media":0,"parent":0,"menu_order":0,"comment_status":"closed","ping_status":"closed","template":"full-width.php","meta":{"footnotes":""},"class_list":["post-5941","page","type-page","status-publish","hentry"],"_links":{"self":[{"href":"https:\/\/priroda-uvadi.cz\/beauty\/wp-json\/wp\/v2\/pages\/5941","targetHints":{"allow":["GET"]}}],"collection":[{"href":"https:\/\/priroda-uvadi.cz\/beauty\/wp-json\/wp\/v2\/pages"}],"about":[{"href":"https:\/\/priroda-uvadi.cz\/beauty\/wp-json\/wp\/v2\/types\/page"}],"author":[{"embeddable":true,"href":"https:\/\/priroda-uvadi.cz\/beauty\/wp-json\/wp\/v2\/users\/1"}],"replies":[{"embeddable":true,"href":"https:\/\/priroda-uvadi.cz\/beauty\/wp-json\/wp\/v2\/comments?post=5941"}],"version-history":[{"count":2,"href":"https:\/\/priroda-uvadi.cz\/beauty\/wp-json\/wp\/v2\/pages\/5941\/revisions"}],"predecessor-version":[{"id":5943,"href":"https:\/\/priroda-uvadi.cz\/beauty\/wp-json\/wp\/v2\/pages\/5941\/revisions\/5943"}],"wp:attachment":[{"href":"https:\/\/priroda-uvadi.cz\/beauty\/wp-json\/wp\/v2\/media?parent=5941"}],"curies":[{"name":"wp","href":"https:\/\/api.w.org\/{rel}","templated":true}]}}