{"id":5937,"date":"2024-05-20T16:03:55","date_gmt":"2024-05-20T14:03:55","guid":{"rendered":"https:\/\/priroda-uvadi.cz\/beauty\/?page_id=5937"},"modified":"2024-05-20T16:23:57","modified_gmt":"2024-05-20T14:23:57","slug":"farmasi-online-katalog","status":"publish","type":"page","link":"https:\/\/priroda-uvadi.cz\/beauty\/farmasi-online-katalog\/","title":{"rendered":"FARMASI ONLINE KATALOG"},"content":{"rendered":"<div class=\"entry-content\">\n<p style=\"text-align: center;\"><span style=\"font-family: arial, helvetica, sans-serif;\"><strong>D\u011aKUJI, \u017dE JSTE SE ROZHODLI PRO PRDUKTY SPOLE\u010cNOSTI FARMASI<br \/>\n<\/strong><\/span><\/p>\n<p style=\"text-align: center;\"><span style=\"font-family: arial, helvetica, sans-serif;\">Produkty Farmasi nenajdete v \u017e\u00e1dn\u00e9m obchod\u011b. Jsou nab\u00edzeny p\u0159es aktivn\u00ed \u010dleny Farmasi. N\u00e1kup lze uskute\u010dnit online p\u0159es\u00a0<strong><a href=\"https:\/\/farmasi.cz\/inka\/catalog\" target=\"_blank\" rel=\"noopener\">SPECI\u00c1LN\u00cd LINK<\/a><\/strong>. Tento link V\u00e1s p\u0159esm\u011bruje na ofici\u00e1ln\u00ed str\u00e1nky Farmasi, kde nakoup\u00edte a objedn\u00e1vku si nech\u00e1te zaslat na adresu spole\u010dnost\u00ed GLS nebo do Z\u00e1silkovny.<\/span><\/p>\n<p style=\"text-align: center;\"><span style=\"font-family: arial, helvetica, sans-serif;\">Farmasi neumo\u017e\u0148uje vytvo\u0159en\u00ed si vlastn\u00edho eshopu. Proto u ka\u017ed\u00e9ho p\u0159\u00edsp\u011bvku a jednotliv\u00fdch produkt\u016f najdete pouze z\u00e1kladn\u00ed info a kliknut\u00edm na produkty a p\u0159\u00edsp\u011bvky budete v\u017edy p\u0159esm\u011brov\u00e1ni na\u00a0<strong><a href=\"https:\/\/www.farmasi.cz\/inka\" target=\"_blank\" rel=\"noopener\">ofici\u00e1ln\u00ed web Farmasi.<\/a><\/strong><\/span><\/p>\n<p style=\"text-align: center;\"><span style=\"font-family: arial, helvetica, sans-serif;\">Pokud budete v pr\u016fb\u011bhu objedn\u00e1v\u00e1n\u00ed pot\u0159ebovat poradit s v\u00fdb\u011brem jednotliv\u00fdch produkt\u016f, obra\u0165e se na m\u011b. Pokud byste p\u0159i p\u0159evzet\u00ed objedn\u00e1vky zjistili jak\u00e9koli nesrovnalosti, tak\u00e9 se obra\u0165te na m\u011b. V\u017edy tu budu pro V\u00e1s, aby V\u00e1\u0161 n\u00e1kup u Farmasi prob\u011bhl k Va\u0161\u00ed spokojenosti.<\/span><\/p>\n<p style=\"text-align: center;\"><strong><span style=\"font-family: arial, helvetica, sans-serif;\">Klikn\u011bte na obr\u00e1zek katalogu a budete p\u0159esm\u011brov\u00e1n\u00ed na online katalog.<\/span><br \/>\n<\/strong><\/p>\n<p><a href=\"https:\/\/www.farmasi.cz\/inka\/catalog\" target=\"_blank\" rel=\"noopener\"><img loading=\"lazy\" decoding=\"async\" class=\"aligncenter wp-image-28000 size-full\" src=\"https:\/\/priroda-uvadi.cz\/wp-content\/uploads\/2024\/05\/katalog-1.jpg\" alt=\"KATALOG FARMASI, ONLINE N\u00c1KUP\" width=\"550\" height=\"240\" \/><\/a><\/p>\n<p>&nbsp;<\/p>\n<p>&nbsp;<\/p>\n<\/div>\n","protected":false},"excerpt":{"rendered":"<p>D\u011aKUJI, \u017dE JSTE SE ROZHODLI PRO PRDUKTY SPOLE\u010cNOSTI FARMASI Produkty Farmasi nenajdete v \u017e\u00e1dn\u00e9m obchod\u011b. Jsou nab\u00edzeny p\u0159es aktivn\u00ed \u010dleny Farmasi. N\u00e1kup lze uskute\u010dnit online p\u0159es\u00a0SPECI\u00c1LN\u00cd LINK. Tento link V\u00e1s p\u0159esm\u011bruje na ofici\u00e1ln\u00ed str\u00e1nky Farmasi, kde nakoup\u00edte a objedn\u00e1vku si nech\u00e1te zaslat na adresu spole\u010dnost\u00ed GLS nebo do Z\u00e1silkovny. Farmasi neumo\u017e\u0148uje vytvo\u0159en\u00ed si vlastn\u00edho eshopu. &hellip; <\/p>\n<p class=\"link-more\"><a href=\"https:\/\/priroda-uvadi.cz\/beauty\/farmasi-online-katalog\/\" class=\"more-link\">Continue reading<span class=\"screen-reader-text\"> &#8222;FARMASI ONLINE KATALOG&#8220;<\/span><\/a><\/p>\n","protected":false},"author":1,"featured_media":0,"parent":0,"menu_order":0,"comment_status":"closed","ping_status":"closed","template":"full-width.php","meta":{"footnotes":""},"class_list":["post-5937","page","type-page","status-publish","hentry"],"_links":{"self":[{"href":"https:\/\/priroda-uvadi.cz\/beauty\/wp-json\/wp\/v2\/pages\/5937","targetHints":{"allow":["GET"]}}],"collection":[{"href":"https:\/\/priroda-uvadi.cz\/beauty\/wp-json\/wp\/v2\/pages"}],"about":[{"href":"https:\/\/priroda-uvadi.cz\/beauty\/wp-json\/wp\/v2\/types\/page"}],"author":[{"embeddable":true,"href":"https:\/\/priroda-uvadi.cz\/beauty\/wp-json\/wp\/v2\/users\/1"}],"replies":[{"embeddable":true,"href":"https:\/\/priroda-uvadi.cz\/beauty\/wp-json\/wp\/v2\/comments?post=5937"}],"version-history":[{"count":1,"href":"https:\/\/priroda-uvadi.cz\/beauty\/wp-json\/wp\/v2\/pages\/5937\/revisions"}],"predecessor-version":[{"id":5938,"href":"https:\/\/priroda-uvadi.cz\/beauty\/wp-json\/wp\/v2\/pages\/5937\/revisions\/5938"}],"wp:attachment":[{"href":"https:\/\/priroda-uvadi.cz\/beauty\/wp-json\/wp\/v2\/media?parent=5937"}],"curies":[{"name":"wp","href":"https:\/\/api.w.org\/{rel}","templated":true}]}}